{"id":6017,"date":"2025-07-07T14:55:50","date_gmt":"2025-07-07T12:55:50","guid":{"rendered":"https:\/\/aidssh.instant.al\/?page_id=6017"},"modified":"2025-07-07T14:58:50","modified_gmt":"2025-07-07T12:58:50","slug":"regjistri-i-parashikimeve-te-prokurimit-publik","status":"publish","type":"page","link":"https:\/\/aidssh.al\/en\/programi-i-transparences\/regjistri-i-parashikimeve-te-prokurimit-publik\/","title":{"rendered":"Regjistri i parashikimeve t\u00eb prokurimit publik"},"content":{"rendered":"<div data-elementor-type=\"wp-page\" data-elementor-id=\"6017\" class=\"elementor elementor-6017\" data-elementor-post-type=\"page\">\n\t\t\t\t<div class=\"elementor-element elementor-element-c12f339 e-con-full e-flex e-con e-parent\" data-id=\"c12f339\" data-element_type=\"container\">\n\t\t\t\t<div class=\"elementor-element elementor-element-8301bea elementor-widget elementor-widget-template\" data-id=\"8301bea\" data-element_type=\"widget\" data-widget_type=\"template.default\">\n\t\t\t\t<div class=\"elementor-widget-container\">\n\t\t\t\t\t\t\t<div class=\"elementor-template\">\n\t\t\t\t\t<div data-elementor-type=\"container\" data-elementor-id=\"866\" class=\"elementor elementor-866\" data-elementor-post-type=\"elementor_library\">\n\t\t\t\t<div class=\"elementor-element elementor-element-58c6923c e-flex e-con-boxed e-con e-parent\" data-id=\"58c6923c\" data-element_type=\"container\" data-settings=\"{&quot;background_background&quot;:&quot;classic&quot;}\">\n\t\t\t\t\t<div class=\"e-con-inner\">\n\t\t\t\t<div class=\"elementor-element elementor-element-3356bc54 elementor-widget elementor-widget-heading\" data-id=\"3356bc54\" data-element_type=\"widget\" data-widget_type=\"heading.default\">\n\t\t\t\t<div class=\"elementor-widget-container\">\n\t\t\t\t\t<h1 class=\"elementor-heading-title elementor-size-default\">Regjistri i parashikimeve t\u00eb prokurimit publik<\/h1>\t\t\t\t<\/div>\n\t\t\t\t<\/div>\n\t\t\t\t\t<\/div>\n\t\t\t\t<\/div>\n\t\t\t\t<\/div>\n\t\t\t\t<\/div>\n\t\t\t\t\t\t<\/div>\n\t\t\t\t<\/div>\n\t\t\t\t<\/div>\n\t\t<div class=\"elementor-element elementor-element-e4d8605 e-flex e-con-boxed e-con e-parent\" data-id=\"e4d8605\" data-element_type=\"container\">\n\t\t\t\t\t<div class=\"e-con-inner\">\n\t\t\t\t<div class=\"elementor-element elementor-element-adf5c2d elementor-widget elementor-widget-text-editor\" data-id=\"adf5c2d\" data-element_type=\"widget\" data-widget_type=\"text-editor.default\">\n\t\t\t\t<div class=\"elementor-widget-container\">\n\t\t\t\t\t\t\t\t\t<ul><li data-start=\"50\" data-end=\"105\"><p data-start=\"52\" data-end=\"105\"><a href=\"https:\/\/aidssh.al\/wp-content\/uploads\/2025\/07\/WF_ProcurementPlan1.pdf\">Regjistri i parashikimeve t\u00eb prokurimit publik 2025<\/a><\/p><\/li><li data-start=\"106\" data-end=\"161\"><p data-start=\"108\" data-end=\"161\"><a href=\"https:\/\/aidssh.al\/wp-content\/uploads\/2025\/07\/Regjistri-i-parashikimeve-per-prokurime-publike-per-vitin-2024-Autoritetit-i-rishikuar.pdf\">Regjistri i parashikimeve t\u00eb prokurimit publik 2024<\/a><\/p><\/li><li data-start=\"162\" data-end=\"215\"><p data-start=\"164\" data-end=\"215\"><a href=\"https:\/\/aidssh.al\/wp-content\/uploads\/2025\/07\/Regjistri-i-parashikimeve-2023-2.pdf\">Regjistri i parashikimeve t\u00eb prokurimit publik 2023<\/a><\/p><\/li><\/ul>\t\t\t\t\t\t\t\t<\/div>\n\t\t\t\t<\/div>\n\t\t\t\t\t<\/div>\n\t\t\t\t<\/div>\n\t\t\t\t<\/div>","protected":false},"excerpt":{"rendered":"<p>Regjistri i parashikimeve t\u00eb prokurimit publik 2025 Regjistri i parashikimeve t\u00eb prokurimit publik 2024 Regjistri i parashikimeve t\u00eb prokurimit publik 2023<\/p>","protected":false},"author":1,"featured_media":533,"parent":671,"menu_order":0,"comment_status":"closed","ping_status":"closed","template":"","meta":{"_acf_changed":false,"footnotes":""},"class_list":["post-6017","page","type-page","status-publish","has-post-thumbnail","hentry"],"acf":[],"_links":{"self":[{"href":"https:\/\/aidssh.al\/en\/wp-json\/wp\/v2\/pages\/6017","targetHints":{"allow":["GET"]}}],"collection":[{"href":"https:\/\/aidssh.al\/en\/wp-json\/wp\/v2\/pages"}],"about":[{"href":"https:\/\/aidssh.al\/en\/wp-json\/wp\/v2\/types\/page"}],"author":[{"embeddable":true,"href":"https:\/\/aidssh.al\/en\/wp-json\/wp\/v2\/users\/1"}],"replies":[{"embeddable":true,"href":"https:\/\/aidssh.al\/en\/wp-json\/wp\/v2\/comments?post=6017"}],"version-history":[{"count":0,"href":"https:\/\/aidssh.al\/en\/wp-json\/wp\/v2\/pages\/6017\/revisions"}],"up":[{"embeddable":true,"href":"https:\/\/aidssh.al\/en\/wp-json\/wp\/v2\/pages\/671"}],"wp:featuredmedia":[{"embeddable":true,"href":"https:\/\/aidssh.al\/en\/wp-json\/wp\/v2\/media\/533"}],"wp:attachment":[{"href":"https:\/\/aidssh.al\/en\/wp-json\/wp\/v2\/media?parent=6017"}],"curies":[{"name":"wp","href":"https:\/\/api.w.org\/{rel}","templated":true}]}}