{"id":6090,"date":"2025-07-07T16:17:22","date_gmt":"2025-07-07T14:17:22","guid":{"rendered":"https:\/\/aidssh.instant.al\/?page_id=6090"},"modified":"2026-03-06T08:48:18","modified_gmt":"2026-03-06T07:48:18","slug":"regjistri-i-kerkesave-dhe-pergjigjeve-i-perditesuar-sipas-modelit-te-regjistrit-te-miratuar-nga-komisioneri-per-vitin-2025","status":"publish","type":"page","link":"https:\/\/aidssh.al\/en\/programi-i-transparences\/regjistri-i-kerkesave-dhe-pergjigjeve-i-perditesuar-sipas-modelit-te-regjistrit-te-miratuar-nga-komisioneri-per-vitin-2025\/","title":{"rendered":"Regjistri i kerkesave dhe pergjigjeve i perditesuar sipas modelit te regjistrit te miratuar nga komisioneri per vitin 2025"},"content":{"rendered":"<div data-elementor-type=\"wp-page\" data-elementor-id=\"6090\" class=\"elementor elementor-6090\" data-elementor-post-type=\"page\">\n\t\t\t\t<div class=\"elementor-element elementor-element-f3de2c6 e-con-full e-flex e-con e-parent\" data-id=\"f3de2c6\" data-element_type=\"container\">\n\t\t\t\t<div class=\"elementor-element elementor-element-edc1166 elementor-widget elementor-widget-template\" data-id=\"edc1166\" data-element_type=\"widget\" data-widget_type=\"template.default\">\n\t\t\t\t<div class=\"elementor-widget-container\">\n\t\t\t\t\t\t\t<div class=\"elementor-template\">\n\t\t\t\t\t<div data-elementor-type=\"container\" data-elementor-id=\"866\" class=\"elementor elementor-866\" data-elementor-post-type=\"elementor_library\">\n\t\t\t\t<div class=\"elementor-element elementor-element-58c6923c e-flex e-con-boxed e-con e-parent\" data-id=\"58c6923c\" data-element_type=\"container\" data-settings=\"{&quot;background_background&quot;:&quot;classic&quot;}\">\n\t\t\t\t\t<div class=\"e-con-inner\">\n\t\t\t\t<div class=\"elementor-element elementor-element-3356bc54 elementor-widget elementor-widget-heading\" data-id=\"3356bc54\" data-element_type=\"widget\" data-widget_type=\"heading.default\">\n\t\t\t\t<div class=\"elementor-widget-container\">\n\t\t\t\t\t<h1 class=\"elementor-heading-title elementor-size-default\">Regjistri i kerkesave dhe pergjigjeve i perditesuar sipas modelit te regjistrit te miratuar nga komisioneri per vitin 2025<\/h1>\t\t\t\t<\/div>\n\t\t\t\t<\/div>\n\t\t\t\t\t<\/div>\n\t\t\t\t<\/div>\n\t\t\t\t<\/div>\n\t\t\t\t<\/div>\n\t\t\t\t\t\t<\/div>\n\t\t\t\t<\/div>\n\t\t\t\t<\/div>\n\t\t<div class=\"elementor-element elementor-element-45a05a17 e-flex e-con-boxed e-con e-parent\" data-id=\"45a05a17\" data-element_type=\"container\">\n\t\t\t\t\t<div class=\"e-con-inner\">\n\t\t\t\t<div class=\"elementor-element elementor-element-f08355 elementor-widget elementor-widget-text-editor\" data-id=\"f08355\" data-element_type=\"widget\" data-widget_type=\"text-editor.default\">\n\t\t\t\t<div class=\"elementor-widget-container\">\n\t\t\t\t\t\t\t\t\t\n<figure class=\"wp-block-table\">\n<table class=\"has-fixed-layout\" style=\"height: 278px;\" width=\"762\">\n<thead>\n<tr>\n<th>Nr. Rendor<\/th>\n<th>Data e k\u00ebrkes\u00ebs<\/th>\n<th>Objekti i k\u00ebrkes\u00ebs<\/th>\n<th>Data e p\u00ebrgjigjes<\/th>\n<th>P\u00ebrgjigje<\/th>\n<th>Tarifa<\/th>\n<\/tr>\n<\/thead>\n<tbody>\n<tr>\n<td>1.<\/td>\n<td>20.02.2026<\/td>\n<td>K\u00ebrkes\u00eb p\u00ebr informacion nga J.B\u00a0<\/td>\n<td>05.03.2026<\/td>\n<td><a href=\"https:\/\/aidssh.al\/wp-content\/uploads\/2026\/03\/5-mars-pergji-Inst-Stud-Poliitke-regjisterok.pdf\">P\u00ebrgjigje<\/a><\/td>\n<td>No<\/td>\n<\/tr>\n<tr>\n<td>\u00a0<\/td>\n<td>\u00a0<\/td>\n<td>\u00a0<\/td>\n<td>\u00a0<\/td>\n<td>\u00a0<\/td>\n<td>\u00a0<\/td>\n<\/tr>\n<tr>\n<td>\u00a0<\/td>\n<td>\u00a0<\/td>\n<td>\u00a0<\/td>\n<td>\u00a0<\/td>\n<td>\u00a0<\/td>\n<td>\u00a0<\/td>\n<\/tr>\n<tr>\n<td>\u00a0<\/td>\n<td>\u00a0<\/td>\n<td>\u00a0<\/td>\n<td>\u00a0<\/td>\n<td>\u00a0<\/td>\n<td>\u00a0<\/td>\n<\/tr>\n<tr>\n<td>\u00a0<\/td>\n<td>\u00a0<\/td>\n<td>\u00a0<\/td>\n<td>\u00a0<\/td>\n<td>\u00a0<\/td>\n<td>\u00a0<\/td>\n<\/tr>\n<tr>\n<td>\u00a0<\/td>\n<td id=\"\">\u00a0<\/td>\n<td id=\"\">\u00a0<\/td>\n<td id=\"\">\u00a0<\/td>\n<td>\u00a0<\/td>\n<td>\u00a0<\/td>\n<\/tr>\n<tr>\n<td>\u00a0<\/td>\n<td>\u00a0<\/td>\n<td>\u00a0<\/td>\n<td>\u00a0<\/td>\n<td>\u00a0<\/td>\n<td>\u00a0<\/td>\n<\/tr>\n<tr>\n<td>\u00a0<\/td>\n<td>\u00a0<\/td>\n<td>\u00a0<\/td>\n<td>\u00a0<\/td>\n<td>\u00a0<\/td>\n<td>\u00a0<\/td>\n<\/tr>\n<tr>\n<td>\u00a0<\/td>\n<td>\u00a0<\/td>\n<td>\u00a0<\/td>\n<td>\u00a0<\/td>\n<td>\u00a0<\/td>\n<td>\u00a0<\/td>\n<\/tr>\n<\/tbody>\n<\/table>\n<\/figure>\n\n<p>\u00a0<\/p>\n\t\t\t\t\t\t\t\t<\/div>\n\t\t\t\t<\/div>\n\t\t\t\t\t<\/div>\n\t\t\t\t<\/div>\n\t\t\t\t<\/div>","protected":false},"excerpt":{"rendered":"<p>Nr. Rendor Data e k\u00ebrkes\u00ebs Objekti i k\u00ebrkes\u00ebs Data e p\u00ebrgjigjes P\u00ebrgjigje Tarifa 1. 20.02.2026 K\u00ebrkes\u00eb p\u00ebr informacion nga J.B\u00a0 05.03.2026 P\u00ebrgjigje Jo \u00a0 \u00a0 \u00a0 \u00a0 \u00a0 \u00a0 \u00a0 \u00a0 \u00a0 \u00a0 \u00a0 \u00a0 \u00a0 \u00a0 \u00a0 \u00a0 \u00a0 \u00a0 \u00a0 \u00a0 \u00a0 \u00a0 \u00a0 \u00a0 \u00a0 \u00a0 \u00a0 \u00a0 \u00a0 \u00a0 \u00a0 \u00a0 [&hellip;]<\/p>","protected":false},"author":1,"featured_media":533,"parent":671,"menu_order":0,"comment_status":"closed","ping_status":"closed","template":"","meta":{"_acf_changed":false,"footnotes":""},"class_list":["post-6090","page","type-page","status-publish","has-post-thumbnail","hentry"],"acf":[],"_links":{"self":[{"href":"https:\/\/aidssh.al\/en\/wp-json\/wp\/v2\/pages\/6090","targetHints":{"allow":["GET"]}}],"collection":[{"href":"https:\/\/aidssh.al\/en\/wp-json\/wp\/v2\/pages"}],"about":[{"href":"https:\/\/aidssh.al\/en\/wp-json\/wp\/v2\/types\/page"}],"author":[{"embeddable":true,"href":"https:\/\/aidssh.al\/en\/wp-json\/wp\/v2\/users\/1"}],"replies":[{"embeddable":true,"href":"https:\/\/aidssh.al\/en\/wp-json\/wp\/v2\/comments?post=6090"}],"version-history":[{"count":18,"href":"https:\/\/aidssh.al\/en\/wp-json\/wp\/v2\/pages\/6090\/revisions"}],"predecessor-version":[{"id":12391,"href":"https:\/\/aidssh.al\/en\/wp-json\/wp\/v2\/pages\/6090\/revisions\/12391"}],"up":[{"embeddable":true,"href":"https:\/\/aidssh.al\/en\/wp-json\/wp\/v2\/pages\/671"}],"wp:featuredmedia":[{"embeddable":true,"href":"https:\/\/aidssh.al\/en\/wp-json\/wp\/v2\/media\/533"}],"wp:attachment":[{"href":"https:\/\/aidssh.al\/en\/wp-json\/wp\/v2\/media?parent=6090"}],"curies":[{"name":"wp","href":"https:\/\/api.w.org\/{rel}","templated":true}]}}