{"id":6128,"date":"2025-07-07T16:33:27","date_gmt":"2025-07-07T14:33:27","guid":{"rendered":"https:\/\/aidssh.instant.al\/?page_id=6128"},"modified":"2025-07-07T16:36:59","modified_gmt":"2025-07-07T14:36:59","slug":"regjistri-i-kerkesave-dhe-pergjigjeve-i-perditesuar-sipas-modelit-te-regjistrit-te-miratuar-nga-komisioneri-per-vitin-2024","status":"publish","type":"page","link":"https:\/\/aidssh.al\/en\/programi-i-transparences\/regjistri-i-kerkesave-dhe-pergjigjeve-i-perditesuar-sipas-modelit-te-regjistrit-te-miratuar-nga-komisioneri-per-vitin-2024\/","title":{"rendered":"Regjistri i K\u00ebrkesave dhe p\u00ebrgjigjeve i p\u00ebrdit\u00ebsuar (sipas Modelit t\u00eb Regjistrit t\u00eb miratuar nga Komisioneri) p\u00ebr vitin 2024"},"content":{"rendered":"<div data-elementor-type=\"wp-page\" data-elementor-id=\"6128\" class=\"elementor elementor-6128\" data-elementor-post-type=\"page\">\n\t\t\t\t<div class=\"elementor-element elementor-element-e21a067 e-con-full e-flex e-con e-parent\" data-id=\"e21a067\" data-element_type=\"container\">\n\t\t\t\t<div class=\"elementor-element elementor-element-fe08111 elementor-widget elementor-widget-template\" data-id=\"fe08111\" data-element_type=\"widget\" data-widget_type=\"template.default\">\n\t\t\t\t<div class=\"elementor-widget-container\">\n\t\t\t\t\t\t\t<div class=\"elementor-template\">\n\t\t\t\t\t<div data-elementor-type=\"container\" data-elementor-id=\"866\" class=\"elementor elementor-866\" data-elementor-post-type=\"elementor_library\">\n\t\t\t\t<div class=\"elementor-element elementor-element-58c6923c e-flex e-con-boxed e-con e-parent\" data-id=\"58c6923c\" data-element_type=\"container\" data-settings=\"{&quot;background_background&quot;:&quot;classic&quot;}\">\n\t\t\t\t\t<div class=\"e-con-inner\">\n\t\t\t\t<div class=\"elementor-element elementor-element-3356bc54 elementor-widget elementor-widget-heading\" data-id=\"3356bc54\" data-element_type=\"widget\" data-widget_type=\"heading.default\">\n\t\t\t\t<div class=\"elementor-widget-container\">\n\t\t\t\t\t<h1 class=\"elementor-heading-title elementor-size-default\">Regjistri i K\u00ebrkesave dhe p\u00ebrgjigjeve i p\u00ebrdit\u00ebsuar (sipas Modelit t\u00eb Regjistrit t\u00eb miratuar nga Komisioneri) p\u00ebr vitin 2024<\/h1>\t\t\t\t<\/div>\n\t\t\t\t<\/div>\n\t\t\t\t\t<\/div>\n\t\t\t\t<\/div>\n\t\t\t\t<\/div>\n\t\t\t\t<\/div>\n\t\t\t\t\t\t<\/div>\n\t\t\t\t<\/div>\n\t\t\t\t<\/div>\n\t\t<div class=\"elementor-element elementor-element-625d5294 e-flex e-con-boxed e-con e-parent\" data-id=\"625d5294\" data-element_type=\"container\">\n\t\t\t\t\t<div class=\"e-con-inner\">\n\t\t\t\t<div class=\"elementor-element elementor-element-2acd7258 elementor-widget elementor-widget-text-editor\" data-id=\"2acd7258\" data-element_type=\"widget\" data-widget_type=\"text-editor.default\">\n\t\t\t\t<div class=\"elementor-widget-container\">\n\t\t\t\t\t\t\t\t\t\n<figure class=\"wp-block-table\">\n<table class=\"has-fixed-layout\">\n<thead>\n<tr>\n<th>Nr. Rendor<\/th>\n<th>Data e k\u00ebrkes\u00ebs<\/th>\n<th>Objekti i k\u00ebrkes\u00ebs<\/th>\n<th>Data e p\u00ebrgjigjes<\/th>\n<th>P\u00ebrgjigje<\/th>\n<th>Tarifa<\/th>\n<\/tr>\n<\/thead>\n<tbody>\n<tr>\n<td>1.<\/td>\n<td>17.10.2023 (fillestare)<\/td>\n<td>K\u00ebrkes\u00eb p\u00ebr informacion dhe disponim materiale praktike Q.Q.<\/td>\n<td>05.01.2024<\/td>\n<td><a href=\"https:\/\/aidssh.al\/wp-content\/uploads\/2025\/07\/5-Janar-Q.Q-pergjigje-Lista-e-dokumenteve-qe-administrohen-nga-AIDSSH-me-afatet-e-ruajtjes-VKM-nr-98-dt-15-Shkurt.pdf\">P\u00ebrgjigje<\/a><\/td>\n<td>No<\/td>\n<\/tr>\n<tr>\n<td>2.<\/td>\n<td>05.01.2024 email<\/td>\n<td>Plot\u00ebsim t\u00eb dh\u00ebna &#8211; me email nga Q.Q.<\/td>\n<td>08.01.2024<\/td>\n<td>P\u00ebrgjigje me email se k\u00ebrkesa p\u00ebr t\u00eb marr\u00eb informacion i n\u00ebnshtrohet dispozitave t\u00eb ligjit nr. 45\/2015<\/td>\n<td>No<\/td>\n<\/tr>\n<tr>\n<td>3.<\/td>\n<td>05.01.2024<\/td>\n<td>K\u00ebrkes\u00eb p\u00ebr informacion dhe disponim materiale nga Av. P.\u00c7<\/td>\n<td>10.01.2024<\/td>\n<td><a href=\"https:\/\/aidssh.al\/wp-content\/uploads\/2025\/07\/5-Janar-Q.Q-pergjigje-Lista-e-dokumenteve-qe-administrohen-nga-AIDSSH-me-afatet-e-ruajtjes-VKM-nr-98-dt-15-Shkurt.pdf\">P\u00ebrgjigje<\/a><\/td>\n<td>No<\/td>\n<\/tr>\n<tr>\n<td>4.<\/td>\n<td>17.01.2024<\/td>\n<td>K\u00ebrkes\u00eb p\u00ebr informacion dhe disponim materiale nga DRTSH<\/td>\n<td>06.02.2024<\/td>\n<td><a href=\"https:\/\/aidssh.al\/wp-content\/uploads\/2025\/07\/06-shkurt-Bashkise-Shkoder-pergjigje-regjister.pdf\">P\u00ebrgjigje &#8211; k\u00ebrkesa p\u00ebr t\u00eb marr\u00eb informacion i n\u00ebnshtrohet dispozitave t\u00eb ligjit nr. 45\/2015<\/a><\/td>\n<td>No<\/td>\n<\/tr>\n<tr>\n<td>5.<\/td>\n<td>02.07.2024<\/td>\n<td>K\u00ebrkes\u00eb p\u00ebr informacion<\/td>\n<td>11.07.2024<\/td>\n<td><a href=\"https:\/\/aidssh.al\/wp-content\/uploads\/2025\/07\/11-korrik-Snmt-pergjigje.pdf\">P\u00ebrgjigje<\/a><\/td>\n<td>No<\/td>\n<\/tr>\n<tr>\n<td>6.<\/td>\n<td>15.07.2024<\/td>\n<td>K\u00ebrkes\u00eb me email A.S.<\/td>\n<td>24.07.2024<\/td>\n<td><a href=\"https:\/\/aidssh.al\/wp-content\/uploads\/2025\/07\/24-korrik-Snmt-pergjigje-2.pdf\">P\u00ebrgjigje<\/a><\/td>\n<td>No<\/td>\n<\/tr>\n<tr>\n<td>7.<\/td>\n<td>\u00a0<\/td>\n<td>\u00a0<\/td>\n<td>\u00a0<\/td>\n<td>\u00a0<\/td>\n<td>\u00a0<\/td>\n<\/tr>\n<tr>\n<td>8.<\/td>\n<td>\u00a0<\/td>\n<td>\u00a0<\/td>\n<td>\u00a0<\/td>\n<td>\u00a0<\/td>\n<td>\u00a0<\/td>\n<\/tr>\n<tr>\n<td>9.<\/td>\n<td>\u00a0<\/td>\n<td>\u00a0<\/td>\n<td>\u00a0<\/td>\n<td>\u00a0<\/td>\n<td>\u00a0<\/td>\n<\/tr>\n<\/tbody>\n<\/table>\n<\/figure>\n\t\t\t\t\t\t\t\t<\/div>\n\t\t\t\t<\/div>\n\t\t\t\t\t<\/div>\n\t\t\t\t<\/div>\n\t\t\t\t<\/div>","protected":false},"excerpt":{"rendered":"<p>Nr. Rendor Data e k\u00ebrkes\u00ebs Objekti i k\u00ebrkes\u00ebs Data e p\u00ebrgjigjes P\u00ebrgjigje Tarifa 1. 17.10.2023 (fillestare) K\u00ebrkes\u00eb p\u00ebr informacion dhe disponim materiale praktike Q.Q. 05.01.2024 P\u00ebrgjigje Jo 2. 05.01.2024 email Plot\u00ebsim t\u00eb dh\u00ebna &#8211; me email nga Q.Q. 08.01.2024 P\u00ebrgjigje me email se k\u00ebrkesa p\u00ebr t\u00eb marr\u00eb informacion i n\u00ebnshtrohet dispozitave t\u00eb ligjit nr. 45\/2015 [&hellip;]<\/p>","protected":false},"author":1,"featured_media":533,"parent":671,"menu_order":0,"comment_status":"closed","ping_status":"closed","template":"","meta":{"_acf_changed":false,"footnotes":""},"class_list":["post-6128","page","type-page","status-publish","has-post-thumbnail","hentry"],"acf":[],"_links":{"self":[{"href":"https:\/\/aidssh.al\/en\/wp-json\/wp\/v2\/pages\/6128","targetHints":{"allow":["GET"]}}],"collection":[{"href":"https:\/\/aidssh.al\/en\/wp-json\/wp\/v2\/pages"}],"about":[{"href":"https:\/\/aidssh.al\/en\/wp-json\/wp\/v2\/types\/page"}],"author":[{"embeddable":true,"href":"https:\/\/aidssh.al\/en\/wp-json\/wp\/v2\/users\/1"}],"replies":[{"embeddable":true,"href":"https:\/\/aidssh.al\/en\/wp-json\/wp\/v2\/comments?post=6128"}],"version-history":[{"count":0,"href":"https:\/\/aidssh.al\/en\/wp-json\/wp\/v2\/pages\/6128\/revisions"}],"up":[{"embeddable":true,"href":"https:\/\/aidssh.al\/en\/wp-json\/wp\/v2\/pages\/671"}],"wp:featuredmedia":[{"embeddable":true,"href":"https:\/\/aidssh.al\/en\/wp-json\/wp\/v2\/media\/533"}],"wp:attachment":[{"href":"https:\/\/aidssh.al\/en\/wp-json\/wp\/v2\/media?parent=6128"}],"curies":[{"name":"wp","href":"https:\/\/api.w.org\/{rel}","templated":true}]}}