{"id":6141,"date":"2025-07-07T16:39:54","date_gmt":"2025-07-07T14:39:54","guid":{"rendered":"https:\/\/aidssh.instant.al\/?page_id=6141"},"modified":"2025-07-07T16:46:48","modified_gmt":"2025-07-07T14:46:48","slug":"regjistri-i-kerkesave-dhe-pergjigjeve-i-perditesuar-sipas-modelit-te-regjistrit-te-miratuar-nga-komisioneri-per-vitin-2023","status":"publish","type":"page","link":"https:\/\/aidssh.al\/en\/programi-i-transparences\/regjistri-i-kerkesave-dhe-pergjigjeve-i-perditesuar-sipas-modelit-te-regjistrit-te-miratuar-nga-komisioneri-per-vitin-2023\/","title":{"rendered":"Regjistri i K\u00ebrkesave dhe p\u00ebrgjigjeve i p\u00ebrdit\u00ebsuar (sipas Modelit t\u00eb Regjistrit t\u00eb miratuar nga Komisioneri) p\u00ebr vitin 2023"},"content":{"rendered":"<div data-elementor-type=\"wp-page\" data-elementor-id=\"6141\" class=\"elementor elementor-6141\" data-elementor-post-type=\"page\">\n\t\t\t\t<div class=\"elementor-element elementor-element-8659913 e-con-full e-flex e-con e-parent\" data-id=\"8659913\" data-element_type=\"container\">\n\t\t\t\t<div class=\"elementor-element elementor-element-51298c8 elementor-widget elementor-widget-template\" data-id=\"51298c8\" data-element_type=\"widget\" data-widget_type=\"template.default\">\n\t\t\t\t<div class=\"elementor-widget-container\">\n\t\t\t\t\t\t\t<div class=\"elementor-template\">\n\t\t\t\t\t<div data-elementor-type=\"container\" data-elementor-id=\"866\" class=\"elementor elementor-866\" data-elementor-post-type=\"elementor_library\">\n\t\t\t\t<div class=\"elementor-element elementor-element-58c6923c e-flex e-con-boxed e-con e-parent\" data-id=\"58c6923c\" data-element_type=\"container\" data-settings=\"{&quot;background_background&quot;:&quot;classic&quot;}\">\n\t\t\t\t\t<div class=\"e-con-inner\">\n\t\t\t\t<div class=\"elementor-element elementor-element-3356bc54 elementor-widget elementor-widget-heading\" data-id=\"3356bc54\" data-element_type=\"widget\" data-widget_type=\"heading.default\">\n\t\t\t\t<div class=\"elementor-widget-container\">\n\t\t\t\t\t<h1 class=\"elementor-heading-title elementor-size-default\">Regjistri i K\u00ebrkesave dhe p\u00ebrgjigjeve i p\u00ebrdit\u00ebsuar (sipas Modelit t\u00eb Regjistrit t\u00eb miratuar nga Komisioneri) p\u00ebr vitin 2023<\/h1>\t\t\t\t<\/div>\n\t\t\t\t<\/div>\n\t\t\t\t\t<\/div>\n\t\t\t\t<\/div>\n\t\t\t\t<\/div>\n\t\t\t\t<\/div>\n\t\t\t\t\t\t<\/div>\n\t\t\t\t<\/div>\n\t\t\t\t<\/div>\n\t\t<div class=\"elementor-element elementor-element-375360cb e-flex e-con-boxed e-con e-parent\" data-id=\"375360cb\" data-element_type=\"container\">\n\t\t\t\t\t<div class=\"e-con-inner\">\n\t\t\t\t<div class=\"elementor-element elementor-element-328e91c0 elementor-widget elementor-widget-text-editor\" data-id=\"328e91c0\" data-element_type=\"widget\" data-widget_type=\"text-editor.default\">\n\t\t\t\t<div class=\"elementor-widget-container\">\n\t\t\t\t\t\t\t\t\t\n<figure class=\"wp-block-table\">\n<table class=\"has-fixed-layout\">\n<thead>\n<tr>\n<th>Nr. Rendor<\/th>\n<th>Data e k\u00ebrkes\u00ebs<\/th>\n<th>Objekti i k\u00ebrkes\u00ebs<\/th>\n<th>Data e p\u00ebrgjigjes<\/th>\n<th>P\u00ebrgjigje<\/th>\n<th>Tarifa<\/th>\n<\/tr>\n<\/thead>\n<tbody>\n<tr>\n<td>1<\/td>\n<td>01.02.23<\/td>\n<td>K\u00ebrkes\u00eb p\u00ebr informacion P. Vatnikaj<\/td>\n<td>09.02.2023<\/td>\n<td><a href=\"https:\/\/aidssh.al\/wp-content\/uploads\/2025\/07\/7-shkurt-pergjigje-V.pdf\">P\u00ebrgjigje<\/a><\/td>\n<td>No<\/td>\n<\/tr>\n<tr>\n<td>2<\/td>\n<td>10.03.23<\/td>\n<td>K\u00ebrkes\u00eb p\u00ebr informacion Q. Qytetare<\/td>\n<td>13.03.23<\/td>\n<td>P\u00ebrgjigje email &#8211; Info targat e automjeteve<\/td>\n<td>No<\/td>\n<\/tr>\n<tr>\n<td>3<\/td>\n<td>05.04.23<\/td>\n<td>K\u00ebrkes\u00eb p\u00ebr dh\u00ebnie informacion MCN TV<\/td>\n<td>13.04.23<\/td>\n<td><a href=\"https:\/\/aidssh.al\/wp-content\/uploads\/2025\/07\/06-prill-MCN-pergjigje.pdf\">P\u00ebrgjigje<\/a><\/td>\n<td>No<\/td>\n<\/tr>\n<tr>\n<td>4<\/td>\n<td>04.04.23<\/td>\n<td>K\u00ebrkes\u00eb p\u00ebr info CNA<\/td>\n<td>28.04.23<\/td>\n<td><a href=\"https:\/\/aidssh.al\/wp-content\/uploads\/2025\/07\/18-prill-CNA-pergjigje.pdf\">P\u00ebrgjigje<\/a><\/td>\n<td>No<\/td>\n<\/tr>\n<tr>\n<td>5<\/td>\n<td>11.04.23<\/td>\n<td>K\u00ebrkes\u00eb p\u00ebr informacion Q. Qytetar<\/td>\n<td>28.04.23<\/td>\n<td><a href=\"https:\/\/aidssh.al\/wp-content\/uploads\/2025\/07\/25-prill-Qendresa-Qytetare-pergjigje.pdf\">P\u00ebrgjigje<\/a><\/td>\n<td>No<\/td>\n<\/tr>\n<tr>\n<td>6<\/td>\n<td>26.04.23<\/td>\n<td>K\u00ebrkes\u00eb p\u00ebr info F.T.<\/td>\n<td>10.05.23<\/td>\n<td><a href=\"https:\/\/aidssh.al\/wp-content\/uploads\/2025\/07\/27-prill-pergjigje-F.T.pdf\">P\u00ebrgjigje<\/a><\/td>\n<td>No<\/td>\n<\/tr>\n<tr>\n<td>7<\/td>\n<td>31.05.23<\/td>\n<td>K\u00ebrkes\u00eb p\u00ebr info A. Elezi<\/td>\n<td>15.06.23<\/td>\n<td><a href=\"https:\/\/aidssh.al\/wp-content\/uploads\/2025\/07\/13-qershor-pergjigje-A.-E.pdf\">P\u00ebrgjigje<\/a><\/td>\n<td>No<\/td>\n<\/tr>\n<tr>\n<td>8<\/td>\n<td>02.06.23<\/td>\n<td>K\u00ebrkes\u00eb p\u00ebr dokumentacion Sheh A. Hoxha<\/td>\n<td>16.06.23<\/td>\n<td><a href=\"https:\/\/aidssh.al\/wp-content\/uploads\/2025\/07\/15-qershor-Sh.A.-H.-pergjigje.pdf\">P\u00ebrgjigje<\/a><\/td>\n<td>No<\/td>\n<\/tr>\n<tr>\n<td>9<\/td>\n<td>23.06.23<\/td>\n<td>K\u00ebrkes\u00eb p\u00ebr informacion A. Elezi<\/td>\n<td>03.07.23<\/td>\n<td><a href=\"https:\/\/aidssh.al\/wp-content\/uploads\/2025\/07\/3-korik-pergjigje-A.E.2.pdf\">P\u00ebrgjigje<\/a><\/td>\n<td>No<\/td>\n<\/tr>\n<tr>\n<td>10<\/td>\n<td>12.09.23<\/td>\n<td>K\u00ebrkes\u00eb p\u00ebr informacion Av. P. \u00c7uri<\/td>\n<td>09.10.23<\/td>\n<td>V\u00ebn\u00eb n\u00eb dispozicion p\u00ebr trajtim dt. 09.10.23<br \/><a href=\"https:\/\/aidssh.al\/wp-content\/uploads\/2025\/07\/9-tetor-Avokat-Curri-pergjigje.pdf\">P\u00ebrgjigje<\/a><\/td>\n<td>No<\/td>\n<\/tr>\n<tr>\n<td>11<\/td>\n<td>09.10.23<\/td>\n<td>K\u00ebrkes\u00eb p\u00ebr informacion media kafe.al<\/td>\n<td>11.10.23<\/td>\n<td><a href=\"https:\/\/aidssh.al\/wp-content\/uploads\/2025\/07\/11-tetor-kafe-al-pergjigje.pdf\">P\u00ebrgjigje<\/a><\/td>\n<td>No<\/td>\n<\/tr>\n<tr>\n<td>12<\/td>\n<td>17.10.23<\/td>\n<td>K\u00ebrkes\u00eb p\u00ebr informacion dhe kopje e praktik\u00ebs<\/td>\n<td>30.10.23<\/td>\n<td><a href=\"https:\/\/aidssh.al\/wp-content\/uploads\/2025\/07\/30-tetor-Q-pergjigje-ripunuar.pdf\">P\u00ebrgjigje<\/a><\/td>\n<td>No<\/td>\n<\/tr>\n<tr>\n<td>13<\/td>\n<td>31.10.23<\/td>\n<td>K\u00ebrkes\u00eb p\u00ebr informacion dhe kopje e nj\u00ebsoj e dokumenteve<\/td>\n<td>03.11.23<\/td>\n<td><a href=\"https:\/\/aidssh.al\/wp-content\/uploads\/2025\/07\/03-nentor-S-pergjigje.pdf\">P\u00ebrgjigje<\/a><\/td>\n<td>No<\/td>\n<\/tr>\n<tr>\n<td>14<\/td>\n<td>\u00a0<\/td>\n<td>\u00a0<\/td>\n<td>18.12.23<\/td>\n<td><a href=\"https:\/\/aidssh.al\/wp-content\/uploads\/2025\/07\/13-dhjetor-Q-Q-informacion.pdf\">Informacion n\u00eb vijim t\u00eb p\u00ebrgjigjes dt. 30.10.2023<\/a><\/td>\n<td>No<\/td>\n<\/tr>\n<\/tbody>\n<\/table>\n<\/figure>\n\t\t\t\t\t\t\t\t<\/div>\n\t\t\t\t<\/div>\n\t\t\t\t\t<\/div>\n\t\t\t\t<\/div>\n\t\t\t\t<\/div>","protected":false},"excerpt":{"rendered":"<p>Nr. Rendor Data e k\u00ebrkes\u00ebs Objekti i k\u00ebrkes\u00ebs Data e p\u00ebrgjigjes P\u00ebrgjigje Tarifa 1 01.02.23 K\u00ebrkes\u00eb p\u00ebr informacion P. Vatnikaj 09.02.2023 P\u00ebrgjigje Jo 2 10.03.23 K\u00ebrkes\u00eb p\u00ebr informacion Q. Qytetare 13.03.23 P\u00ebrgjigje email &#8211; Info targat e automjeteve Jo 3 05.04.23 K\u00ebrkes\u00eb p\u00ebr dh\u00ebnie informacion MCN TV 13.04.23 P\u00ebrgjigje Jo 4 04.04.23 K\u00ebrkes\u00eb p\u00ebr info [&hellip;]<\/p>","protected":false},"author":1,"featured_media":533,"parent":671,"menu_order":0,"comment_status":"closed","ping_status":"closed","template":"","meta":{"_acf_changed":false,"footnotes":""},"class_list":["post-6141","page","type-page","status-publish","has-post-thumbnail","hentry"],"acf":[],"_links":{"self":[{"href":"https:\/\/aidssh.al\/en\/wp-json\/wp\/v2\/pages\/6141","targetHints":{"allow":["GET"]}}],"collection":[{"href":"https:\/\/aidssh.al\/en\/wp-json\/wp\/v2\/pages"}],"about":[{"href":"https:\/\/aidssh.al\/en\/wp-json\/wp\/v2\/types\/page"}],"author":[{"embeddable":true,"href":"https:\/\/aidssh.al\/en\/wp-json\/wp\/v2\/users\/1"}],"replies":[{"embeddable":true,"href":"https:\/\/aidssh.al\/en\/wp-json\/wp\/v2\/comments?post=6141"}],"version-history":[{"count":0,"href":"https:\/\/aidssh.al\/en\/wp-json\/wp\/v2\/pages\/6141\/revisions"}],"up":[{"embeddable":true,"href":"https:\/\/aidssh.al\/en\/wp-json\/wp\/v2\/pages\/671"}],"wp:featuredmedia":[{"embeddable":true,"href":"https:\/\/aidssh.al\/en\/wp-json\/wp\/v2\/media\/533"}],"wp:attachment":[{"href":"https:\/\/aidssh.al\/en\/wp-json\/wp\/v2\/media?parent=6141"}],"curies":[{"name":"wp","href":"https:\/\/api.w.org\/{rel}","templated":true}]}}