{"id":6165,"date":"2025-07-08T09:28:15","date_gmt":"2025-07-08T07:28:15","guid":{"rendered":"https:\/\/aidssh.instant.al\/?page_id=6165"},"modified":"2025-07-08T09:34:49","modified_gmt":"2025-07-08T07:34:49","slug":"regjistri-i-kerkesave-dhe-pergjigjeve-i-perditesuar-sipas-modelit-te-regjistrit-te-miratuar-nga-komisioneri-per-vitin-2022","status":"publish","type":"page","link":"https:\/\/aidssh.al\/en\/programi-i-transparences\/regjistri-i-kerkesave-dhe-pergjigjeve-i-perditesuar-sipas-modelit-te-regjistrit-te-miratuar-nga-komisioneri-per-vitin-2022\/","title":{"rendered":"Regjistri i K\u00ebrkesave dhe p\u00ebrgjigjeve i p\u00ebrdit\u00ebsuar (sipas Modelit t\u00eb Regjistrit t\u00eb miratuar nga Komisioneri) p\u00ebr vitin 2022"},"content":{"rendered":"<div data-elementor-type=\"wp-page\" data-elementor-id=\"6165\" class=\"elementor elementor-6165\" data-elementor-post-type=\"page\">\n\t\t\t\t<div class=\"elementor-element elementor-element-fc7b3b6 e-con-full e-flex e-con e-parent\" data-id=\"fc7b3b6\" data-element_type=\"container\">\n\t\t\t\t<div class=\"elementor-element elementor-element-4b80b17 elementor-widget elementor-widget-template\" data-id=\"4b80b17\" data-element_type=\"widget\" data-widget_type=\"template.default\">\n\t\t\t\t<div class=\"elementor-widget-container\">\n\t\t\t\t\t\t\t<div class=\"elementor-template\">\n\t\t\t\t\t<div data-elementor-type=\"container\" data-elementor-id=\"866\" class=\"elementor elementor-866\" data-elementor-post-type=\"elementor_library\">\n\t\t\t\t<div class=\"elementor-element elementor-element-58c6923c e-flex e-con-boxed e-con e-parent\" data-id=\"58c6923c\" data-element_type=\"container\" data-settings=\"{&quot;background_background&quot;:&quot;classic&quot;}\">\n\t\t\t\t\t<div class=\"e-con-inner\">\n\t\t\t\t<div class=\"elementor-element elementor-element-3356bc54 elementor-widget elementor-widget-heading\" data-id=\"3356bc54\" data-element_type=\"widget\" data-widget_type=\"heading.default\">\n\t\t\t\t<div class=\"elementor-widget-container\">\n\t\t\t\t\t<h1 class=\"elementor-heading-title elementor-size-default\">Regjistri i K\u00ebrkesave dhe p\u00ebrgjigjeve i p\u00ebrdit\u00ebsuar (sipas Modelit t\u00eb Regjistrit t\u00eb miratuar nga Komisioneri) p\u00ebr vitin 2022<\/h1>\t\t\t\t<\/div>\n\t\t\t\t<\/div>\n\t\t\t\t\t<\/div>\n\t\t\t\t<\/div>\n\t\t\t\t<\/div>\n\t\t\t\t<\/div>\n\t\t\t\t\t\t<\/div>\n\t\t\t\t<\/div>\n\t\t\t\t<\/div>\n\t\t<div class=\"elementor-element elementor-element-7540cbe0 e-flex e-con-boxed e-con e-parent\" data-id=\"7540cbe0\" data-element_type=\"container\">\n\t\t\t\t\t<div class=\"e-con-inner\">\n\t\t\t\t<div class=\"elementor-element elementor-element-2bb974d7 elementor-widget elementor-widget-text-editor\" data-id=\"2bb974d7\" data-element_type=\"widget\" data-widget_type=\"text-editor.default\">\n\t\t\t\t<div class=\"elementor-widget-container\">\n\t\t\t\t\t\t\t\t\t\n<figure class=\"wp-block-table\">\n<table class=\"has-fixed-layout\">\n<thead>\n<tr>\n<th>Nr.\u00a0Rendor<\/th>\n<th>Data\u00a0e\u00a0k\u00ebrkes\u00ebs<\/th>\n<th>Objekti\u00a0i\u00a0k\u00ebrkes\u00ebs<\/th>\n<th>Data\u00a0e\u00a0p\u00ebrgjigjes<\/th>\n<th>P\u00ebrgjigje<\/th>\n<th>M\u00ebnyra\u00a0e\u00a0p\u00ebrfundimit\u00a0t\u00eb\u00a0k\u00ebrkes\u00ebs<\/th>\n<th>Tarifa<\/th>\n<\/tr>\n<\/thead>\n<tbody>\n<tr>\n<td>1<\/td>\n<td>06.07.22<\/td>\n<td>K\u00ebrkes\u00eb p\u00ebr informacion<\/td>\n<td>19.07.2022<\/td>\n<td><a href=\"https:\/\/aidssh.al\/wp-content\/uploads\/2025\/07\/Pergj-1.pdf\">P\u00ebrgjigje<\/a><\/td>\n<td>P\u00ebrfunduar<\/td>\n<td>Nuk\u202fKa<\/td>\n<\/tr>\n<tr>\n<td>2<\/td>\n<td>27.07.22<\/td>\n<td>K\u00ebrkes\u00eb p\u00ebr informacion<\/td>\n<td>29.07.22<\/td>\n<td><a href=\"https:\/\/aidssh.al\/wp-content\/uploads\/2025\/07\/Pergj-2.pdf\">P\u00ebrgjigje<\/a><\/td>\n<td>P\u00ebrfunduar<\/td>\n<td>Nuk\u202fKa<\/td>\n<\/tr>\n<tr>\n<td>3<\/td>\n<td>27.07.22<\/td>\n<td>K\u00ebrkes\u00eb p\u00ebr informacion<\/td>\n<td>28.07.22<\/td>\n<td><a href=\"https:\/\/aidssh.al\/wp-content\/uploads\/2025\/07\/Pergj-3.pdf\">P\u00ebrgjigje<\/a><\/td>\n<td>P\u00ebrfunduar<\/td>\n<td>Nuk\u202fKa<\/td>\n<\/tr>\n<tr>\n<td>4<\/td>\n<td>27.07.22<\/td>\n<td>K\u00ebrkes\u00eb p\u00ebr informacion<\/td>\n<td>03.08.22<\/td>\n<td><a href=\"https:\/\/aidssh.al\/wp-content\/uploads\/2025\/07\/Pergj-4.pdf\">P\u00ebrgjigje<\/a><\/td>\n<td>P\u00ebrfunduar<\/td>\n<td>Nuk\u202fKa<\/td>\n<\/tr>\n<tr>\n<td>5<\/td>\n<td>28.07.22<\/td>\n<td>K\u00ebrkes\u00eb p\u00ebr informacion<\/td>\n<td>03.08.22<\/td>\n<td><a href=\"https:\/\/aidssh.al\/wp-content\/uploads\/2025\/07\/Pergj-5.pdf\">P\u00ebrgjigje<\/a><\/td>\n<td>P\u00ebrfunduar<\/td>\n<td>Nuk\u202fKa<\/td>\n<\/tr>\n<tr>\n<td>6<\/td>\n<td>02.08.22<\/td>\n<td>K\u00ebrkes\u00eb p\u00ebr informacion<\/td>\n<td>12.08.22<\/td>\n<td><a href=\"https:\/\/aidssh.al\/wp-content\/uploads\/2025\/07\/Pergj-6.pdf\">P\u00ebrgjigje<\/a><\/td>\n<td>P\u00ebrfunduar<\/td>\n<td>Nuk\u202fKa<\/td>\n<\/tr>\n<tr>\n<td>7<\/td>\n<td>04.08.22<\/td>\n<td>K\u00ebrkes\u00eb p\u00ebr informacion<\/td>\n<td>10.08.22<\/td>\n<td><a href=\"https:\/\/aidssh.al\/wp-content\/uploads\/2025\/07\/Pergj-7.pdf\">P\u00ebrgjigje<\/a><\/td>\n<td>P\u00ebrfunduar<\/td>\n<td>Nuk\u202fKa<\/td>\n<\/tr>\n<tr>\n<td>8<\/td>\n<td>27.07.22<\/td>\n<td>K\u00ebrkes\u00eb p\u00ebr informacion<\/td>\n<td>10.08.22<\/td>\n<td><a href=\"https:\/\/aidssh.al\/wp-content\/uploads\/2025\/07\/Pergj-8.pdf\">P\u00ebrgjigje<\/a><\/td>\n<td>P\u00ebrfunduar<\/td>\n<td>Nuk\u202fKa<\/td>\n<\/tr>\n<tr>\n<td>9<\/td>\n<td>02.09.22<\/td>\n<td>K\u00ebrkes\u00eb p\u00ebr dokumentacion<\/td>\n<td>19.09.22<\/td>\n<td><a href=\"https:\/\/aidssh.al\/wp-content\/uploads\/2025\/07\/Pergj-9.pdf\">P\u00ebrgjigje<\/a><\/td>\n<td>P\u00ebrfunduar<\/td>\n<td>Nuk\u202fKa<\/td>\n<\/tr>\n<tr>\n<td>10<\/td>\n<td>04.11.22<\/td>\n<td>K\u00ebrkes\u00eb p\u00ebr informacion<\/td>\n<td>08.11.22<\/td>\n<td><a href=\"https:\/\/aidssh.al\/wp-content\/uploads\/2025\/07\/Pergj-10.pdf\">P\u00ebrgjigje<\/a><\/td>\n<td>P\u00ebrfunduar<\/td>\n<td>Nuk\u202fKa<\/td>\n<\/tr>\n<tr>\n<td>11<\/td>\n<td>14.11.22<\/td>\n<td>K\u00ebrkes\u00eb p\u00ebr informacion<\/td>\n<td>25.11.22<\/td>\n<td><a href=\"https:\/\/aidssh.al\/wp-content\/uploads\/2025\/07\/Pergj-11.pdf\">P\u00ebrgjigje<\/a><\/td>\n<td>P\u00ebrfunduar<\/td>\n<td>Nuk\u202fKa<\/td>\n<\/tr>\n<tr>\n<td>12<\/td>\n<td>14.09.22<\/td>\n<td>K\u00ebrkes\u00eb p\u00ebr informacion<\/td>\n<td>01.12.22<\/td>\n<td><a href=\"https:\/\/aidssh.al\/wp-content\/uploads\/2025\/07\/Pergj-12.pdf\">P\u00ebrgjigje<\/a><\/td>\n<td>P\u00ebrfunduar<\/td>\n<td>Nuk\u202fKa<\/td>\n<\/tr>\n<tr>\n<td>13<\/td>\n<td>22.11.22<\/td>\n<td>K\u00ebrkes\u00eb p\u00ebr informacion<\/td>\n<td>25.11.22<\/td>\n<td><a href=\"https:\/\/aidssh.al\/wp-content\/uploads\/2025\/07\/Pergj-13.pdf\">P\u00ebrgjigje<\/a><\/td>\n<td>P\u00ebrfunduar<\/td>\n<td>Nuk\u202fKa<\/td>\n<\/tr>\n<tr>\n<td>14<\/td>\n<td>14.09.22<\/td>\n<td>K\u00ebrkes\u00eb p\u00ebr informacion<\/td>\n<td>30.11.22<\/td>\n<td><a href=\"https:\/\/aidssh.al\/wp-content\/uploads\/2025\/07\/Pergj-14.pdf\">P\u00ebrgjigje<\/a><\/td>\n<td>P\u00ebrfunduar<\/td>\n<td>Nuk\u202fKa<\/td>\n<\/tr>\n<tr>\n<td>15<\/td>\n<td>09.12.22<\/td>\n<td>V\u00ebnie n\u00eb dispozicion dokumentacioni<\/td>\n<td>28.12.22<\/td>\n<td><a href=\"https:\/\/aidssh.al\/wp-content\/uploads\/2025\/07\/Pergj-15.pdf\">P\u00ebrgjigje<\/a><\/td>\n<td>P\u00ebrfunduar<\/td>\n<td>Nuk\u202fKa<\/td>\n<\/tr>\n<\/tbody>\n<\/table>\n<\/figure>\n\t\t\t\t\t\t\t\t<\/div>\n\t\t\t\t<\/div>\n\t\t\t\t\t<\/div>\n\t\t\t\t<\/div>\n\t\t\t\t<\/div>","protected":false},"excerpt":{"rendered":"<p>Nr.\u00a0Rendor Data\u00a0e\u00a0k\u00ebrkes\u00ebs Objekti\u00a0i\u00a0k\u00ebrkes\u00ebs Data\u00a0e\u00a0p\u00ebrgjigjes P\u00ebrgjigje M\u00ebnyra\u00a0e\u00a0p\u00ebrfundimit\u00a0t\u00eb\u00a0k\u00ebrkes\u00ebs Tarifa 1 06.07.22 K\u00ebrkes\u00eb p\u00ebr informacion 19.07.2022 P\u00ebrgjigje P\u00ebrfunduar Nuk\u202fKa 2 27.07.22 K\u00ebrkes\u00eb p\u00ebr informacion 29.07.22 P\u00ebrgjigje P\u00ebrfunduar Nuk\u202fKa 3 27.07.22 K\u00ebrkes\u00eb p\u00ebr informacion 28.07.22 P\u00ebrgjigje P\u00ebrfunduar Nuk\u202fKa 4 27.07.22 K\u00ebrkes\u00eb p\u00ebr informacion 03.08.22 P\u00ebrgjigje P\u00ebrfunduar Nuk\u202fKa 5 28.07.22 K\u00ebrkes\u00eb p\u00ebr informacion 03.08.22 P\u00ebrgjigje P\u00ebrfunduar Nuk\u202fKa 6 02.08.22 K\u00ebrkes\u00eb [&hellip;]<\/p>","protected":false},"author":1,"featured_media":533,"parent":671,"menu_order":0,"comment_status":"closed","ping_status":"closed","template":"","meta":{"_acf_changed":false,"footnotes":""},"class_list":["post-6165","page","type-page","status-publish","has-post-thumbnail","hentry"],"acf":[],"_links":{"self":[{"href":"https:\/\/aidssh.al\/en\/wp-json\/wp\/v2\/pages\/6165","targetHints":{"allow":["GET"]}}],"collection":[{"href":"https:\/\/aidssh.al\/en\/wp-json\/wp\/v2\/pages"}],"about":[{"href":"https:\/\/aidssh.al\/en\/wp-json\/wp\/v2\/types\/page"}],"author":[{"embeddable":true,"href":"https:\/\/aidssh.al\/en\/wp-json\/wp\/v2\/users\/1"}],"replies":[{"embeddable":true,"href":"https:\/\/aidssh.al\/en\/wp-json\/wp\/v2\/comments?post=6165"}],"version-history":[{"count":0,"href":"https:\/\/aidssh.al\/en\/wp-json\/wp\/v2\/pages\/6165\/revisions"}],"up":[{"embeddable":true,"href":"https:\/\/aidssh.al\/en\/wp-json\/wp\/v2\/pages\/671"}],"wp:featuredmedia":[{"embeddable":true,"href":"https:\/\/aidssh.al\/en\/wp-json\/wp\/v2\/media\/533"}],"wp:attachment":[{"href":"https:\/\/aidssh.al\/en\/wp-json\/wp\/v2\/media?parent=6165"}],"curies":[{"name":"wp","href":"https:\/\/api.w.org\/{rel}","templated":true}]}}