{"id":6185,"date":"2025-07-08T09:42:19","date_gmt":"2025-07-08T07:42:19","guid":{"rendered":"https:\/\/aidssh.instant.al\/?page_id=6185"},"modified":"2025-07-08T09:43:31","modified_gmt":"2025-07-08T07:43:31","slug":"regjistri-i-kerkesave-dhe-pergjigjeve-i-perditesuar-sipas-modelit-te-regjistrit-te-miratuar-nga-komisioneri","status":"publish","type":"page","link":"https:\/\/aidssh.al\/en\/programi-i-transparences\/regjistri-i-kerkesave-dhe-pergjigjeve-i-perditesuar-sipas-modelit-te-regjistrit-te-miratuar-nga-komisioneri\/","title":{"rendered":"Regjistri i K\u00ebrkesave dhe p\u00ebrgjigjeve i p\u00ebrdit\u00ebsuar (sipas Modelit t\u00eb Regjistrit t\u00eb miratuar nga Komisioneri)"},"content":{"rendered":"<div data-elementor-type=\"wp-page\" data-elementor-id=\"6185\" class=\"elementor elementor-6185\" data-elementor-post-type=\"page\">\n\t\t\t\t<div class=\"elementor-element elementor-element-ad16cfb e-con-full e-flex e-con e-parent\" data-id=\"ad16cfb\" data-element_type=\"container\">\n\t\t\t\t<div class=\"elementor-element elementor-element-d5522e9 elementor-widget elementor-widget-template\" data-id=\"d5522e9\" data-element_type=\"widget\" data-widget_type=\"template.default\">\n\t\t\t\t<div class=\"elementor-widget-container\">\n\t\t\t\t\t\t\t<div class=\"elementor-template\">\n\t\t\t\t\t<div data-elementor-type=\"container\" data-elementor-id=\"866\" class=\"elementor elementor-866\" data-elementor-post-type=\"elementor_library\">\n\t\t\t\t<div class=\"elementor-element elementor-element-58c6923c e-flex e-con-boxed e-con e-parent\" data-id=\"58c6923c\" data-element_type=\"container\" data-settings=\"{&quot;background_background&quot;:&quot;classic&quot;}\">\n\t\t\t\t\t<div class=\"e-con-inner\">\n\t\t\t\t<div class=\"elementor-element elementor-element-3356bc54 elementor-widget elementor-widget-heading\" data-id=\"3356bc54\" data-element_type=\"widget\" data-widget_type=\"heading.default\">\n\t\t\t\t<div class=\"elementor-widget-container\">\n\t\t\t\t\t<h1 class=\"elementor-heading-title elementor-size-default\">Regjistri i K\u00ebrkesave dhe p\u00ebrgjigjeve i p\u00ebrdit\u00ebsuar (sipas Modelit t\u00eb Regjistrit t\u00eb miratuar nga Komisioneri)<\/h1>\t\t\t\t<\/div>\n\t\t\t\t<\/div>\n\t\t\t\t\t<\/div>\n\t\t\t\t<\/div>\n\t\t\t\t<\/div>\n\t\t\t\t<\/div>\n\t\t\t\t\t\t<\/div>\n\t\t\t\t<\/div>\n\t\t\t\t<\/div>\n\t\t<div class=\"elementor-element elementor-element-2d098847 e-flex e-con-boxed e-con e-parent\" data-id=\"2d098847\" data-element_type=\"container\">\n\t\t\t\t\t<div class=\"e-con-inner\">\n\t\t\t\t<div class=\"elementor-element elementor-element-1846036e elementor-widget elementor-widget-text-editor\" data-id=\"1846036e\" data-element_type=\"widget\" data-widget_type=\"text-editor.default\">\n\t\t\t\t<div class=\"elementor-widget-container\">\n\t\t\t\t\t\t\t\t\t\n<figure class=\"wp-block-table\"><table class=\"has-fixed-layout\"><thead><tr><th>Nr.&nbsp;Rendor<\/th><th>Data&nbsp;e&nbsp;k\u00ebrkes\u00ebs<\/th><th>Objekti&nbsp;i&nbsp;k\u00ebrkes\u00ebs<\/th><th>Data&nbsp;e&nbsp;p\u00ebrgjigjes<\/th><th>P\u00ebrgjigje<\/th><th>M\u00ebnyra&nbsp;e&nbsp;p\u00ebrfundimit&nbsp;t\u00eb&nbsp;k\u00ebrkes\u00ebs<\/th><th>Tarifa<\/th><\/tr><\/thead><tbody><tr><td>1<\/td><td>21.10.2021<\/td><td>KJV (k\u00ebrkese e p\u00ebrzier me institucionalet)<\/td><td>01.02.2021<\/td><td><a href=\"https:\/\/aidssh.al\/wp-content\/uploads\/2025\/07\/1.-Pergjigje-Kordinatori-KJV.pdf\">P\u00ebrgjigje\u00a0KJV<\/a><\/td><td>P\u00ebrfunduar<\/td><td>Nuk\u202fKa<\/td><\/tr><tr><td>2<\/td><td>04.06.2021<\/td><td>Nebil&nbsp;Cika<\/td><td>09.06.2021<\/td><td><a href=\"https:\/\/aidssh.al\/wp-content\/uploads\/2025\/07\/2.-Nebil-Cika.pdf\">P\u00ebrgjigje\u00a0Nebil\u00a0Cika<\/a><\/td><td>P\u00ebrfunduar<\/td><td>Nuk\u202fKa<\/td><\/tr><tr><td>3<\/td><td>10.06.2021<\/td><td>Admirina&nbsp;Peci<\/td><td>14.06.2021<\/td><td><a href=\"https:\/\/aidssh.al\/wp-content\/uploads\/2025\/07\/3.-Admirina-Peci.pdf\">P\u00ebrgjigje\u00a0Admirina\u00a0Peci<\/a><\/td><td>P\u00ebrfunduar<\/td><td>Nuk\u202fKa<\/td><\/tr><tr><td>4<\/td><td>18.06.2021<\/td><td>Adrian&nbsp;Kati\u202f\u2013\u202fQSHRT<\/td><td>28.06.2021<\/td><td><a href=\"https:\/\/aidssh.al\/wp-content\/uploads\/2025\/07\/A.-Kati.-Perfunditar.pdf\">P\u00ebrgjigje\u00a0Adrian\u00a0Kati<\/a><\/td><td>P\u00ebrfunduar<\/td><td>Nuk\u202fKa<\/td><\/tr><tr><td>5<\/td><td>08.09.2021<\/td><td>Ada&nbsp;Hazizolli<\/td><td>23.09.2021<\/td><td><a href=\"https:\/\/aidssh.al\/wp-content\/uploads\/2025\/07\/Pergjigje.pdf\">P\u00ebrgjigje\u00a0Ada\u00a0Hazizolli<\/a><\/td><td>P\u00ebrfunduar<\/td><td>Nuk\u202fKa<\/td><\/tr><tr><td>6<\/td><td>07.10.2021<\/td><td>Blerina&nbsp;Gjoka\u202fBIRN<\/td><td>08.10.2021<\/td><td><a href=\"https:\/\/aidssh.al\/wp-content\/uploads\/2025\/07\/Pergjigjie-z.Gjoka_.pdf\">P\u00ebrgjigje\u00a0Blerina\u00a0Gjoka<\/a><\/td><td>P\u00ebrfunduar<\/td><td>Nuk\u202fKa<\/td><\/tr><\/tbody><\/table><\/figure>\n\t\t\t\t\t\t\t\t<\/div>\n\t\t\t\t<\/div>\n\t\t\t\t\t<\/div>\n\t\t\t\t<\/div>\n\t\t\t\t<\/div>","protected":false},"excerpt":{"rendered":"<p>Nr.&nbsp;Rendor Data&nbsp;e&nbsp;k\u00ebrkes\u00ebs Objekti&nbsp;i&nbsp;k\u00ebrkes\u00ebs Data&nbsp;e&nbsp;p\u00ebrgjigjes P\u00ebrgjigje M\u00ebnyra&nbsp;e&nbsp;p\u00ebrfundimit&nbsp;t\u00eb&nbsp;k\u00ebrkes\u00ebs Tarifa 1 21.10.2021 KJV (k\u00ebrkese e p\u00ebrzier me institucionalet) 01.02.2021 P\u00ebrgjigje\u00a0KJV P\u00ebrfunduar Nuk\u202fKa 2 04.06.2021 Nebil&nbsp;Cika 09.06.2021 P\u00ebrgjigje\u00a0Nebil\u00a0Cika P\u00ebrfunduar Nuk\u202fKa 3 10.06.2021 Admirina&nbsp;Peci 14.06.2021 P\u00ebrgjigje\u00a0Admirina\u00a0Peci P\u00ebrfunduar Nuk\u202fKa 4 18.06.2021 Adrian&nbsp;Kati\u202f\u2013\u202fQSHRT 28.06.2021 P\u00ebrgjigje\u00a0Adrian\u00a0Kati P\u00ebrfunduar Nuk\u202fKa 5 08.09.2021 Ada&nbsp;Hazizolli 23.09.2021 P\u00ebrgjigje\u00a0Ada\u00a0Hazizolli P\u00ebrfunduar Nuk\u202fKa 6 07.10.2021 Blerina&nbsp;Gjoka\u202fBIRN 08.10.2021 P\u00ebrgjigje\u00a0Blerina\u00a0Gjoka P\u00ebrfunduar Nuk\u202fKa<\/p>","protected":false},"author":1,"featured_media":533,"parent":671,"menu_order":0,"comment_status":"closed","ping_status":"closed","template":"","meta":{"_acf_changed":false,"footnotes":""},"class_list":["post-6185","page","type-page","status-publish","has-post-thumbnail","hentry"],"acf":[],"_links":{"self":[{"href":"https:\/\/aidssh.al\/en\/wp-json\/wp\/v2\/pages\/6185","targetHints":{"allow":["GET"]}}],"collection":[{"href":"https:\/\/aidssh.al\/en\/wp-json\/wp\/v2\/pages"}],"about":[{"href":"https:\/\/aidssh.al\/en\/wp-json\/wp\/v2\/types\/page"}],"author":[{"embeddable":true,"href":"https:\/\/aidssh.al\/en\/wp-json\/wp\/v2\/users\/1"}],"replies":[{"embeddable":true,"href":"https:\/\/aidssh.al\/en\/wp-json\/wp\/v2\/comments?post=6185"}],"version-history":[{"count":0,"href":"https:\/\/aidssh.al\/en\/wp-json\/wp\/v2\/pages\/6185\/revisions"}],"up":[{"embeddable":true,"href":"https:\/\/aidssh.al\/en\/wp-json\/wp\/v2\/pages\/671"}],"wp:featuredmedia":[{"embeddable":true,"href":"https:\/\/aidssh.al\/en\/wp-json\/wp\/v2\/media\/533"}],"wp:attachment":[{"href":"https:\/\/aidssh.al\/en\/wp-json\/wp\/v2\/media?parent=6185"}],"curies":[{"name":"wp","href":"https:\/\/api.w.org\/{rel}","templated":true}]}}