{"id":6441,"date":"2025-07-08T15:54:12","date_gmt":"2025-07-08T13:54:12","guid":{"rendered":"https:\/\/aidssh.instant.al\/?page_id=6441"},"modified":"2025-07-08T16:05:26","modified_gmt":"2025-07-08T14:05:26","slug":"ekspozita-fizike-2023","status":"publish","type":"page","link":"https:\/\/aidssh.al\/en\/edukimi\/ekspozita\/ekspozita-fizike\/ekspozita-fizike-2023\/","title":{"rendered":"Physical exhibition 2023"},"content":{"rendered":"<div data-elementor-type=\"wp-page\" data-elementor-id=\"6441\" class=\"elementor elementor-6441\" data-elementor-post-type=\"page\">\n\t\t\t\t<div class=\"elementor-element elementor-element-7c8d609 e-con-full e-flex e-con e-parent\" data-id=\"7c8d609\" data-element_type=\"container\">\n\t\t\t\t<div class=\"elementor-element elementor-element-9709a1c elementor-widget elementor-widget-template\" data-id=\"9709a1c\" data-element_type=\"widget\" data-widget_type=\"template.default\">\n\t\t\t\t<div class=\"elementor-widget-container\">\n\t\t\t\t\t\t\t<div class=\"elementor-template\">\n\t\t\t\t\t<div data-elementor-type=\"container\" data-elementor-id=\"866\" class=\"elementor elementor-866\" data-elementor-post-type=\"elementor_library\">\n\t\t\t\t<div class=\"elementor-element elementor-element-58c6923c e-flex e-con-boxed e-con e-parent\" data-id=\"58c6923c\" data-element_type=\"container\" data-settings=\"{&quot;background_background&quot;:&quot;classic&quot;}\">\n\t\t\t\t\t<div class=\"e-con-inner\">\n\t\t\t\t<div class=\"elementor-element elementor-element-3356bc54 elementor-widget elementor-widget-heading\" data-id=\"3356bc54\" data-element_type=\"widget\" data-widget_type=\"heading.default\">\n\t\t\t\t<div class=\"elementor-widget-container\">\n\t\t\t\t\t<h1 class=\"elementor-heading-title elementor-size-default\">Physical exhibition 2023<\/h1>\t\t\t\t<\/div>\n\t\t\t\t<\/div>\n\t\t\t\t\t<\/div>\n\t\t\t\t<\/div>\n\t\t\t\t<\/div>\n\t\t\t\t<\/div>\n\t\t\t\t\t\t<\/div>\n\t\t\t\t<\/div>\n\t\t\t\t<\/div>\n\t\t<div class=\"elementor-element elementor-element-622ee7e e-con-full e-flex e-con e-parent\" data-id=\"622ee7e\" data-element_type=\"container\">\n\t\t<div class=\"elementor-element elementor-element-b87bd2a e-con-full e-flex e-con e-child\" data-id=\"b87bd2a\" data-element_type=\"container\">\n\t\t\t\t<div class=\"elementor-element elementor-element-7de8337 elementor-widget elementor-widget-heading\" data-id=\"7de8337\" data-element_type=\"widget\" data-widget_type=\"heading.default\">\n\t\t\t\t<div class=\"elementor-widget-container\">\n\t\t\t\t\t<h5 class=\"elementor-heading-title elementor-size-default\"> \u201cLearning about the Past \u2013 Open Educational Resources 1944-1991.\u201d Documentary exhibition, democratic movements through the eyes of the former State Security, held on February 20, 2023, Tirana.<\/h5>\t\t\t\t<\/div>\n\t\t\t\t<\/div>\n\t\t\t\t<div class=\"elementor-element elementor-element-0c88304 elementor-widget elementor-widget-text-editor\" data-id=\"0c88304\" data-element_type=\"widget\" data-widget_type=\"text-editor.default\">\n\t\t\t\t<div class=\"elementor-widget-container\">\n\t\t\t\t\t\t\t\t\t<p>AIDSSH, in collaboration with the Ministry of Education and Sports, the Albanian Telegraphic Agency, Albanian Radio and Television, as well as the Agency for Quality Assurance in Pre-University Education (ASCAP), organized an archival exhibition featuring documents of the former State Security about the democratic movements of 1990-1991, photos and videos. They also presented the digital platform project \u201cLearning about the Past \u2013 Open Educational Resources, 1944-1991,\u201d an open platform for pre-university education professionals, parents, and students.<\/p>\t\t\t\t\t\t\t\t<\/div>\n\t\t\t\t<\/div>\n\t\t\t\t<div class=\"elementor-element elementor-element-f66627a elementor-align-center elementor-widget elementor-widget-button\" data-id=\"f66627a\" data-element_type=\"widget\" data-widget_type=\"button.default\">\n\t\t\t\t<div class=\"elementor-widget-container\">\n\t\t\t\t\t\t\t\t\t<div class=\"elementor-button-wrapper\">\n\t\t\t\t\t<a class=\"elementor-button elementor-button-link elementor-size-sm\" href=\"https:\/\/www.facebook.com\/AutoritetiDosjeve\/posts\/pfbid0GPr2WaNE6q1p1ZdWLKJSdUxHThMaeRQfjXJ7fM6m4SWvnGqZgQRnmhefAuGGCdxXl?locale=sq_AL\" target=\"_blank\" rel=\"noopener\">\n\t\t\t\t\t\t<span class=\"elementor-button-content-wrapper\">\n\t\t\t\t\t\t\t\t\t<span class=\"elementor-button-text\">Facebook Link<\/span>\n\t\t\t\t\t<\/span>\n\t\t\t\t\t<\/a>\n\t\t\t\t<\/div>\n\t\t\t\t\t\t\t\t<\/div>\n\t\t\t\t<\/div>\n\t\t\t\t<\/div>\n\t\t<div class=\"elementor-element elementor-element-3d3529b e-con-full e-flex e-con e-child\" data-id=\"3d3529b\" data-element_type=\"container\">\n\t\t\t\t<div class=\"elementor-element elementor-element-47ed863 elementor-widget elementor-widget-heading\" data-id=\"47ed863\" data-element_type=\"widget\" data-widget_type=\"heading.default\">\n\t\t\t\t<div class=\"elementor-widget-container\">\n\t\t\t\t\t<h5 class=\"elementor-heading-title elementor-size-default\">\u201cChosen,\u201d a commemorative exhibition on the 76th anniversary of the political execution of deputies and intellectuals on October 10, 1947.<\/h5>\t\t\t\t<\/div>\n\t\t\t\t<\/div>\n\t\t\t\t<div class=\"elementor-element elementor-element-e74a1b3 elementor-widget elementor-widget-text-editor\" data-id=\"e74a1b3\" data-element_type=\"widget\" data-widget_type=\"text-editor.default\">\n\t\t\t\t<div class=\"elementor-widget-container\">\n\t\t\t\t\t\t\t\t\t<p>\u00a0For the construction of the exhibition, judicial investigation files numbered 2224 and 1393 were reviewed, as well as the personal files of Kol\u00eb Kuqali, Selaudin Toto, Halit Gjolena, Isuf Hysenbegasi, and Hasan Re\u00e7i, which are held by the Authority for Information on the Files of the Former State Security, along with the files of the Monarchist, Social-Democratic, and Resistance groups sentenced one year before the deputies and intellectuals under review. The exhibition was held on...\u00a0<strong>October 12, 2023, Tirana.<\/strong><\/p>\t\t\t\t\t\t\t\t<\/div>\n\t\t\t\t<\/div>\n\t\t\t\t<div class=\"elementor-element elementor-element-a9a6641 elementor-align-center elementor-widget elementor-widget-button\" data-id=\"a9a6641\" data-element_type=\"widget\" data-widget_type=\"button.default\">\n\t\t\t\t<div class=\"elementor-widget-container\">\n\t\t\t\t\t\t\t\t\t<div class=\"elementor-button-wrapper\">\n\t\t\t\t\t<a class=\"elementor-button elementor-button-link elementor-size-sm\" href=\"https:\/\/www.facebook.com\/AutoritetiDosjeve\/posts\/pfbid06hxcYccfoMtqBVu8ddca2qBCfG1YyYqwq5hxxdvsC9cKw7FBw8sB8PubY4cfhgFtl?locale=sq_AL\" target=\"_blank\" rel=\"noopener\">\n\t\t\t\t\t\t<span class=\"elementor-button-content-wrapper\">\n\t\t\t\t\t\t\t\t\t<span class=\"elementor-button-text\">Facebook Link<\/span>\n\t\t\t\t\t<\/span>\n\t\t\t\t\t<\/a>\n\t\t\t\t<\/div>\n\t\t\t\t\t\t\t\t<\/div>\n\t\t\t\t<\/div>\n\t\t\t\t<div class=\"elementor-element elementor-element-14adf68 elementor-arrows-position-inside elementor-pagination-position-outside elementor-widget elementor-widget-image-carousel\" data-id=\"14adf68\" data-element_type=\"widget\" data-settings=\"{&quot;navigation&quot;:&quot;both&quot;,&quot;autoplay&quot;:&quot;yes&quot;,&quot;pause_on_hover&quot;:&quot;yes&quot;,&quot;pause_on_interaction&quot;:&quot;yes&quot;,&quot;autoplay_speed&quot;:5000,&quot;infinite&quot;:&quot;yes&quot;,&quot;speed&quot;:500}\" data-widget_type=\"image-carousel.default\">\n\t\t\t\t<div class=\"elementor-widget-container\">\n\t\t\t\t\t\t\t<div class=\"elementor-image-carousel-wrapper swiper\" role=\"region\" aria-roledescription=\"carousel\" aria-label=\"Image Carousel\" dir=\"ltr\">\n\t\t\t<div class=\"elementor-image-carousel swiper-wrapper\" aria-live=\"off\">\n\t\t\t\t\t\t\t\t<div class=\"swiper-slide\" role=\"group\" aria-roledescription=\"slide\" aria-label=\"1 of 14\"><figure class=\"swiper-slide-inner\"><img decoding=\"async\" class=\"swiper-slide-image\" src=\"https:\/\/aidssh.al\/wp-content\/uploads\/2025\/07\/aidssh-1-scaled.jpg\" alt=\"aidssh-1\" \/><\/figure><\/div><div class=\"swiper-slide\" role=\"group\" aria-roledescription=\"slide\" aria-label=\"2 of 14\"><figure class=\"swiper-slide-inner\"><img decoding=\"async\" class=\"swiper-slide-image\" src=\"https:\/\/aidssh.al\/wp-content\/uploads\/2025\/07\/aidssh-2-scaled.jpg\" alt=\"aidssh-2\" \/><\/figure><\/div><div class=\"swiper-slide\" role=\"group\" aria-roledescription=\"slide\" aria-label=\"3 of 14\"><figure class=\"swiper-slide-inner\"><img decoding=\"async\" class=\"swiper-slide-image\" src=\"https:\/\/aidssh.al\/wp-content\/uploads\/2025\/07\/aidssh-3-scaled.jpg\" alt=\"aidssh-3\" \/><\/figure><\/div><div class=\"swiper-slide\" role=\"group\" aria-roledescription=\"slide\" aria-label=\"4 of 14\"><figure class=\"swiper-slide-inner\"><img decoding=\"async\" class=\"swiper-slide-image\" src=\"https:\/\/aidssh.al\/wp-content\/uploads\/2025\/07\/aidssh-4-scaled.jpg\" alt=\"aidssh-4\" \/><\/figure><\/div><div class=\"swiper-slide\" role=\"group\" aria-roledescription=\"slide\" aria-label=\"5 of 14\"><figure class=\"swiper-slide-inner\"><img decoding=\"async\" class=\"swiper-slide-image\" src=\"https:\/\/aidssh.al\/wp-content\/uploads\/2025\/07\/aidssh-5-scaled.jpg\" alt=\"aidssh-5\" \/><\/figure><\/div><div class=\"swiper-slide\" role=\"group\" aria-roledescription=\"slide\" aria-label=\"6 of 14\"><figure class=\"swiper-slide-inner\"><img decoding=\"async\" class=\"swiper-slide-image\" src=\"https:\/\/aidssh.al\/wp-content\/uploads\/2025\/07\/aidssh-6-scaled.jpg\" alt=\"aidssh-6\" \/><\/figure><\/div><div class=\"swiper-slide\" role=\"group\" aria-roledescription=\"slide\" aria-label=\"7 of 14\"><figure class=\"swiper-slide-inner\"><img decoding=\"async\" class=\"swiper-slide-image\" src=\"https:\/\/aidssh.al\/wp-content\/uploads\/2025\/07\/aidssh-7-scaled.jpg\" alt=\"aidssh-7\" \/><\/figure><\/div><div class=\"swiper-slide\" role=\"group\" aria-roledescription=\"slide\" aria-label=\"8 of 14\"><figure class=\"swiper-slide-inner\"><img decoding=\"async\" class=\"swiper-slide-image\" src=\"https:\/\/aidssh.al\/wp-content\/uploads\/2025\/07\/aidssh-8-scaled.jpg\" alt=\"aidssh-8\" \/><\/figure><\/div><div class=\"swiper-slide\" role=\"group\" aria-roledescription=\"slide\" aria-label=\"9 of 14\"><figure class=\"swiper-slide-inner\"><img decoding=\"async\" class=\"swiper-slide-image\" src=\"https:\/\/aidssh.al\/wp-content\/uploads\/2025\/07\/aidssh-9-scaled.jpg\" alt=\"aidssh-9\" \/><\/figure><\/div><div class=\"swiper-slide\" role=\"group\" aria-roledescription=\"slide\" aria-label=\"10 of 14\"><figure class=\"swiper-slide-inner\"><img decoding=\"async\" class=\"swiper-slide-image\" src=\"https:\/\/aidssh.al\/wp-content\/uploads\/2025\/07\/aidssh-10-scaled.jpg\" alt=\"aidssh-10\" \/><\/figure><\/div><div class=\"swiper-slide\" role=\"group\" aria-roledescription=\"slide\" aria-label=\"11 of 14\"><figure class=\"swiper-slide-inner\"><img decoding=\"async\" class=\"swiper-slide-image\" src=\"https:\/\/aidssh.al\/wp-content\/uploads\/2025\/07\/aidssh-11-scaled.jpg\" alt=\"aidssh-11\" \/><\/figure><\/div><div class=\"swiper-slide\" role=\"group\" aria-roledescription=\"slide\" aria-label=\"12 of 14\"><figure class=\"swiper-slide-inner\"><img decoding=\"async\" class=\"swiper-slide-image\" src=\"https:\/\/aidssh.al\/wp-content\/uploads\/2025\/07\/aidssh-12-scaled.jpg\" alt=\"aidssh-12\" \/><\/figure><\/div><div class=\"swiper-slide\" role=\"group\" aria-roledescription=\"slide\" aria-label=\"13 of 14\"><figure class=\"swiper-slide-inner\"><img decoding=\"async\" class=\"swiper-slide-image\" src=\"https:\/\/aidssh.al\/wp-content\/uploads\/2025\/07\/aidssh-13-scaled.jpg\" alt=\"aidssh-13\" \/><\/figure><\/div><div class=\"swiper-slide\" role=\"group\" aria-roledescription=\"slide\" aria-label=\"14 of 14\"><figure class=\"swiper-slide-inner\"><img decoding=\"async\" class=\"swiper-slide-image\" src=\"https:\/\/aidssh.al\/wp-content\/uploads\/2025\/07\/aidssh-14-scaled.jpg\" alt=\"aidssh-14\" \/><\/figure><\/div>\t\t\t<\/div>\n\t\t\t\t\t\t\t\t\t\t\t\t<div class=\"elementor-swiper-button elementor-swiper-button-prev\" role=\"button\" tabindex=\"0\">\n\t\t\t\t\t\t<svg aria-hidden=\"true\" class=\"e-font-icon-svg e-eicon-chevron-left\" viewbox=\"0 0 1000 1000\" xmlns=\"http:\/\/www.w3.org\/2000\/svg\"><path d=\"M646 125C629 125 613 133 604 142L308 442C296 454 292 471 292 487 292 504 296 521 308 533L604 854C617 867 629 875 646 875 663 875 679 871 692 858 704 846 713 829 713 812 713 796 708 779 692 767L438 487 692 225C700 217 708 204 708 187 708 171 704 154 692 142 675 129 663 125 646 125Z\"><\/path><\/svg>\t\t\t\t\t<\/div>\n\t\t\t\t\t<div class=\"elementor-swiper-button elementor-swiper-button-next\" role=\"button\" tabindex=\"0\">\n\t\t\t\t\t\t<svg aria-hidden=\"true\" class=\"e-font-icon-svg e-eicon-chevron-right\" viewbox=\"0 0 1000 1000\" xmlns=\"http:\/\/www.w3.org\/2000\/svg\"><path d=\"M696 533C708 521 713 504 713 487 713 471 708 454 696 446L400 146C388 133 375 125 354 125 338 125 325 129 313 142 300 154 292 171 292 187 292 204 296 221 308 233L563 492 304 771C292 783 288 800 288 817 288 833 296 850 308 863 321 871 338 875 354 875 371 875 388 867 400 854L696 533Z\"><\/path><\/svg>\t\t\t\t\t<\/div>\n\t\t\t\t\n\t\t\t\t\t\t\t\t\t<div class=\"swiper-pagination\"><\/div>\n\t\t\t\t\t\t\t\t\t<\/div>\n\t\t\t\t\t\t<\/div>\n\t\t\t\t<\/div>\n\t\t\t\t<\/div>\n\t\t\t\t<\/div>\n\t\t\t\t<\/div>","protected":false},"excerpt":{"rendered":"<p>\u201cT\u00eb m\u00ebsojm\u00eb mbi t\u00eb shkuar\u00ebn-burime arsimore t\u00eb hapura 1944-1991\u201d. Ekspozit\u00eb dokumentare, l\u00ebvizjet demokratike n\u00eb syrin e Ish-Sigurimit t\u00eb Shtetit mbajtur m\u00eb 20 shkurt 2023, Tiran\u00eb. AIDSSH n\u00eb bashk\u00ebpunim me Ministrin\u00eb e Arsimit dhe Sporteve, Agjencin\u00eb Telegrafike Shqiptare, Radio Televizionin Shqiptar si dhe Agjencin\u00eb e Sigurimit t\u00eb Cil\u00ebsis\u00eb s\u00eb Arsimit Parauniversitar (ASCAP), organizoi nj\u00eb ekspozit\u00eb arkivore [&hellip;]<\/p>","protected":false},"author":1,"featured_media":533,"parent":750,"menu_order":0,"comment_status":"closed","ping_status":"closed","template":"","meta":{"_acf_changed":false,"footnotes":""},"class_list":["post-6441","page","type-page","status-publish","has-post-thumbnail","hentry"],"acf":[],"_links":{"self":[{"href":"https:\/\/aidssh.al\/en\/wp-json\/wp\/v2\/pages\/6441","targetHints":{"allow":["GET"]}}],"collection":[{"href":"https:\/\/aidssh.al\/en\/wp-json\/wp\/v2\/pages"}],"about":[{"href":"https:\/\/aidssh.al\/en\/wp-json\/wp\/v2\/types\/page"}],"author":[{"embeddable":true,"href":"https:\/\/aidssh.al\/en\/wp-json\/wp\/v2\/users\/1"}],"replies":[{"embeddable":true,"href":"https:\/\/aidssh.al\/en\/wp-json\/wp\/v2\/comments?post=6441"}],"version-history":[{"count":0,"href":"https:\/\/aidssh.al\/en\/wp-json\/wp\/v2\/pages\/6441\/revisions"}],"up":[{"embeddable":true,"href":"https:\/\/aidssh.al\/en\/wp-json\/wp\/v2\/pages\/750"}],"wp:featuredmedia":[{"embeddable":true,"href":"https:\/\/aidssh.al\/en\/wp-json\/wp\/v2\/media\/533"}],"wp:attachment":[{"href":"https:\/\/aidssh.al\/en\/wp-json\/wp\/v2\/media?parent=6441"}],"curies":[{"name":"wp","href":"https:\/\/api.w.org\/{rel}","templated":true}]}}