{"id":6467,"date":"2025-07-08T16:10:00","date_gmt":"2025-07-08T14:10:00","guid":{"rendered":"https:\/\/aidssh.instant.al\/?page_id=6467"},"modified":"2025-07-08T16:14:37","modified_gmt":"2025-07-08T14:14:37","slug":"ekspozita-fizike-2022","status":"publish","type":"page","link":"https:\/\/aidssh.al\/en\/edukimi\/ekspozita\/ekspozita-fizike\/ekspozita-fizike-2022\/","title":{"rendered":"Physical exhibition 2022"},"content":{"rendered":"<div data-elementor-type=\"wp-page\" data-elementor-id=\"6467\" class=\"elementor elementor-6467\" data-elementor-post-type=\"page\">\n\t\t\t\t<div class=\"elementor-element elementor-element-7c8d609 e-con-full e-flex e-con e-parent\" data-id=\"7c8d609\" data-element_type=\"container\">\n\t\t\t\t<div class=\"elementor-element elementor-element-9709a1c elementor-widget elementor-widget-template\" data-id=\"9709a1c\" data-element_type=\"widget\" data-widget_type=\"template.default\">\n\t\t\t\t<div class=\"elementor-widget-container\">\n\t\t\t\t\t\t\t<div class=\"elementor-template\">\n\t\t\t\t\t<div data-elementor-type=\"container\" data-elementor-id=\"866\" class=\"elementor elementor-866\" data-elementor-post-type=\"elementor_library\">\n\t\t\t\t<div class=\"elementor-element elementor-element-58c6923c e-flex e-con-boxed e-con e-parent\" data-id=\"58c6923c\" data-element_type=\"container\" data-settings=\"{&quot;background_background&quot;:&quot;classic&quot;}\">\n\t\t\t\t\t<div class=\"e-con-inner\">\n\t\t\t\t<div class=\"elementor-element elementor-element-3356bc54 elementor-widget elementor-widget-heading\" data-id=\"3356bc54\" data-element_type=\"widget\" data-widget_type=\"heading.default\">\n\t\t\t\t<div class=\"elementor-widget-container\">\n\t\t\t\t\t<h1 class=\"elementor-heading-title elementor-size-default\">Physical exhibition 2022<\/h1>\t\t\t\t<\/div>\n\t\t\t\t<\/div>\n\t\t\t\t\t<\/div>\n\t\t\t\t<\/div>\n\t\t\t\t<\/div>\n\t\t\t\t<\/div>\n\t\t\t\t\t\t<\/div>\n\t\t\t\t<\/div>\n\t\t\t\t<\/div>\n\t\t<div class=\"elementor-element elementor-element-622ee7e e-con-full e-flex e-con e-parent\" data-id=\"622ee7e\" data-element_type=\"container\">\n\t\t<div class=\"elementor-element elementor-element-b87bd2a e-con-full e-flex e-con e-child\" data-id=\"b87bd2a\" data-element_type=\"container\">\n\t\t\t\t<div class=\"elementor-element elementor-element-7de8337 elementor-widget elementor-widget-heading\" data-id=\"7de8337\" data-element_type=\"widget\" data-widget_type=\"heading.default\">\n\t\t\t\t<div class=\"elementor-widget-container\">\n\t\t\t\t\t<h5 class=\"elementor-heading-title elementor-size-default\">Permanent informative exhibition at the former internment camp in Tepelena, on February 14, 2022.<\/h5>\t\t\t\t<\/div>\n\t\t\t\t<\/div>\n\t\t\t\t<div class=\"elementor-element elementor-element-0c88304 elementor-widget elementor-widget-text-editor\" data-id=\"0c88304\" data-element_type=\"widget\" data-widget_type=\"text-editor.default\">\n\t\t\t\t<div class=\"elementor-widget-container\">\n\t\t\t\t\t\t\t\t\t<p>Organized by AIDSSH and the International Commission on Missing Persons, in cooperation with the Municipality of Tepelena, at the conclusion of the ICMP-AIDSSH project. <strong>\u201cIncreasing public awareness of transitional justice and reconciliation:<\/strong>\u00a0\u201c<strong>The Missing during Communism<\/strong>\u201d, supported by the EU and the Swiss Embassy. It was prepared using research materials from the Institute of History and archival data on those interned in the barbed-wire camp of Tepelena. Also included are valuable sketches depicting camp life in photographic form, skillfully created by Lek Pervizi, who was interned in Tepelena. The information was presented in both Albanian and English for all visitors to the camp.<\/p>\t\t\t\t\t\t\t\t<\/div>\n\t\t\t\t<\/div>\n\t\t\t\t<div class=\"elementor-element elementor-element-f66627a elementor-align-center elementor-widget elementor-widget-button\" data-id=\"f66627a\" data-element_type=\"widget\" data-widget_type=\"button.default\">\n\t\t\t\t<div class=\"elementor-widget-container\">\n\t\t\t\t\t\t\t\t\t<div class=\"elementor-button-wrapper\">\n\t\t\t\t\t<a class=\"elementor-button elementor-button-link elementor-size-sm\" href=\"https:\/\/www.facebook.com\/AutoritetiDosjeve\/posts\/pfbid02yUbF5AGsqQASp38Y5dLAhKFYRZoeUUTWT2YjmFM7hpkxRpxJqdhyRDUzsKdA9NCWl?locale=sq_AL\" target=\"_blank\" rel=\"noopener\">\n\t\t\t\t\t\t<span class=\"elementor-button-content-wrapper\">\n\t\t\t\t\t\t\t\t\t<span class=\"elementor-button-text\">Facebook Link<\/span>\n\t\t\t\t\t<\/span>\n\t\t\t\t\t<\/a>\n\t\t\t\t<\/div>\n\t\t\t\t\t\t\t\t<\/div>\n\t\t\t\t<\/div>\n\t\t\t\t<\/div>\n\t\t<div class=\"elementor-element elementor-element-8beb631 e-con-full e-flex e-con e-child\" data-id=\"8beb631\" data-element_type=\"container\">\n\t\t\t\t<div class=\"elementor-element elementor-element-8f211d1 elementor-widget elementor-widget-heading\" data-id=\"8f211d1\" data-element_type=\"widget\" data-widget_type=\"heading.default\">\n\t\t\t\t<div class=\"elementor-widget-container\">\n\t\t\t\t\t<h5 class=\"elementor-heading-title elementor-size-default\">Permanent informative exhibition about the former labor camp in Maliq held on February 17, 2022.<\/h5>\t\t\t\t<\/div>\n\t\t\t\t<\/div>\n\t\t\t\t<div class=\"elementor-element elementor-element-d5a1afa elementor-widget elementor-widget-text-editor\" data-id=\"d5a1afa\" data-element_type=\"widget\" data-widget_type=\"text-editor.default\">\n\t\t\t\t<div class=\"elementor-widget-container\">\n\t\t\t\t\t\t\t\t\t<p>Organized by AIDSSH and the International Commission on Missing Persons, in cooperation with the Municipality and Municipal Council of Maliq, at the conclusion of the ICMP-AIDSSH project, \u201c<strong>Increasing public awareness of transitional justice and reconciliation: The Missing during Communism<\/strong>\u201d, supported by the EU and the Swiss Embassy. The exhibition was prepared based on research of archival data concerning prisoners in the labor camp of Orman-Pojan, Vlo\u00e7isht.<\/p>\t\t\t\t\t\t\t\t<\/div>\n\t\t\t\t<\/div>\n\t\t\t\t<div class=\"elementor-element elementor-element-f1af5f5 elementor-align-center elementor-widget elementor-widget-button\" data-id=\"f1af5f5\" data-element_type=\"widget\" data-widget_type=\"button.default\">\n\t\t\t\t<div class=\"elementor-widget-container\">\n\t\t\t\t\t\t\t\t\t<div class=\"elementor-button-wrapper\">\n\t\t\t\t\t<a class=\"elementor-button elementor-button-link elementor-size-sm\" href=\"https:\/\/www.facebook.com\/AutoritetiDosjeve\/posts\/pfbid02cTG2d924kY8oZy8WbsSuZNCsCBMbCFfKM3panLibiPneg6BUmMbzGX8AsHxSXmrBl?locale=sq_AL\" target=\"_blank\" rel=\"noopener\">\n\t\t\t\t\t\t<span class=\"elementor-button-content-wrapper\">\n\t\t\t\t\t\t\t\t\t<span class=\"elementor-button-text\">Facebook Link<\/span>\n\t\t\t\t\t<\/span>\n\t\t\t\t\t<\/a>\n\t\t\t\t<\/div>\n\t\t\t\t\t\t\t\t<\/div>\n\t\t\t\t<\/div>\n\t\t\t\t<\/div>\n\t\t<div class=\"elementor-element elementor-element-3d3529b e-con-full e-flex e-con e-child\" data-id=\"3d3529b\" data-element_type=\"container\">\n\t\t\t\t<div class=\"elementor-element elementor-element-47ed863 elementor-widget elementor-widget-heading\" data-id=\"47ed863\" data-element_type=\"widget\" data-widget_type=\"heading.default\">\n\t\t\t\t<div class=\"elementor-widget-container\">\n\t\t\t\t\t<h5 class=\"elementor-heading-title elementor-size-default\">Virtual exhibition \u201cThe State Security in Its Own Words.\u201d<\/h5>\t\t\t\t<\/div>\n\t\t\t\t<\/div>\n\t\t\t\t<div class=\"elementor-element elementor-element-e74a1b3 elementor-widget elementor-widget-text-editor\" data-id=\"e74a1b3\" data-element_type=\"widget\" data-widget_type=\"text-editor.default\">\n\t\t\t\t<div class=\"elementor-widget-container\">\n\t\t\t\t\t\t\t\t\t<p>AIDSHH presented the book of testimonies about the missing persons and the virtual exhibition \u201cThe State Security in Its Own Words,\u201d at the new premises near the Sk\u00ebnderbej garrison on February 24, 2022.<\/p>\t\t\t\t\t\t\t\t<\/div>\n\t\t\t\t<\/div>\n\t\t\t\t<div class=\"elementor-element elementor-element-a9a6641 elementor-align-center elementor-widget elementor-widget-button\" data-id=\"a9a6641\" data-element_type=\"widget\" data-widget_type=\"button.default\">\n\t\t\t\t<div class=\"elementor-widget-container\">\n\t\t\t\t\t\t\t\t\t<div class=\"elementor-button-wrapper\">\n\t\t\t\t\t<a class=\"elementor-button elementor-button-link elementor-size-sm\" href=\"https:\/\/www.facebook.com\/AutoritetiDosjeve\/posts\/pfbid0b9aXF9XWfK8mEMCLDwHxsdARdXdjEUytDPdbrW8pEyxgMYEYMi6bpDo86Hfb1ebdl?locale=sq_AL\" target=\"_blank\" rel=\"noopener\">\n\t\t\t\t\t\t<span class=\"elementor-button-content-wrapper\">\n\t\t\t\t\t\t\t\t\t<span class=\"elementor-button-text\">Facebook Link<\/span>\n\t\t\t\t\t<\/span>\n\t\t\t\t\t<\/a>\n\t\t\t\t<\/div>\n\t\t\t\t\t\t\t\t<\/div>\n\t\t\t\t<\/div>\n\t\t\t\t<\/div>\n\t\t<div class=\"elementor-element elementor-element-bfaad45 e-con-full e-flex e-con e-child\" data-id=\"bfaad45\" data-element_type=\"container\">\n\t\t\t\t<div class=\"elementor-element elementor-element-2f2ab2d elementor-widget elementor-widget-heading\" data-id=\"2f2ab2d\" data-element_type=\"widget\" data-widget_type=\"heading.default\">\n\t\t\t\t<div class=\"elementor-widget-container\">\n\t\t\t\t\t<h5 class=\"elementor-heading-title elementor-size-default\">The exhibition \u201cUdha e Kujtes\u00ebs\u201d \/ \u201cRemembrance Path\u201d held on May 26, 2022, in Lushnj\u00eb.<\/h5>\t\t\t\t<\/div>\n\t\t\t\t<\/div>\n\t\t\t\t<div class=\"elementor-element elementor-element-16ba870 elementor-widget elementor-widget-text-editor\" data-id=\"16ba870\" data-element_type=\"widget\" data-widget_type=\"text-editor.default\">\n\t\t\t\t<div class=\"elementor-widget-container\">\n\t\t\t\t\t\t\t\t\t<p>The exhibition was held as part of the project \u201cProfiles of the Past: The Struggle for Freedom and Democracy during the Hoxha Regime,\u201d<strong>\u00a0<\/strong>carried out by the University of Tirana, La Sapienza University of Rome, Fondazione di Storia Onlus, the \u201cZ\u00ebri Qytetar\u201d Association, and ISEM.<\/p>\t\t\t\t\t\t\t\t<\/div>\n\t\t\t\t<\/div>\n\t\t\t\t<div class=\"elementor-element elementor-element-9feced4 elementor-align-center elementor-widget elementor-widget-button\" data-id=\"9feced4\" data-element_type=\"widget\" data-widget_type=\"button.default\">\n\t\t\t\t<div class=\"elementor-widget-container\">\n\t\t\t\t\t\t\t\t\t<div class=\"elementor-button-wrapper\">\n\t\t\t\t\t<a class=\"elementor-button elementor-button-link elementor-size-sm\" href=\"https:\/\/www.facebook.com\/AutoritetiDosjeve\/posts\/pfbid0hdb8Ew5Z3GXJg9EP7ZRo6V7jnA5J56tjuBaKqhJSJrDfymZzciErC569y5ax9Rftl?locale=sq_AL\" target=\"_blank\" rel=\"noopener\">\n\t\t\t\t\t\t<span class=\"elementor-button-content-wrapper\">\n\t\t\t\t\t\t\t\t\t<span class=\"elementor-button-text\">Facebook Link<\/span>\n\t\t\t\t\t<\/span>\n\t\t\t\t\t<\/a>\n\t\t\t\t<\/div>\n\t\t\t\t\t\t\t\t<\/div>\n\t\t\t\t<\/div>\n\t\t\t\t<\/div>\n\t\t\t\t<\/div>\n\t\t\t\t<\/div>","protected":false},"excerpt":{"rendered":"<p>Ekspozit\u00eb e p\u00ebrhershme informuese n\u00eb ish-kampin e internimit n\u00eb Tepelen\u00eb, m\u00eb 14 shkurt 2022 Organizuar nga AIDSSH dhe Komisioni Nd\u00ebrkomb\u00ebtar p\u00ebr Personat e Zhdukur, n\u00eb bashk\u00ebpunim me Bashkin\u00eb e Tepelen\u00ebs, n\u00eb mbyllje t\u00eb projektit ICMP-AIDSSH \u201cRritja e nd\u00ebrgjegj\u00ebsimit t\u00eb publikut p\u00ebr drejt\u00ebsin\u00eb tranzitore dhe t\u00eb pajtimit:\u00a0\u201cT\u00eb zhdukurit n\u00eb komuniz\u00ebm\u201d, t\u00eb mb\u00ebshtetur nga BE dhe Ambasada [&hellip;]<\/p>","protected":false},"author":1,"featured_media":533,"parent":750,"menu_order":0,"comment_status":"closed","ping_status":"closed","template":"","meta":{"_acf_changed":false,"footnotes":""},"class_list":["post-6467","page","type-page","status-publish","has-post-thumbnail","hentry"],"acf":[],"_links":{"self":[{"href":"https:\/\/aidssh.al\/en\/wp-json\/wp\/v2\/pages\/6467","targetHints":{"allow":["GET"]}}],"collection":[{"href":"https:\/\/aidssh.al\/en\/wp-json\/wp\/v2\/pages"}],"about":[{"href":"https:\/\/aidssh.al\/en\/wp-json\/wp\/v2\/types\/page"}],"author":[{"embeddable":true,"href":"https:\/\/aidssh.al\/en\/wp-json\/wp\/v2\/users\/1"}],"replies":[{"embeddable":true,"href":"https:\/\/aidssh.al\/en\/wp-json\/wp\/v2\/comments?post=6467"}],"version-history":[{"count":0,"href":"https:\/\/aidssh.al\/en\/wp-json\/wp\/v2\/pages\/6467\/revisions"}],"up":[{"embeddable":true,"href":"https:\/\/aidssh.al\/en\/wp-json\/wp\/v2\/pages\/750"}],"wp:featuredmedia":[{"embeddable":true,"href":"https:\/\/aidssh.al\/en\/wp-json\/wp\/v2\/media\/533"}],"wp:attachment":[{"href":"https:\/\/aidssh.al\/en\/wp-json\/wp\/v2\/media?parent=6467"}],"curies":[{"name":"wp","href":"https:\/\/api.w.org\/{rel}","templated":true}]}}