{"id":6476,"date":"2025-07-08T16:15:42","date_gmt":"2025-07-08T14:15:42","guid":{"rendered":"https:\/\/aidssh.instant.al\/?page_id=6476"},"modified":"2025-07-08T16:20:26","modified_gmt":"2025-07-08T14:20:26","slug":"ekspozita-fizike-2021","status":"publish","type":"page","link":"https:\/\/aidssh.al\/en\/edukimi\/ekspozita\/ekspozita-fizike\/ekspozita-fizike-2021\/","title":{"rendered":"Physical exhibition 2021"},"content":{"rendered":"<div data-elementor-type=\"wp-page\" data-elementor-id=\"6476\" class=\"elementor elementor-6476\" data-elementor-post-type=\"page\">\n\t\t\t\t<div class=\"elementor-element elementor-element-7c8d609 e-con-full e-flex e-con e-parent\" data-id=\"7c8d609\" data-element_type=\"container\">\n\t\t\t\t<div class=\"elementor-element elementor-element-9709a1c elementor-widget elementor-widget-template\" data-id=\"9709a1c\" data-element_type=\"widget\" data-widget_type=\"template.default\">\n\t\t\t\t<div class=\"elementor-widget-container\">\n\t\t\t\t\t\t\t<div class=\"elementor-template\">\n\t\t\t\t\t<div data-elementor-type=\"container\" data-elementor-id=\"866\" class=\"elementor elementor-866\" data-elementor-post-type=\"elementor_library\">\n\t\t\t\t<div class=\"elementor-element elementor-element-58c6923c e-flex e-con-boxed e-con e-parent\" data-id=\"58c6923c\" data-element_type=\"container\" data-settings=\"{&quot;background_background&quot;:&quot;classic&quot;}\">\n\t\t\t\t\t<div class=\"e-con-inner\">\n\t\t\t\t<div class=\"elementor-element elementor-element-3356bc54 elementor-widget elementor-widget-heading\" data-id=\"3356bc54\" data-element_type=\"widget\" data-widget_type=\"heading.default\">\n\t\t\t\t<div class=\"elementor-widget-container\">\n\t\t\t\t\t<h1 class=\"elementor-heading-title elementor-size-default\">Physical exhibition 2021<\/h1>\t\t\t\t<\/div>\n\t\t\t\t<\/div>\n\t\t\t\t\t<\/div>\n\t\t\t\t<\/div>\n\t\t\t\t<\/div>\n\t\t\t\t<\/div>\n\t\t\t\t\t\t<\/div>\n\t\t\t\t<\/div>\n\t\t\t\t<\/div>\n\t\t<div class=\"elementor-element elementor-element-622ee7e e-con-full e-flex e-con e-parent\" data-id=\"622ee7e\" data-element_type=\"container\">\n\t\t<div class=\"elementor-element elementor-element-b87bd2a e-con-full e-flex e-con e-child\" data-id=\"b87bd2a\" data-element_type=\"container\">\n\t\t\t\t<div class=\"elementor-element elementor-element-7de8337 elementor-widget elementor-widget-heading\" data-id=\"7de8337\" data-element_type=\"widget\" data-widget_type=\"heading.default\">\n\t\t\t\t<div class=\"elementor-widget-container\">\n\t\t\t\t\t<h5 class=\"elementor-heading-title elementor-size-default\">The exhibition \u201cThe Unfinished Past\u201d opened on May 27-28, 2021, in Shkod\u00ebr.<\/h5>\t\t\t\t<\/div>\n\t\t\t\t<\/div>\n\t\t\t\t<div class=\"elementor-element elementor-element-0c88304 elementor-widget elementor-widget-text-editor\" data-id=\"0c88304\" data-element_type=\"widget\" data-widget_type=\"text-editor.default\">\n\t\t\t\t<div class=\"elementor-widget-container\">\n\t\t\t\t\t\t\t\t\t<p>AIDSSH presented to the citizens of Shkod\u00ebr profiles of the missing persons during communism, testimonies collected from the families of the missing within the project framework, and selected materials from research in the archives of the former State Security.<\/p>\t\t\t\t\t\t\t\t<\/div>\n\t\t\t\t<\/div>\n\t\t\t\t<div class=\"elementor-element elementor-element-f66627a elementor-align-center elementor-widget elementor-widget-button\" data-id=\"f66627a\" data-element_type=\"widget\" data-widget_type=\"button.default\">\n\t\t\t\t<div class=\"elementor-widget-container\">\n\t\t\t\t\t\t\t\t\t<div class=\"elementor-button-wrapper\">\n\t\t\t\t\t<a class=\"elementor-button elementor-button-link elementor-size-sm\" href=\"https:\/\/www.facebook.com\/AutoritetiDosjeve\/posts\/pfbid0r8nJzBTmZFoPDCD8FAYwrM8WhtvY7RVyyfc7SDTR5LUm4Vjaigb9Q5cYcGZBCjjQl?locale=sq_AL\" target=\"_blank\" rel=\"noopener\">\n\t\t\t\t\t\t<span class=\"elementor-button-content-wrapper\">\n\t\t\t\t\t\t\t\t\t<span class=\"elementor-button-text\">Facebook Link<\/span>\n\t\t\t\t\t<\/span>\n\t\t\t\t\t<\/a>\n\t\t\t\t<\/div>\n\t\t\t\t\t\t\t\t<\/div>\n\t\t\t\t<\/div>\n\t\t\t\t<\/div>\n\t\t<div class=\"elementor-element elementor-element-8beb631 e-con-full e-flex e-con e-child\" data-id=\"8beb631\" data-element_type=\"container\">\n\t\t\t\t<div class=\"elementor-element elementor-element-8f211d1 elementor-widget elementor-widget-heading\" data-id=\"8f211d1\" data-element_type=\"widget\" data-widget_type=\"heading.default\">\n\t\t\t\t<div class=\"elementor-widget-container\">\n\t\t\t\t\t<h5 class=\"elementor-heading-title elementor-size-default\">The exhibition \u201cThe Unfinished Past\u201d opened in Sarand\u00eb on July 8, 2021.<\/h5>\t\t\t\t<\/div>\n\t\t\t\t<\/div>\n\t\t\t\t<div class=\"elementor-element elementor-element-d5a1afa elementor-widget elementor-widget-text-editor\" data-id=\"d5a1afa\" data-element_type=\"widget\" data-widget_type=\"text-editor.default\">\n\t\t\t\t<div class=\"elementor-widget-container\">\n\t\t\t\t\t\t\t\t\t<p><strong>N<\/strong>At the premises of the Municipality of Sarand\u00eb, an exhibition was presented to the citizens of Sarand\u00eb featuring profiles of the missing persons during communism, testimonies collected from families of the missing, and a guide for the families of the disappeared during communism. The event was attended by families of the missing in the coastal and border areas as well as in Sarand\u00eb, associations of persecuted persons and memory, representatives of interest groups, civil society actors, and journalists.<\/p>\t\t\t\t\t\t\t\t<\/div>\n\t\t\t\t<\/div>\n\t\t\t\t<div class=\"elementor-element elementor-element-f1af5f5 elementor-align-center elementor-widget elementor-widget-button\" data-id=\"f1af5f5\" data-element_type=\"widget\" data-widget_type=\"button.default\">\n\t\t\t\t<div class=\"elementor-widget-container\">\n\t\t\t\t\t\t\t\t\t<div class=\"elementor-button-wrapper\">\n\t\t\t\t\t<a class=\"elementor-button elementor-button-link elementor-size-sm\" href=\"https:\/\/www.facebook.com\/AutoritetiDosjeve\/posts\/pfbid0HqwMGdWgwsTCKeKJVp3qHUmN8ZNmNsGQW6SLYZNYAt7ErSEnZFWe25DChWDNHMovl?locale=sq_AL\" target=\"_blank\" rel=\"noopener\">\n\t\t\t\t\t\t<span class=\"elementor-button-content-wrapper\">\n\t\t\t\t\t\t\t\t\t<span class=\"elementor-button-text\">Facebook Link<\/span>\n\t\t\t\t\t<\/span>\n\t\t\t\t\t<\/a>\n\t\t\t\t<\/div>\n\t\t\t\t\t\t\t\t<\/div>\n\t\t\t\t<\/div>\n\t\t\t\t<\/div>\n\t\t<div class=\"elementor-element elementor-element-3d3529b e-con-full e-flex e-con e-child\" data-id=\"3d3529b\" data-element_type=\"container\">\n\t\t\t\t<div class=\"elementor-element elementor-element-e74a1b3 elementor-widget elementor-widget-text-editor\" data-id=\"e74a1b3\" data-element_type=\"widget\" data-widget_type=\"text-editor.default\">\n\t\t\t\t<div class=\"elementor-widget-container\">\n\t\t\t\t\t\t\t\t\t<p><strong>On August 23 and 24,<\/strong>\u00a0On European Day, in memory of the victims of totalitarianism, the Authority's team conducted an educational and commemorative trip, as well as presentation meetings in the Tepelena and Gjirokastra areas, as part of the ICMP-AIDSSH project. AIDSSH presented to the citizens of Tepelena the exhibition \u201c<strong>The Unfinished Past<\/strong>\u201d, featuring profiles of the missing persons during communism, testimonies collected from the families of the missing within the project framework, and selected materials from research in the archives of the former State Security.<\/p>\t\t\t\t\t\t\t\t<\/div>\n\t\t\t\t<\/div>\n\t\t\t\t<div class=\"elementor-element elementor-element-a9a6641 elementor-align-center elementor-widget elementor-widget-button\" data-id=\"a9a6641\" data-element_type=\"widget\" data-widget_type=\"button.default\">\n\t\t\t\t<div class=\"elementor-widget-container\">\n\t\t\t\t\t\t\t\t\t<div class=\"elementor-button-wrapper\">\n\t\t\t\t\t<a class=\"elementor-button elementor-button-link elementor-size-sm\" href=\"https:\/\/www.facebook.com\/AutoritetiDosjeve\/posts\/pfbid02qZoMLzGmbUBeM3Z5yY7sgYM3LwTzXMW11jb9wpsufJ4q7jQ6ur7YdKFdJmmLhbGZl?locale=sq_AL\" target=\"_blank\" rel=\"noopener\">\n\t\t\t\t\t\t<span class=\"elementor-button-content-wrapper\">\n\t\t\t\t\t\t\t\t\t<span class=\"elementor-button-text\">Facebook Link<\/span>\n\t\t\t\t\t<\/span>\n\t\t\t\t\t<\/a>\n\t\t\t\t<\/div>\n\t\t\t\t\t\t\t\t<\/div>\n\t\t\t\t<\/div>\n\t\t\t\t<\/div>\n\t\t<div class=\"elementor-element elementor-element-bfaad45 e-con-full e-flex e-con e-child\" data-id=\"bfaad45\" data-element_type=\"container\">\n\t\t\t\t<div class=\"elementor-element elementor-element-16ba870 elementor-widget elementor-widget-text-editor\" data-id=\"16ba870\" data-element_type=\"widget\" data-widget_type=\"text-editor.default\">\n\t\t\t\t<div class=\"elementor-widget-container\">\n\t\t\t\t\t\t\t\t\t<p class=\"translation-block\">Exhibition on the disappeared under communism \u201c<strong>The Sigurimi in its own words\u201d held on August 30, 2021<\/strong>, AIDSSH presented historical data from 19 branches of the former State Security across the country. The exhibition was installed in the \u201cFadil Kokomani, Vangjel Lezho\u201d park near the Prime Minister\u2019s Office, named after two journalists whose remains are still missing.<\/p>\t\t\t\t\t\t\t\t<\/div>\n\t\t\t\t<\/div>\n\t\t\t\t<div class=\"elementor-element elementor-element-9feced4 elementor-align-center elementor-widget__width-initial elementor-widget elementor-widget-button\" data-id=\"9feced4\" data-element_type=\"widget\" data-widget_type=\"button.default\">\n\t\t\t\t<div class=\"elementor-widget-container\">\n\t\t\t\t\t\t\t\t\t<div class=\"elementor-button-wrapper\">\n\t\t\t\t\t<a class=\"elementor-button elementor-button-link elementor-size-sm\" href=\"https:\/\/www.facebook.com\/AutoritetiDosjeve\/posts\/pfbid02qyVqyjQmDHuHdfBHyjZoyLjxL1bZ3Lahi6pfTjYSuYseHyPJ8z5Uyf8ZGfHbJMPwl?locale=sq_AL\" target=\"_blank\" rel=\"noopener\">\n\t\t\t\t\t\t<span class=\"elementor-button-content-wrapper\">\n\t\t\t\t\t\t\t\t\t<span class=\"elementor-button-text\">Facebook Link<\/span>\n\t\t\t\t\t<\/span>\n\t\t\t\t\t<\/a>\n\t\t\t\t<\/div>\n\t\t\t\t\t\t\t\t<\/div>\n\t\t\t\t<\/div>\n\t\t\t\t<div class=\"elementor-element elementor-element-382c5cf elementor-widget__width-initial elementor-widget elementor-widget-image\" data-id=\"382c5cf\" data-element_type=\"widget\" data-widget_type=\"image.default\">\n\t\t\t\t<div class=\"elementor-widget-container\">\n\t\t\t\t\t\t\t\t\t\t\t\t\t\t\t<img fetchpriority=\"high\" decoding=\"async\" width=\"214\" height=\"300\" src=\"https:\/\/aidssh.al\/wp-content\/uploads\/2025\/07\/19-dege-sigurimi-214x300.jpg\" class=\"attachment-medium size-medium wp-image-6478\" alt=\"\" srcset=\"https:\/\/aidssh.al\/wp-content\/uploads\/2025\/07\/19-dege-sigurimi-214x300.jpg 214w, https:\/\/aidssh.al\/wp-content\/uploads\/2025\/07\/19-dege-sigurimi-731x1024.jpg 731w, https:\/\/aidssh.al\/wp-content\/uploads\/2025\/07\/19-dege-sigurimi-768x1075.jpg 768w, https:\/\/aidssh.al\/wp-content\/uploads\/2025\/07\/19-dege-sigurimi-1097x1536.jpg 1097w, https:\/\/aidssh.al\/wp-content\/uploads\/2025\/07\/19-dege-sigurimi-9x12.jpg 9w, https:\/\/aidssh.al\/wp-content\/uploads\/2025\/07\/19-dege-sigurimi.jpg 1417w\" sizes=\"(max-width: 214px) 100vw, 214px\" \/>\t\t\t\t\t\t\t\t\t\t\t\t\t\t\t<\/div>\n\t\t\t\t<\/div>\n\t\t\t\t<\/div>\n\t\t<div class=\"elementor-element elementor-element-f660243 e-con-full e-flex e-con e-child\" data-id=\"f660243\" data-element_type=\"container\">\n\t\t\t\t<div class=\"elementor-element elementor-element-8464a8b elementor-widget elementor-widget-heading\" data-id=\"8464a8b\" data-element_type=\"widget\" data-widget_type=\"heading.default\">\n\t\t\t\t<div class=\"elementor-widget-container\">\n\t\t\t\t\t<h5 class=\"elementor-heading-title elementor-size-default\">Documentary exhibition: \u201cTirana through the Eyes of the Former State Security\u201d<\/h5>\t\t\t\t<\/div>\n\t\t\t\t<\/div>\n\t\t\t\t<div class=\"elementor-element elementor-element-f297bef elementor-widget elementor-widget-text-editor\" data-id=\"f297bef\" data-element_type=\"widget\" data-widget_type=\"text-editor.default\">\n\t\t\t\t<div class=\"elementor-widget-container\">\n\t\t\t\t\t\t\t\t\t<p>was held at the premises of<strong>\u00a0<\/strong>the Palace of Concerts (Former Palace of Congresses)<strong>,\u00a0<\/strong>on November 18, 2021, a project by AIDSSH in cooperation with the \u201cTirana\u201d Association, the Institute of History, ASA, and the European University of Tirana, supported by the Municipality of Tirana. The archival exhibition featuring materials opened for the first time marked the beginning of the Dialogue for Tirana activities, covering the half-century during which the capital was surveilled, persecuted, and oppressed by the communist regime.<\/p>\t\t\t\t\t\t\t\t<\/div>\n\t\t\t\t<\/div>\n\t\t\t\t<div class=\"elementor-element elementor-element-53c13aa elementor-align-center elementor-widget__width-initial elementor-widget elementor-widget-button\" data-id=\"53c13aa\" data-element_type=\"widget\" data-widget_type=\"button.default\">\n\t\t\t\t<div class=\"elementor-widget-container\">\n\t\t\t\t\t\t\t\t\t<div class=\"elementor-button-wrapper\">\n\t\t\t\t\t<a class=\"elementor-button elementor-button-link elementor-size-sm\" href=\"https:\/\/www.facebook.com\/AutoritetiDosjeve\/posts\/pfbid0nqLUvuQr88z9fhsaPbfkMp8zQ3bgF4r1Nh6n3HNLxd4DSCChXrxfMDtdTH76degtl?locale=sq_AL\" target=\"_blank\" rel=\"noopener\">\n\t\t\t\t\t\t<span class=\"elementor-button-content-wrapper\">\n\t\t\t\t\t\t\t\t\t<span class=\"elementor-button-text\">Facebook Link<\/span>\n\t\t\t\t\t<\/span>\n\t\t\t\t\t<\/a>\n\t\t\t\t<\/div>\n\t\t\t\t\t\t\t\t<\/div>\n\t\t\t\t<\/div>\n\t\t\t\t<div class=\"elementor-element elementor-element-9a86167 elementor-widget__width-initial elementor-widget elementor-widget-image\" data-id=\"9a86167\" data-element_type=\"widget\" data-widget_type=\"image.default\">\n\t\t\t\t<div class=\"elementor-widget-container\">\n\t\t\t\t\t\t\t\t\t\t\t\t\t\t\t<img decoding=\"async\" width=\"200\" height=\"300\" src=\"https:\/\/aidssh.al\/wp-content\/uploads\/2025\/07\/Tirana-ne-Syte-e-Sigurimit-Dialogu-i-Tiranes-200x300.jpg\" class=\"attachment-medium size-medium wp-image-6479\" alt=\"\" srcset=\"https:\/\/aidssh.al\/wp-content\/uploads\/2025\/07\/Tirana-ne-Syte-e-Sigurimit-Dialogu-i-Tiranes-200x300.jpg 200w, https:\/\/aidssh.al\/wp-content\/uploads\/2025\/07\/Tirana-ne-Syte-e-Sigurimit-Dialogu-i-Tiranes-683x1024.jpg 683w, https:\/\/aidssh.al\/wp-content\/uploads\/2025\/07\/Tirana-ne-Syte-e-Sigurimit-Dialogu-i-Tiranes-768x1152.jpg 768w, https:\/\/aidssh.al\/wp-content\/uploads\/2025\/07\/Tirana-ne-Syte-e-Sigurimit-Dialogu-i-Tiranes-1024x1536.jpg 1024w, https:\/\/aidssh.al\/wp-content\/uploads\/2025\/07\/Tirana-ne-Syte-e-Sigurimit-Dialogu-i-Tiranes-8x12.jpg 8w, https:\/\/aidssh.al\/wp-content\/uploads\/2025\/07\/Tirana-ne-Syte-e-Sigurimit-Dialogu-i-Tiranes.jpg 1365w\" sizes=\"(max-width: 200px) 100vw, 200px\" \/>\t\t\t\t\t\t\t\t\t\t\t\t\t\t\t<\/div>\n\t\t\t\t<\/div>\n\t\t\t\t<\/div>\n\t\t\t\t<\/div>\n\t\t\t\t<\/div>","protected":false},"excerpt":{"rendered":"<p>Ekspozita \u201cE shkuara e pakryer\u201d u hap m\u00eb 27-28 Maj 2021 n\u00eb Shkod\u00ebr. AIDSSH prezantoi p\u00ebr qytetar\u00ebt shkodran\u00eb me profile t\u00eb t\u00eb pagjeturve t\u00eb komunizmit, d\u00ebshmi t\u00eb mbledhura nga familjar\u00eb t\u00eb t\u00eb pagjeturve n\u00eb kuad\u00ebr t\u00eb projektit dhe materiale t\u00eb p\u00ebrzgjedhura nga hulumtimi n\u00eb historik\u00ebt e Ish-Sigurimit. Facebook Link Ekspozita \u201cE shkuara e pakryer\u201d u [&hellip;]<\/p>","protected":false},"author":1,"featured_media":533,"parent":750,"menu_order":0,"comment_status":"closed","ping_status":"closed","template":"","meta":{"_acf_changed":false,"footnotes":""},"class_list":["post-6476","page","type-page","status-publish","has-post-thumbnail","hentry"],"acf":[],"_links":{"self":[{"href":"https:\/\/aidssh.al\/en\/wp-json\/wp\/v2\/pages\/6476","targetHints":{"allow":["GET"]}}],"collection":[{"href":"https:\/\/aidssh.al\/en\/wp-json\/wp\/v2\/pages"}],"about":[{"href":"https:\/\/aidssh.al\/en\/wp-json\/wp\/v2\/types\/page"}],"author":[{"embeddable":true,"href":"https:\/\/aidssh.al\/en\/wp-json\/wp\/v2\/users\/1"}],"replies":[{"embeddable":true,"href":"https:\/\/aidssh.al\/en\/wp-json\/wp\/v2\/comments?post=6476"}],"version-history":[{"count":0,"href":"https:\/\/aidssh.al\/en\/wp-json\/wp\/v2\/pages\/6476\/revisions"}],"up":[{"embeddable":true,"href":"https:\/\/aidssh.al\/en\/wp-json\/wp\/v2\/pages\/750"}],"wp:featuredmedia":[{"embeddable":true,"href":"https:\/\/aidssh.al\/en\/wp-json\/wp\/v2\/media\/533"}],"wp:attachment":[{"href":"https:\/\/aidssh.al\/en\/wp-json\/wp\/v2\/media?parent=6476"}],"curies":[{"name":"wp","href":"https:\/\/api.w.org\/{rel}","templated":true}]}}