{"id":6483,"date":"2025-07-08T16:22:03","date_gmt":"2025-07-08T14:22:03","guid":{"rendered":"https:\/\/aidssh.instant.al\/?page_id=6483"},"modified":"2025-07-08T16:23:16","modified_gmt":"2025-07-08T14:23:16","slug":"ekspozita-fizike-2020","status":"publish","type":"page","link":"https:\/\/aidssh.al\/en\/edukimi\/ekspozita\/ekspozita-fizike\/ekspozita-fizike-2020\/","title":{"rendered":"Physical exhibition 2020"},"content":{"rendered":"<div data-elementor-type=\"wp-page\" data-elementor-id=\"6483\" class=\"elementor elementor-6483\" data-elementor-post-type=\"page\">\n\t\t\t\t<div class=\"elementor-element elementor-element-7c8d609 e-con-full e-flex e-con e-parent\" data-id=\"7c8d609\" data-element_type=\"container\">\n\t\t\t\t<div class=\"elementor-element elementor-element-9709a1c elementor-widget elementor-widget-template\" data-id=\"9709a1c\" data-element_type=\"widget\" data-widget_type=\"template.default\">\n\t\t\t\t<div class=\"elementor-widget-container\">\n\t\t\t\t\t\t\t<div class=\"elementor-template\">\n\t\t\t\t\t<div data-elementor-type=\"container\" data-elementor-id=\"866\" class=\"elementor elementor-866\" data-elementor-post-type=\"elementor_library\">\n\t\t\t\t<div class=\"elementor-element elementor-element-58c6923c e-flex e-con-boxed e-con e-parent\" data-id=\"58c6923c\" data-element_type=\"container\" data-settings=\"{&quot;background_background&quot;:&quot;classic&quot;}\">\n\t\t\t\t\t<div class=\"e-con-inner\">\n\t\t\t\t<div class=\"elementor-element elementor-element-3356bc54 elementor-widget elementor-widget-heading\" data-id=\"3356bc54\" data-element_type=\"widget\" data-widget_type=\"heading.default\">\n\t\t\t\t<div class=\"elementor-widget-container\">\n\t\t\t\t\t<h1 class=\"elementor-heading-title elementor-size-default\">Physical exhibition 2020<\/h1>\t\t\t\t<\/div>\n\t\t\t\t<\/div>\n\t\t\t\t\t<\/div>\n\t\t\t\t<\/div>\n\t\t\t\t<\/div>\n\t\t\t\t<\/div>\n\t\t\t\t\t\t<\/div>\n\t\t\t\t<\/div>\n\t\t\t\t<\/div>\n\t\t<div class=\"elementor-element elementor-element-622ee7e e-con-full e-flex e-con e-parent\" data-id=\"622ee7e\" data-element_type=\"container\">\n\t\t<div class=\"elementor-element elementor-element-b87bd2a e-con-full e-flex e-con e-child\" data-id=\"b87bd2a\" data-element_type=\"container\">\n\t\t\t\t<div class=\"elementor-element elementor-element-7de8337 elementor-widget elementor-widget-heading\" data-id=\"7de8337\" data-element_type=\"widget\" data-widget_type=\"heading.default\">\n\t\t\t\t<div class=\"elementor-widget-container\">\n\t\t\t\t\t<h5 class=\"elementor-heading-title elementor-size-default\">Documentary exhibition.<\/h5>\t\t\t\t<\/div>\n\t\t\t\t<\/div>\n\t\t\t\t<div class=\"elementor-element elementor-element-0c88304 elementor-widget elementor-widget-text-editor\" data-id=\"0c88304\" data-element_type=\"widget\" data-widget_type=\"text-editor.default\">\n\t\t\t\t<div class=\"elementor-widget-container\">\n\t\t\t\t\t\t\t\t\t<p>As part of the scientific conference \u201c<strong>Albanian Political Emigration in the Years 1944-1990<\/strong>,\u201d in collaboration with the Ministry of Europe and Foreign Affairs and the National Historical Museum, AIDSSH presented on February 19, 2020<strong>.\u00a0<\/strong>the exhibition on emigration 1944-1990, with archival materials.<\/p>\t\t\t\t\t\t\t\t<\/div>\n\t\t\t\t<\/div>\n\t\t\t\t<div class=\"elementor-element elementor-element-f66627a elementor-align-center elementor-widget elementor-widget-button\" data-id=\"f66627a\" data-element_type=\"widget\" data-widget_type=\"button.default\">\n\t\t\t\t<div class=\"elementor-widget-container\">\n\t\t\t\t\t\t\t\t\t<div class=\"elementor-button-wrapper\">\n\t\t\t\t\t<a class=\"elementor-button elementor-button-link elementor-size-sm\" href=\"https:\/\/www.facebook.com\/AutoritetiDosjeve\/posts\/pfbid016WmDu9P6eTCjdZhRZkHz9rJ7pr9vivkZb94fZbVCJWhhJweTjd7GKNF5RR9ZUoLl?locale=sq_AL\" target=\"_blank\" rel=\"noopener\">\n\t\t\t\t\t\t<span class=\"elementor-button-content-wrapper\">\n\t\t\t\t\t\t\t\t\t<span class=\"elementor-button-text\">Facebook Link<\/span>\n\t\t\t\t\t<\/span>\n\t\t\t\t\t<\/a>\n\t\t\t\t<\/div>\n\t\t\t\t\t\t\t\t<\/div>\n\t\t\t\t<\/div>\n\t\t\t\t<\/div>\n\t\t<div class=\"elementor-element elementor-element-8beb631 e-con-full e-flex e-con e-child\" data-id=\"8beb631\" data-element_type=\"container\">\n\t\t\t\t<div class=\"elementor-element elementor-element-8f211d1 elementor-widget elementor-widget-heading\" data-id=\"8f211d1\" data-element_type=\"widget\" data-widget_type=\"heading.default\">\n\t\t\t\t<div class=\"elementor-widget-container\">\n\t\t\t\t\t<h5 class=\"elementor-heading-title elementor-size-default\">Documentary exhibition as part of the roundtable activity: \u201c95 Years of Martin Camaj \u2013 Works and Persecution\u201d<\/h5>\t\t\t\t<\/div>\n\t\t\t\t<\/div>\n\t\t\t\t<div class=\"elementor-element elementor-element-d5a1afa elementor-widget elementor-widget-text-editor\" data-id=\"d5a1afa\" data-element_type=\"widget\" data-widget_type=\"text-editor.default\">\n\t\t\t\t<div class=\"elementor-widget-container\">\n\t\t\t\t\t\t\t\t\t<p><strong>carried out in memory of European Day, commemorating the victims of totalitarianism.\u00a0<\/strong>During the event held on\u00a0<strong>August 28, 2020<\/strong>\u00a0An expanded documentary exhibition by AIDSSH was presented, featuring various types of State Security files from the 1944-1955 period, including archives, reports, platforms, operational records of the time, and files of over twenty intellectuals persecuted by the Security in Albania and abroad. Additionally, the literary works of Martin Camaj, published by Onufri, were also showcased.<\/p>\t\t\t\t\t\t\t\t<\/div>\n\t\t\t\t<\/div>\n\t\t\t\t<div class=\"elementor-element elementor-element-f1af5f5 elementor-align-center elementor-widget elementor-widget-button\" data-id=\"f1af5f5\" data-element_type=\"widget\" data-widget_type=\"button.default\">\n\t\t\t\t<div class=\"elementor-widget-container\">\n\t\t\t\t\t\t\t\t\t<div class=\"elementor-button-wrapper\">\n\t\t\t\t\t<a class=\"elementor-button elementor-button-link elementor-size-sm\" href=\"https:\/\/www.facebook.com\/AutoritetiDosjeve\/posts\/pfbid0Xe1bhNhcBSKxtEUzWbGx9VTpFENW4Ch1Vh6ecZaiX2J3GK5wmCm1FMJqTfdecAZXl?locale=sq_AL\" target=\"_blank\" rel=\"noopener\">\n\t\t\t\t\t\t<span class=\"elementor-button-content-wrapper\">\n\t\t\t\t\t\t\t\t\t<span class=\"elementor-button-text\">Facebook Link<\/span>\n\t\t\t\t\t<\/span>\n\t\t\t\t\t<\/a>\n\t\t\t\t<\/div>\n\t\t\t\t\t\t\t\t<\/div>\n\t\t\t\t<\/div>\n\t\t\t\t<\/div>\n\t\t\t\t<\/div>\n\t\t\t\t<\/div>","protected":false},"excerpt":{"rendered":"<p>Ekspozit\u00eb dokumentare. N\u00eb kuad\u00ebr t\u00eb konferenc\u00ebs shkencore \u201cEmigracioni politik shqiptar n\u00eb vitet 1944-1990\u201d, n\u00eb bashk\u00ebpunim me Ministrin\u00eb e Europ\u00ebs dhe Pun\u00ebve t\u00eb Jashtme dhe Muzeun Historik Komb\u00ebtar, AIDSSH prezantoi m\u00eb 19 shkurt 2020.\u00a0ekspozit\u00ebn mbi emigracionin 1944-1990, me materiale arkivore. Facebook Link Ekspozit\u00eb dokumentare n\u00eb kuad\u00ebr t\u00eb aktivitetit tryez\u00eb e rrumbullak\u00ebt: \u201c95 vjet Martin Camaj \u2013 [&hellip;]<\/p>","protected":false},"author":1,"featured_media":533,"parent":750,"menu_order":0,"comment_status":"closed","ping_status":"closed","template":"","meta":{"_acf_changed":false,"footnotes":""},"class_list":["post-6483","page","type-page","status-publish","has-post-thumbnail","hentry"],"acf":[],"_links":{"self":[{"href":"https:\/\/aidssh.al\/en\/wp-json\/wp\/v2\/pages\/6483","targetHints":{"allow":["GET"]}}],"collection":[{"href":"https:\/\/aidssh.al\/en\/wp-json\/wp\/v2\/pages"}],"about":[{"href":"https:\/\/aidssh.al\/en\/wp-json\/wp\/v2\/types\/page"}],"author":[{"embeddable":true,"href":"https:\/\/aidssh.al\/en\/wp-json\/wp\/v2\/users\/1"}],"replies":[{"embeddable":true,"href":"https:\/\/aidssh.al\/en\/wp-json\/wp\/v2\/comments?post=6483"}],"version-history":[{"count":0,"href":"https:\/\/aidssh.al\/en\/wp-json\/wp\/v2\/pages\/6483\/revisions"}],"up":[{"embeddable":true,"href":"https:\/\/aidssh.al\/en\/wp-json\/wp\/v2\/pages\/750"}],"wp:featuredmedia":[{"embeddable":true,"href":"https:\/\/aidssh.al\/en\/wp-json\/wp\/v2\/media\/533"}],"wp:attachment":[{"href":"https:\/\/aidssh.al\/en\/wp-json\/wp\/v2\/media?parent=6483"}],"curies":[{"name":"wp","href":"https:\/\/api.w.org\/{rel}","templated":true}]}}