{"id":6492,"date":"2025-07-08T16:23:52","date_gmt":"2025-07-08T14:23:52","guid":{"rendered":"https:\/\/aidssh.instant.al\/?page_id=6492"},"modified":"2025-07-08T16:27:49","modified_gmt":"2025-07-08T14:27:49","slug":"ekspozita-fizike-2019","status":"publish","type":"page","link":"https:\/\/aidssh.al\/en\/edukimi\/ekspozita\/ekspozita-fizike\/ekspozita-fizike-2019\/","title":{"rendered":"Physical exhibition 2019"},"content":{"rendered":"<div data-elementor-type=\"wp-page\" data-elementor-id=\"6492\" class=\"elementor elementor-6492\" data-elementor-post-type=\"page\">\n\t\t\t\t<div class=\"elementor-element elementor-element-7c8d609 e-con-full e-flex e-con e-parent\" data-id=\"7c8d609\" data-element_type=\"container\">\n\t\t\t\t<div class=\"elementor-element elementor-element-9709a1c elementor-widget elementor-widget-template\" data-id=\"9709a1c\" data-element_type=\"widget\" data-widget_type=\"template.default\">\n\t\t\t\t<div class=\"elementor-widget-container\">\n\t\t\t\t\t\t\t<div class=\"elementor-template\">\n\t\t\t\t\t<div data-elementor-type=\"container\" data-elementor-id=\"866\" class=\"elementor elementor-866\" data-elementor-post-type=\"elementor_library\">\n\t\t\t\t<div class=\"elementor-element elementor-element-58c6923c e-flex e-con-boxed e-con e-parent\" data-id=\"58c6923c\" data-element_type=\"container\" data-settings=\"{&quot;background_background&quot;:&quot;classic&quot;}\">\n\t\t\t\t\t<div class=\"e-con-inner\">\n\t\t\t\t<div class=\"elementor-element elementor-element-3356bc54 elementor-widget elementor-widget-heading\" data-id=\"3356bc54\" data-element_type=\"widget\" data-widget_type=\"heading.default\">\n\t\t\t\t<div class=\"elementor-widget-container\">\n\t\t\t\t\t<h1 class=\"elementor-heading-title elementor-size-default\">Physical exhibition 2019<\/h1>\t\t\t\t<\/div>\n\t\t\t\t<\/div>\n\t\t\t\t\t<\/div>\n\t\t\t\t<\/div>\n\t\t\t\t<\/div>\n\t\t\t\t<\/div>\n\t\t\t\t\t\t<\/div>\n\t\t\t\t<\/div>\n\t\t\t\t<\/div>\n\t\t<div class=\"elementor-element elementor-element-622ee7e e-con-full e-flex e-con e-parent\" data-id=\"622ee7e\" data-element_type=\"container\">\n\t\t<div class=\"elementor-element elementor-element-b87bd2a e-con-full e-flex e-con e-child\" data-id=\"b87bd2a\" data-element_type=\"container\">\n\t\t\t\t<div class=\"elementor-element elementor-element-7de8337 elementor-widget elementor-widget-heading\" data-id=\"7de8337\" data-element_type=\"widget\" data-widget_type=\"heading.default\">\n\t\t\t\t<div class=\"elementor-widget-container\">\n\t\t\t\t\t<h5 class=\"elementor-heading-title elementor-size-default\">Documentary exhibition. As part of the activity titled \u201cReligious Dissent in Albania during the years 1967-1990.\u201d<\/h5>\t\t\t\t<\/div>\n\t\t\t\t<\/div>\n\t\t\t\t<div class=\"elementor-element elementor-element-0c88304 elementor-widget elementor-widget-text-editor\" data-id=\"0c88304\" data-element_type=\"widget\" data-widget_type=\"text-editor.default\">\n\t\t\t\t<div class=\"elementor-widget-container\">\n\t\t\t\t\t\t\t\t\t<p><strong>held on May 30, 2019, in Tirana, where...<\/strong>Representatives of religious communities participated, and AIDSSH exhibited archival documents on the persecution of Catholic, Orthodox, Muslim, and Bektashi clergy.<\/p>\t\t\t\t\t\t\t\t<\/div>\n\t\t\t\t<\/div>\n\t\t\t\t<div class=\"elementor-element elementor-element-f66627a elementor-align-center elementor-widget elementor-widget-button\" data-id=\"f66627a\" data-element_type=\"widget\" data-widget_type=\"button.default\">\n\t\t\t\t<div class=\"elementor-widget-container\">\n\t\t\t\t\t\t\t\t\t<div class=\"elementor-button-wrapper\">\n\t\t\t\t\t<a class=\"elementor-button elementor-button-link elementor-size-sm\" href=\"https:\/\/www.facebook.com\/AutoritetiDosjeve\/posts\/pfbid02DT9diapKdV2GAGLm7sUJtpbc99VY9EPnbp3wh3yCBHPs5ytVqr59ssyWN1b574szl?locale=sq_AL\" target=\"_blank\" rel=\"noopener\">\n\t\t\t\t\t\t<span class=\"elementor-button-content-wrapper\">\n\t\t\t\t\t\t\t\t\t<span class=\"elementor-button-text\">Facebook Link<\/span>\n\t\t\t\t\t<\/span>\n\t\t\t\t\t<\/a>\n\t\t\t\t<\/div>\n\t\t\t\t\t\t\t\t<\/div>\n\t\t\t\t<\/div>\n\t\t\t\t<\/div>\n\t\t<div class=\"elementor-element elementor-element-8beb631 e-con-full e-flex e-con e-child\" data-id=\"8beb631\" data-element_type=\"container\">\n\t\t\t\t<div class=\"elementor-element elementor-element-8f211d1 elementor-widget elementor-widget-heading\" data-id=\"8f211d1\" data-element_type=\"widget\" data-widget_type=\"heading.default\">\n\t\t\t\t<div class=\"elementor-widget-container\">\n\t\t\t\t\t<h5 class=\"elementor-heading-title elementor-size-default\">\u201cUntold Stories of Lushnja.\u201d A photographic and archival exhibition on the persecution by the State Security in the villages of the interned in Myzeqe, opened on August 18, 2019, in Lushnja.<\/h5>\t\t\t\t<\/div>\n\t\t\t\t<\/div>\n\t\t\t\t<div class=\"elementor-element elementor-element-d5a1afa elementor-widget elementor-widget-text-editor\" data-id=\"d5a1afa\" data-element_type=\"widget\" data-widget_type=\"text-editor.default\">\n\t\t\t\t<div class=\"elementor-widget-container\">\n\t\t\t\t\t\t\t\t\t<p>AIDSH, in cooperation with the Municipality of Lushnja, the Institute for the Integration of the Persecuted, the Anti-Communist Association of Political Persecuted Survivors, institutions, and active civil society, launched the commemorative week \u201cDignity Against Totalitarianism, August 2019,\u201d organized as part of August 23, European Day of Victims of Totalitarian Regimes, and August 30, International Day of the Disappeared. The exhibition with archival materials presented dozens of files on the persecution by the State Security of the anti-communist factor in the Lushnja area, many of which were shown for the first time.<\/p>\t\t\t\t\t\t\t\t<\/div>\n\t\t\t\t<\/div>\n\t\t\t\t<div class=\"elementor-element elementor-element-f1af5f5 elementor-align-center elementor-widget elementor-widget-button\" data-id=\"f1af5f5\" data-element_type=\"widget\" data-widget_type=\"button.default\">\n\t\t\t\t<div class=\"elementor-widget-container\">\n\t\t\t\t\t\t\t\t\t<div class=\"elementor-button-wrapper\">\n\t\t\t\t\t<a class=\"elementor-button elementor-button-link elementor-size-sm\" href=\"https:\/\/www.facebook.com\/AutoritetiDosjeve\/posts\/pfbid02QVZKvGDqReg2Wk1HEK61R2sMsiiVw7r8adkq27cmw7NTVqk7UZYD9AkhRBxLqNd2l?locale=sq_AL\" target=\"_blank\" rel=\"noopener\">\n\t\t\t\t\t\t<span class=\"elementor-button-content-wrapper\">\n\t\t\t\t\t\t\t\t\t<span class=\"elementor-button-text\">Facebook Link<\/span>\n\t\t\t\t\t<\/span>\n\t\t\t\t\t<\/a>\n\t\t\t\t<\/div>\n\t\t\t\t\t\t\t\t<\/div>\n\t\t\t\t<\/div>\n\t\t\t\t<\/div>\n\t\t<div class=\"elementor-element elementor-element-3d3529b e-con-full e-flex e-con e-child\" data-id=\"3d3529b\" data-element_type=\"container\">\n\t\t\t\t<div class=\"elementor-element elementor-element-4279c3c elementor-widget elementor-widget-heading\" data-id=\"4279c3c\" data-element_type=\"widget\" data-widget_type=\"heading.default\">\n\t\t\t\t<div class=\"elementor-widget-container\">\n\t\t\t\t\t<h5 class=\"elementor-heading-title elementor-size-default\">\u201cCommunist Persecution in the Belsh Area, documentary exhibition with archival materials from AIDSSH.\u201d<\/h5>\t\t\t\t<\/div>\n\t\t\t\t<\/div>\n\t\t\t\t<div class=\"elementor-element elementor-element-e74a1b3 elementor-widget elementor-widget-text-editor\" data-id=\"e74a1b3\" data-element_type=\"widget\" data-widget_type=\"text-editor.default\">\n\t\t\t\t<div class=\"elementor-widget-container\">\n\t\t\t\t\t\t\t\t\t<p><strong>held on August 21, 2019, BELSH.\u00a0<\/strong>In cooperation with the Municipality of Belsh, interest groups, and survivors of persecution, AIDSSH carried out the first phase of the local Dialogue in Belsh, an area of internees displaced from the Tepelena camp and others, as well as the women\u2019s prison, including political prisoners. The documentary exhibition featuring archival materials from the Belsh area and the women\u2019s prison was presented on the city promenade.<\/p>\t\t\t\t\t\t\t\t<\/div>\n\t\t\t\t<\/div>\n\t\t\t\t<div class=\"elementor-element elementor-element-a9a6641 elementor-align-center elementor-widget elementor-widget-button\" data-id=\"a9a6641\" data-element_type=\"widget\" data-widget_type=\"button.default\">\n\t\t\t\t<div class=\"elementor-widget-container\">\n\t\t\t\t\t\t\t\t\t<div class=\"elementor-button-wrapper\">\n\t\t\t\t\t<a class=\"elementor-button elementor-button-link elementor-size-sm\" href=\"https:\/\/www.facebook.com\/AutoritetiDosjeve\/posts\/pfbid0yV8yTPwuuqii6BWq5fTbTUofMt96v9mwLJ52nWPVu3x2PTWXA4eHCxj9GCnUQ2Sbl?locale=sq_AL\" target=\"_blank\" rel=\"noopener\">\n\t\t\t\t\t\t<span class=\"elementor-button-content-wrapper\">\n\t\t\t\t\t\t\t\t\t<span class=\"elementor-button-text\">Facebook Link<\/span>\n\t\t\t\t\t<\/span>\n\t\t\t\t\t<\/a>\n\t\t\t\t<\/div>\n\t\t\t\t\t\t\t\t<\/div>\n\t\t\t\t<\/div>\n\t\t\t\t<\/div>\n\t\t<div class=\"elementor-element elementor-element-bfaad45 e-con-full e-flex e-con e-child\" data-id=\"bfaad45\" data-element_type=\"container\">\n\t\t\t\t<div class=\"elementor-element elementor-element-16ba870 elementor-widget elementor-widget-text-editor\" data-id=\"16ba870\" data-element_type=\"widget\" data-widget_type=\"text-editor.default\">\n\t\t\t\t<div class=\"elementor-widget-container\">\n\t\t\t\t\t\t\t\t\t<p>Documentary exhibition, as part of<strong>\u00a0\u201cCommemorative Days,\u201d held on August 23, 2019,\u00a0<\/strong>in Tepelena.<\/p>\t\t\t\t\t\t\t\t<\/div>\n\t\t\t\t<\/div>\n\t\t\t\t<div class=\"elementor-element elementor-element-9feced4 elementor-align-center elementor-widget__width-initial elementor-widget elementor-widget-button\" data-id=\"9feced4\" data-element_type=\"widget\" data-widget_type=\"button.default\">\n\t\t\t\t<div class=\"elementor-widget-container\">\n\t\t\t\t\t\t\t\t\t<div class=\"elementor-button-wrapper\">\n\t\t\t\t\t<a class=\"elementor-button elementor-button-link elementor-size-sm\" href=\"https:\/\/www.facebook.com\/AutoritetiDosjeve\/posts\/pfbid0tVWiFvPbsnqrNiAeTrka5N9UXTsuPs7taxBzbuxYyKtiNSsKecWq1qqBsn3ChunYl?locale=sq_AL\" target=\"_blank\" rel=\"noopener\">\n\t\t\t\t\t\t<span class=\"elementor-button-content-wrapper\">\n\t\t\t\t\t\t\t\t\t<span class=\"elementor-button-text\">Facebook Link<\/span>\n\t\t\t\t\t<\/span>\n\t\t\t\t\t<\/a>\n\t\t\t\t<\/div>\n\t\t\t\t\t\t\t\t<\/div>\n\t\t\t\t<\/div>\n\t\t\t\t<\/div>\n\t\t<div class=\"elementor-element elementor-element-9ac57cc e-con-full e-flex e-con e-child\" data-id=\"9ac57cc\" data-element_type=\"container\">\n\t\t\t\t<div class=\"elementor-element elementor-element-6e055c7 elementor-widget elementor-widget-heading\" data-id=\"6e055c7\" data-element_type=\"widget\" data-widget_type=\"heading.default\">\n\t\t\t\t<div class=\"elementor-widget-container\">\n\t\t\t\t\t<h5 class=\"elementor-heading-title elementor-size-default\">\"The Unfinished Past\" \u2014 an exhibition about the communist dictatorship.<\/h5>\t\t\t\t<\/div>\n\t\t\t\t<\/div>\n\t\t\t\t<div class=\"elementor-element elementor-element-f14dd36 elementor-widget elementor-widget-text-editor\" data-id=\"f14dd36\" data-element_type=\"widget\" data-widget_type=\"text-editor.default\">\n\t\t\t\t<div class=\"elementor-widget-container\">\n\t\t\t\t\t\t\t\t\t<p>The exhibition featuring profiles of the disappeared during the dictatorship opened at the National Historical Museum on\u00a0<strong>December 11, 2019<\/strong>) as part of International Human Rights Day by AIDSSH, in cooperation with the Institute for the Integration of Former Political Persecuted and ICMP (International Commission on Missing Persons).<\/p>\t\t\t\t\t\t\t\t<\/div>\n\t\t\t\t<\/div>\n\t\t\t\t<div class=\"elementor-element elementor-element-4df7764 elementor-align-center elementor-widget__width-initial elementor-widget elementor-widget-button\" data-id=\"4df7764\" data-element_type=\"widget\" data-widget_type=\"button.default\">\n\t\t\t\t<div class=\"elementor-widget-container\">\n\t\t\t\t\t\t\t\t\t<div class=\"elementor-button-wrapper\">\n\t\t\t\t\t<a class=\"elementor-button elementor-button-link elementor-size-sm\" href=\"https:\/\/www.facebook.com\/AutoritetiDosjeve\/posts\/pfbid0HbQuMg8fUQ2S8FFo712xvzZyjXoaEVrp2biCz2EgPBhSuD4htzP4tCQHKF42bLcvl?locale=sq_AL\" target=\"_blank\" rel=\"noopener\">\n\t\t\t\t\t\t<span class=\"elementor-button-content-wrapper\">\n\t\t\t\t\t\t\t\t\t<span class=\"elementor-button-text\">Facebook Link<\/span>\n\t\t\t\t\t<\/span>\n\t\t\t\t\t<\/a>\n\t\t\t\t<\/div>\n\t\t\t\t\t\t\t\t<\/div>\n\t\t\t\t<\/div>\n\t\t\t\t<div class=\"elementor-element elementor-element-6a5b8da elementor-widget__width-initial elementor-widget elementor-widget-image\" data-id=\"6a5b8da\" data-element_type=\"widget\" data-widget_type=\"image.default\">\n\t\t\t\t<div class=\"elementor-widget-container\">\n\t\t\t\t\t\t\t\t\t\t\t\t\t\t\t<img fetchpriority=\"high\" decoding=\"async\" width=\"998\" height=\"767\" src=\"https:\/\/aidssh.al\/wp-content\/uploads\/2025\/07\/te-zhdukur-ne-diktature.jpg\" class=\"attachment-full size-full wp-image-6494\" alt=\"\" srcset=\"https:\/\/aidssh.al\/wp-content\/uploads\/2025\/07\/te-zhdukur-ne-diktature.jpg 998w, https:\/\/aidssh.al\/wp-content\/uploads\/2025\/07\/te-zhdukur-ne-diktature-300x231.jpg 300w, https:\/\/aidssh.al\/wp-content\/uploads\/2025\/07\/te-zhdukur-ne-diktature-768x590.jpg 768w, https:\/\/aidssh.al\/wp-content\/uploads\/2025\/07\/te-zhdukur-ne-diktature-16x12.jpg 16w\" sizes=\"(max-width: 998px) 100vw, 998px\" \/>\t\t\t\t\t\t\t\t\t\t\t\t\t\t\t<\/div>\n\t\t\t\t<\/div>\n\t\t\t\t<\/div>\n\t\t<div class=\"elementor-element elementor-element-f660243 e-con-full e-flex e-con e-child\" data-id=\"f660243\" data-element_type=\"container\">\n\t\t\t\t<div class=\"elementor-element elementor-element-8464a8b elementor-widget elementor-widget-heading\" data-id=\"8464a8b\" data-element_type=\"widget\" data-widget_type=\"heading.default\">\n\t\t\t\t<div class=\"elementor-widget-container\">\n\t\t\t\t\t<h5 class=\"elementor-heading-title elementor-size-default\">Documentary exhibition with archival materials from the P\u00ebrmet area held on December 13, 2019, in P\u00ebrmet.<\/h5>\t\t\t\t<\/div>\n\t\t\t\t<\/div>\n\t\t\t\t<div class=\"elementor-element elementor-element-f297bef elementor-widget elementor-widget-text-editor\" data-id=\"f297bef\" data-element_type=\"widget\" data-widget_type=\"text-editor.default\">\n\t\t\t\t<div class=\"elementor-widget-container\">\n\t\t\t\t\t\t\t\t\t<p>AIDSSH, in cooperation with the Municipality of P\u00ebrmet and the Anti-Communist Association of Political Persecuted, held the first Dialogue on Dictatorship meeting in the city of P\u00ebrmet. AIDSSH exhibited archival materials from the area, processing registers, record books, processing files, investigative-judicial files, and management files from various zones of P\u00ebrmet.<\/p>\t\t\t\t\t\t\t\t<\/div>\n\t\t\t\t<\/div>\n\t\t\t\t<div class=\"elementor-element elementor-element-53c13aa elementor-align-center elementor-widget__width-initial elementor-widget elementor-widget-button\" data-id=\"53c13aa\" data-element_type=\"widget\" data-widget_type=\"button.default\">\n\t\t\t\t<div class=\"elementor-widget-container\">\n\t\t\t\t\t\t\t\t\t<div class=\"elementor-button-wrapper\">\n\t\t\t\t\t<a class=\"elementor-button elementor-button-link elementor-size-sm\" href=\"https:\/\/www.facebook.com\/AutoritetiDosjeve\/photos\/a.2796676723718266\/2796678250384780\/?locale=sq_AL\" target=\"_blank\" rel=\"noopener\">\n\t\t\t\t\t\t<span class=\"elementor-button-content-wrapper\">\n\t\t\t\t\t\t\t\t\t<span class=\"elementor-button-text\">Facebook Link<\/span>\n\t\t\t\t\t<\/span>\n\t\t\t\t\t<\/a>\n\t\t\t\t<\/div>\n\t\t\t\t\t\t\t\t<\/div>\n\t\t\t\t<\/div>\n\t\t\t\t<div class=\"elementor-element elementor-element-9a86167 elementor-widget__width-initial elementor-widget elementor-widget-image\" data-id=\"9a86167\" data-element_type=\"widget\" data-widget_type=\"image.default\">\n\t\t\t\t<div class=\"elementor-widget-container\">\n\t\t\t\t\t\t\t\t\t\t\t\t\t\t\t<img decoding=\"async\" width=\"1200\" height=\"1680\" src=\"https:\/\/aidssh.al\/wp-content\/uploads\/2025\/07\/posteri-Dialogu-i-Permetit.jpg\" class=\"attachment-full size-full wp-image-6495\" alt=\"\" srcset=\"https:\/\/aidssh.al\/wp-content\/uploads\/2025\/07\/posteri-Dialogu-i-Permetit.jpg 1200w, https:\/\/aidssh.al\/wp-content\/uploads\/2025\/07\/posteri-Dialogu-i-Permetit-214x300.jpg 214w, https:\/\/aidssh.al\/wp-content\/uploads\/2025\/07\/posteri-Dialogu-i-Permetit-731x1024.jpg 731w, https:\/\/aidssh.al\/wp-content\/uploads\/2025\/07\/posteri-Dialogu-i-Permetit-768x1075.jpg 768w, https:\/\/aidssh.al\/wp-content\/uploads\/2025\/07\/posteri-Dialogu-i-Permetit-1097x1536.jpg 1097w, https:\/\/aidssh.al\/wp-content\/uploads\/2025\/07\/posteri-Dialogu-i-Permetit-9x12.jpg 9w\" sizes=\"(max-width: 1200px) 100vw, 1200px\" \/>\t\t\t\t\t\t\t\t\t\t\t\t\t\t\t<\/div>\n\t\t\t\t<\/div>\n\t\t\t\t<\/div>\n\t\t\t\t<\/div>\n\t\t\t\t<\/div>","protected":false},"excerpt":{"rendered":"<p>Ekspozit\u00eb dokumentare. N\u00eb kuad\u00ebr t\u00eb aktivitetit me titull \u201cDisidenca fetare n\u00eb Shqip\u00ebri gjat\u00eb viteve 1967-1990\u201d t\u00eb mbajtur m\u00eb 30 maj 2019 n\u00eb Tiran\u00eb, ku mor\u00ebn pjes\u00eb p\u00ebrfaq\u00ebsues t\u00eb komuniteteve religjioze, AIDSSH ekspozoi dokumente arkivore t\u00eb p\u00ebrndjekjes s\u00eb klerit katolik, ortodoks, mysliman dhe bektashian. Facebook Link \u201cHistorit\u00eb e patreguara t\u00eb Lushnj\u00ebs\u201d. Ekspozit\u00eb fotografike dhe arkivore e [&hellip;]<\/p>","protected":false},"author":1,"featured_media":533,"parent":750,"menu_order":0,"comment_status":"closed","ping_status":"closed","template":"","meta":{"_acf_changed":false,"footnotes":""},"class_list":["post-6492","page","type-page","status-publish","has-post-thumbnail","hentry"],"acf":[],"_links":{"self":[{"href":"https:\/\/aidssh.al\/en\/wp-json\/wp\/v2\/pages\/6492","targetHints":{"allow":["GET"]}}],"collection":[{"href":"https:\/\/aidssh.al\/en\/wp-json\/wp\/v2\/pages"}],"about":[{"href":"https:\/\/aidssh.al\/en\/wp-json\/wp\/v2\/types\/page"}],"author":[{"embeddable":true,"href":"https:\/\/aidssh.al\/en\/wp-json\/wp\/v2\/users\/1"}],"replies":[{"embeddable":true,"href":"https:\/\/aidssh.al\/en\/wp-json\/wp\/v2\/comments?post=6492"}],"version-history":[{"count":0,"href":"https:\/\/aidssh.al\/en\/wp-json\/wp\/v2\/pages\/6492\/revisions"}],"up":[{"embeddable":true,"href":"https:\/\/aidssh.al\/en\/wp-json\/wp\/v2\/pages\/750"}],"wp:featuredmedia":[{"embeddable":true,"href":"https:\/\/aidssh.al\/en\/wp-json\/wp\/v2\/media\/533"}],"wp:attachment":[{"href":"https:\/\/aidssh.al\/en\/wp-json\/wp\/v2\/media?parent=6492"}],"curies":[{"name":"wp","href":"https:\/\/api.w.org\/{rel}","templated":true}]}}