{"id":6505,"date":"2025-07-08T16:28:58","date_gmt":"2025-07-08T14:28:58","guid":{"rendered":"https:\/\/aidssh.instant.al\/?page_id=6505"},"modified":"2025-07-08T16:34:42","modified_gmt":"2025-07-08T14:34:42","slug":"ekspozita-fizike-2018","status":"publish","type":"page","link":"https:\/\/aidssh.al\/en\/edukimi\/ekspozita\/ekspozita-fizike\/ekspozita-fizike-2018\/","title":{"rendered":"Physical exhibition 2018"},"content":{"rendered":"<div data-elementor-type=\"wp-page\" data-elementor-id=\"6505\" class=\"elementor elementor-6505\" data-elementor-post-type=\"page\">\n\t\t\t\t<div class=\"elementor-element elementor-element-7c8d609 e-con-full e-flex e-con e-parent\" data-id=\"7c8d609\" data-element_type=\"container\">\n\t\t\t\t<div class=\"elementor-element elementor-element-9709a1c elementor-widget elementor-widget-template\" data-id=\"9709a1c\" data-element_type=\"widget\" data-widget_type=\"template.default\">\n\t\t\t\t<div class=\"elementor-widget-container\">\n\t\t\t\t\t\t\t<div class=\"elementor-template\">\n\t\t\t\t\t<div data-elementor-type=\"container\" data-elementor-id=\"866\" class=\"elementor elementor-866\" data-elementor-post-type=\"elementor_library\">\n\t\t\t\t<div class=\"elementor-element elementor-element-58c6923c e-flex e-con-boxed e-con e-parent\" data-id=\"58c6923c\" data-element_type=\"container\" data-settings=\"{&quot;background_background&quot;:&quot;classic&quot;}\">\n\t\t\t\t\t<div class=\"e-con-inner\">\n\t\t\t\t<div class=\"elementor-element elementor-element-3356bc54 elementor-widget elementor-widget-heading\" data-id=\"3356bc54\" data-element_type=\"widget\" data-widget_type=\"heading.default\">\n\t\t\t\t<div class=\"elementor-widget-container\">\n\t\t\t\t\t<h1 class=\"elementor-heading-title elementor-size-default\">Physical exhibition 2018<\/h1>\t\t\t\t<\/div>\n\t\t\t\t<\/div>\n\t\t\t\t\t<\/div>\n\t\t\t\t<\/div>\n\t\t\t\t<\/div>\n\t\t\t\t<\/div>\n\t\t\t\t\t\t<\/div>\n\t\t\t\t<\/div>\n\t\t\t\t<\/div>\n\t\t<div class=\"elementor-element elementor-element-622ee7e e-con-full e-flex e-con e-parent\" data-id=\"622ee7e\" data-element_type=\"container\">\n\t\t<div class=\"elementor-element elementor-element-b87bd2a e-con-full e-flex e-con e-child\" data-id=\"b87bd2a\" data-element_type=\"container\">\n\t\t\t\t<div class=\"elementor-element elementor-element-7de8337 elementor-widget elementor-widget-heading\" data-id=\"7de8337\" data-element_type=\"widget\" data-widget_type=\"heading.default\">\n\t\t\t\t<div class=\"elementor-widget-container\">\n\t\t\t\t\t<h5 class=\"elementor-heading-title elementor-size-default\"> \u201c45th Anniversary of the Spa\u00e7 Uprising\u201d<\/h5>\t\t\t\t<\/div>\n\t\t\t\t<\/div>\n\t\t\t\t<div class=\"elementor-element elementor-element-0c88304 elementor-widget elementor-widget-text-editor\" data-id=\"0c88304\" data-element_type=\"widget\" data-widget_type=\"text-editor.default\">\n\t\t\t\t<div class=\"elementor-widget-container\">\n\t\t\t\t\t\t\t\t\t<p>Documentary exhibition with files\/documents created by the former State Security for Unit 313, Spa\u00e7, on May 17, 2018. The files were declassified and made public for the first time. During the event, citizens were informed, and application forms for access to files were completed.<\/p>\t\t\t\t\t\t\t\t<\/div>\n\t\t\t\t<\/div>\n\t\t\t\t<div class=\"elementor-element elementor-element-f66627a elementor-align-center elementor-widget elementor-widget-button\" data-id=\"f66627a\" data-element_type=\"widget\" data-widget_type=\"button.default\">\n\t\t\t\t<div class=\"elementor-widget-container\">\n\t\t\t\t\t\t\t\t\t<div class=\"elementor-button-wrapper\">\n\t\t\t\t\t<a class=\"elementor-button elementor-button-link elementor-size-sm\" href=\"https:\/\/www.facebook.com\/AutoritetiDosjeve\/posts\/pfbid025SMHdZPJouajyym8Wt9SERGNEAXJYm7nvrjo4bEYBd9oSXyKDGRotRzpLDBLPmNvl?locale=sq_AL\" target=\"_blank\" rel=\"noopener\">\n\t\t\t\t\t\t<span class=\"elementor-button-content-wrapper\">\n\t\t\t\t\t\t\t\t\t<span class=\"elementor-button-text\">Facebook Link<\/span>\n\t\t\t\t\t<\/span>\n\t\t\t\t\t<\/a>\n\t\t\t\t<\/div>\n\t\t\t\t\t\t\t\t<\/div>\n\t\t\t\t<\/div>\n\t\t\t\t<\/div>\n\t\t<div class=\"elementor-element elementor-element-8beb631 e-con-full e-flex e-con e-child\" data-id=\"8beb631\" data-element_type=\"container\">\n\t\t\t\t<div class=\"elementor-element elementor-element-8f211d1 elementor-widget elementor-widget-heading\" data-id=\"8f211d1\" data-element_type=\"widget\" data-widget_type=\"heading.default\">\n\t\t\t\t<div class=\"elementor-widget-container\">\n\t\t\t\t\t<h5 class=\"elementor-heading-title elementor-size-default\">Documentary exhibition with files\/documents created by the former State Security for the Konispol area<\/h5>\t\t\t\t<\/div>\n\t\t\t\t<\/div>\n\t\t\t\t<div class=\"elementor-element elementor-element-d5a1afa elementor-widget elementor-widget-text-editor\" data-id=\"d5a1afa\" data-element_type=\"widget\" data-widget_type=\"text-editor.default\">\n\t\t\t\t<div class=\"elementor-widget-container\">\n\t\t\t\t\t\t\t\t\t<p>on June 19, 2018. Forty files\u2014personal, investigative-judicial, and collaborator files\u2014were declassified and made public for the first time, covering 46 documented victims. During the event held in Tirana, citizens were informed, and application forms for file access were completed.<\/p>\t\t\t\t\t\t\t\t<\/div>\n\t\t\t\t<\/div>\n\t\t\t\t<div class=\"elementor-element elementor-element-f1af5f5 elementor-align-center elementor-widget elementor-widget-button\" data-id=\"f1af5f5\" data-element_type=\"widget\" data-widget_type=\"button.default\">\n\t\t\t\t<div class=\"elementor-widget-container\">\n\t\t\t\t\t\t\t\t\t<div class=\"elementor-button-wrapper\">\n\t\t\t\t\t<a class=\"elementor-button elementor-button-link elementor-size-sm\" href=\"https:\/\/www.facebook.com\/AutoritetiDosjeve\/photos\/a.1909728019079812\/1909733445745936\/?locale=sq_AL\" target=\"_blank\" rel=\"noopener\">\n\t\t\t\t\t\t<span class=\"elementor-button-content-wrapper\">\n\t\t\t\t\t\t\t\t\t<span class=\"elementor-button-text\">Facebook Link<\/span>\n\t\t\t\t\t<\/span>\n\t\t\t\t\t<\/a>\n\t\t\t\t<\/div>\n\t\t\t\t\t\t\t\t<\/div>\n\t\t\t\t<\/div>\n\t\t\t\t<div class=\"elementor-element elementor-element-0505562 elementor-widget elementor-widget-image\" data-id=\"0505562\" data-element_type=\"widget\" data-widget_type=\"image.default\">\n\t\t\t\t<div class=\"elementor-widget-container\">\n\t\t\t\t\t\t\t\t\t\t\t\t\t\t\t<img decoding=\"async\" src=\"https:\/\/aidssh.al\/wp-content\/uploads\/elementor\/thumbs\/img-aidssh-r8gljre3aoxy4ejgsdujz0eksl3ejska7r6nhhbcz4.jpg\" title=\"img aidssh\" alt=\"img aidssh\" loading=\"lazy\" \/>\t\t\t\t\t\t\t\t\t\t\t\t\t\t\t<\/div>\n\t\t\t\t<\/div>\n\t\t\t\t<\/div>\n\t\t<div class=\"elementor-element elementor-element-3d3529b e-con-full e-flex e-con e-child\" data-id=\"3d3529b\" data-element_type=\"container\">\n\t\t\t\t<div class=\"elementor-element elementor-element-4279c3c elementor-widget elementor-widget-heading\" data-id=\"4279c3c\" data-element_type=\"widget\" data-widget_type=\"heading.default\">\n\t\t\t\t<div class=\"elementor-widget-container\">\n\t\t\t\t\t<h5 class=\"elementor-heading-title elementor-size-default\">\u201cCommunist Persecution in the Konispol Area,\u201d in Konispol,<\/h5>\t\t\t\t<\/div>\n\t\t\t\t<\/div>\n\t\t\t\t<div class=\"elementor-element elementor-element-e74a1b3 elementor-widget elementor-widget-text-editor\" data-id=\"e74a1b3\" data-element_type=\"widget\" data-widget_type=\"text-editor.default\">\n\t\t\t\t<div class=\"elementor-widget-container\">\n\t\t\t\t\t\t\t\t\t<p>on June 26, 2018. Forty personal, investigative-judicial, and collaborator files, declassified and made public for the first time in Tirana, concerning 46 documented victims, were exhibited for the local community in the city\u2019s central square. The special event was organized in cooperation with the Municipality of Konispol. Citizens were informed during the activity and completed application forms to access the files.<\/p>\t\t\t\t\t\t\t\t<\/div>\n\t\t\t\t<\/div>\n\t\t\t\t<div class=\"elementor-element elementor-element-a9a6641 elementor-align-center elementor-widget elementor-widget-button\" data-id=\"a9a6641\" data-element_type=\"widget\" data-widget_type=\"button.default\">\n\t\t\t\t<div class=\"elementor-widget-container\">\n\t\t\t\t\t\t\t\t\t<div class=\"elementor-button-wrapper\">\n\t\t\t\t\t<a class=\"elementor-button elementor-button-link elementor-size-sm\" href=\"https:\/\/www.facebook.com\/AutoritetiDosjeve\/posts\/pfbid02EHCbr3yrbBGUvWDZhFGzjP46uxjzhn5wUQ8GwU99XU3Ysh9QDB5GcjqpxqytqRRvl?locale=sq_AL\" target=\"_blank\" rel=\"noopener\">\n\t\t\t\t\t\t<span class=\"elementor-button-content-wrapper\">\n\t\t\t\t\t\t\t\t\t<span class=\"elementor-button-text\">Facebook Link<\/span>\n\t\t\t\t\t<\/span>\n\t\t\t\t\t<\/a>\n\t\t\t\t<\/div>\n\t\t\t\t\t\t\t\t<\/div>\n\t\t\t\t<\/div>\n\t\t\t\t<\/div>\n\t\t<div class=\"elementor-element elementor-element-bfaad45 e-con-full e-flex e-con e-child\" data-id=\"bfaad45\" data-element_type=\"container\">\n\t\t\t\t<div class=\"elementor-element elementor-element-58d821a elementor-widget elementor-widget-heading\" data-id=\"58d821a\" data-element_type=\"widget\" data-widget_type=\"heading.default\">\n\t\t\t\t<div class=\"elementor-widget-container\">\n\t\t\t\t\t<h5 class=\"elementor-heading-title elementor-size-default\">\u201cCommunist Persecution in the Tepelena Area,\u201d on August 20 in Tepelena.<\/h5>\t\t\t\t<\/div>\n\t\t\t\t<\/div>\n\t\t\t\t<div class=\"elementor-element elementor-element-16ba870 elementor-widget elementor-widget-text-editor\" data-id=\"16ba870\" data-element_type=\"widget\" data-widget_type=\"text-editor.default\">\n\t\t\t\t<div class=\"elementor-widget-container\">\n\t\t\t\t\t\t\t\t\t<p>At this event, documents and files of the former State Security were exhibited, documenting the communist persecution of participants in the Zhapokik\u00eb uprising, local clergy, the B\u00ebn\u00e7\u00eb camp internees, escapees, those killed at the border, sabotage gangs, and others, with the involvement of the local community.<\/p>\t\t\t\t\t\t\t\t<\/div>\n\t\t\t\t<\/div>\n\t\t\t\t<div class=\"elementor-element elementor-element-9feced4 elementor-align-center elementor-widget__width-initial elementor-widget elementor-widget-button\" data-id=\"9feced4\" data-element_type=\"widget\" data-widget_type=\"button.default\">\n\t\t\t\t<div class=\"elementor-widget-container\">\n\t\t\t\t\t\t\t\t\t<div class=\"elementor-button-wrapper\">\n\t\t\t\t\t<a class=\"elementor-button elementor-button-link elementor-size-sm\" href=\"https:\/\/www.facebook.com\/AutoritetiDosjeve\/posts\/pfbid0z7qDD2FzANvvzA5TGEiAy5qtm5ChR94vSkXwnQnPBGET7A9bzRHrZ3vjrtzXGAyVl?locale=sq_AL\" target=\"_blank\" rel=\"noopener\">\n\t\t\t\t\t\t<span class=\"elementor-button-content-wrapper\">\n\t\t\t\t\t\t\t\t\t<span class=\"elementor-button-text\">Facebook Link<\/span>\n\t\t\t\t\t<\/span>\n\t\t\t\t\t<\/a>\n\t\t\t\t<\/div>\n\t\t\t\t\t\t\t\t<\/div>\n\t\t\t\t<\/div>\n\t\t\t\t<\/div>\n\t\t<div class=\"elementor-element elementor-element-9ac57cc e-con-full e-flex e-con e-child\" data-id=\"9ac57cc\" data-element_type=\"container\">\n\t\t\t\t<div class=\"elementor-element elementor-element-6e055c7 elementor-widget elementor-widget-heading\" data-id=\"6e055c7\" data-element_type=\"widget\" data-widget_type=\"heading.default\">\n\t\t\t\t<div class=\"elementor-widget-container\">\n\t\t\t\t\t<h5 class=\"elementor-heading-title elementor-size-default\">Exhibition in Tirana and Memaliaj with archival materials from AIDSSH, on October 5-6, 2018.<\/h5>\t\t\t\t<\/div>\n\t\t\t\t<\/div>\n\t\t\t\t<div class=\"elementor-element elementor-element-f14dd36 elementor-widget elementor-widget-text-editor\" data-id=\"f14dd36\" data-element_type=\"widget\" data-widget_type=\"text-editor.default\">\n\t\t\t\t<div class=\"elementor-widget-container\">\n\t\t\t\t\t\t\t\t\t<p>on the anti-communist resistance of Zhapokik\u00eb, in cooperation with homologous institutions, local authorities, and the local community. Citizens were informed, and forms were completed during the event.<\/p>\t\t\t\t\t\t\t\t<\/div>\n\t\t\t\t<\/div>\n\t\t\t\t<div class=\"elementor-element elementor-element-4df7764 elementor-align-center elementor-widget__width-initial elementor-widget elementor-widget-button\" data-id=\"4df7764\" data-element_type=\"widget\" data-widget_type=\"button.default\">\n\t\t\t\t<div class=\"elementor-widget-container\">\n\t\t\t\t\t\t\t\t\t<div class=\"elementor-button-wrapper\">\n\t\t\t\t\t<a class=\"elementor-button elementor-button-link elementor-size-sm\" href=\"https:\/\/www.facebook.com\/AutoritetiDosjeve\/posts\/pfbid0K5UF1Ns52YdKoQVEL163FxPpS5hRgzkUxz8MbMmZXBFxgRQxp57GmQy8iKgXTuBjl?locale=sq_AL\" target=\"_blank\" rel=\"noopener\">\n\t\t\t\t\t\t<span class=\"elementor-button-content-wrapper\">\n\t\t\t\t\t\t\t\t\t<span class=\"elementor-button-text\">Facebook Link<\/span>\n\t\t\t\t\t<\/span>\n\t\t\t\t\t<\/a>\n\t\t\t\t<\/div>\n\t\t\t\t\t\t\t\t<\/div>\n\t\t\t\t<\/div>\n\t\t\t\t<\/div>\n\t\t<div class=\"elementor-element elementor-element-f660243 e-con-full e-flex e-con e-child\" data-id=\"f660243\" data-element_type=\"container\">\n\t\t\t\t<div class=\"elementor-element elementor-element-8464a8b elementor-widget elementor-widget-heading\" data-id=\"8464a8b\" data-element_type=\"widget\" data-widget_type=\"heading.default\">\n\t\t\t\t<div class=\"elementor-widget-container\">\n\t\t\t\t\t<h5 class=\"elementor-heading-title elementor-size-default\">Documentary exhibition \u201cSurveil, Terrorize, Persecute\u201d<\/h5>\t\t\t\t<\/div>\n\t\t\t\t<\/div>\n\t\t\t\t<div class=\"elementor-element elementor-element-f297bef elementor-widget elementor-widget-text-editor\" data-id=\"f297bef\" data-element_type=\"widget\" data-widget_type=\"text-editor.default\">\n\t\t\t\t<div class=\"elementor-widget-container\">\n\t\t\t\t\t\t\t\t\t<p>In cooperation with the German Federal Commissioner for the Records and KAS, October 22, 2018, as part of the \u201cDays of Remembrance.\u201d<\/p>\t\t\t\t\t\t\t\t<\/div>\n\t\t\t\t<\/div>\n\t\t\t\t<div class=\"elementor-element elementor-element-53c13aa elementor-align-center elementor-widget__width-initial elementor-widget elementor-widget-button\" data-id=\"53c13aa\" data-element_type=\"widget\" data-widget_type=\"button.default\">\n\t\t\t\t<div class=\"elementor-widget-container\">\n\t\t\t\t\t\t\t\t\t<div class=\"elementor-button-wrapper\">\n\t\t\t\t\t<a class=\"elementor-button elementor-button-link elementor-size-sm\" href=\"https:\/\/www.facebook.com\/AutoritetiDosjeve\/posts\/pfbid02Tz2qLJah7ARtXR7HyNkx3Q47pskxTAgzKBEETKAnMQ8wMaPqWhjYpwoa4xhj4QjJl?locale=sq_AL\" target=\"_blank\" rel=\"noopener\">\n\t\t\t\t\t\t<span class=\"elementor-button-content-wrapper\">\n\t\t\t\t\t\t\t\t\t<span class=\"elementor-button-text\">Facebook Link<\/span>\n\t\t\t\t\t<\/span>\n\t\t\t\t\t<\/a>\n\t\t\t\t<\/div>\n\t\t\t\t\t\t\t\t<\/div>\n\t\t\t\t<\/div>\n\t\t\t\t<\/div>\n\t\t<div class=\"elementor-element elementor-element-061552d e-con-full e-flex e-con e-child\" data-id=\"061552d\" data-element_type=\"container\">\n\t\t\t\t<div class=\"elementor-element elementor-element-e787790 elementor-widget elementor-widget-heading\" data-id=\"e787790\" data-element_type=\"widget\" data-widget_type=\"heading.default\">\n\t\t\t\t<div class=\"elementor-widget-container\">\n\t\t\t\t\t<h5 class=\"elementor-heading-title elementor-size-default\">The exhibition \u201cSurveil, Terrorize, Persecute\u201d at the \u201cPetro Nini Luarasi\u201d high school, on December 7, 2018.<\/h5>\t\t\t\t<\/div>\n\t\t\t\t<\/div>\n\t\t\t\t<div class=\"elementor-element elementor-element-8323dac elementor-widget elementor-widget-text-editor\" data-id=\"8323dac\" data-element_type=\"widget\" data-widget_type=\"text-editor.default\">\n\t\t\t\t<div class=\"elementor-widget-container\">\n\t\t\t\t\t\t\t\t\t<p>B<span lang=\"EN-GB\">Meeting with former Burrel prisoners and parallels between the two communist realities. Collaboration of AIDSSH<\/span>\u00a0with Inner Wheel Club Tirana, enabling the exhibition on STASI activities in East Germany for high schools in Tirana, organized in collaboration with the German Federal Commissioner for the Stasi Records, BStU.<\/p>\t\t\t\t\t\t\t\t<\/div>\n\t\t\t\t<\/div>\n\t\t\t\t<div class=\"elementor-element elementor-element-7a0f843 elementor-align-center elementor-widget__width-initial elementor-widget elementor-widget-button\" data-id=\"7a0f843\" data-element_type=\"widget\" data-widget_type=\"button.default\">\n\t\t\t\t<div class=\"elementor-widget-container\">\n\t\t\t\t\t\t\t\t\t<div class=\"elementor-button-wrapper\">\n\t\t\t\t\t<a class=\"elementor-button elementor-button-link elementor-size-sm\" href=\"https:\/\/www.facebook.com\/AutoritetiDosjeve\/photos\/a.2152529461466332\/2152530001466278\/?locale=sq_AL\" target=\"_blank\" rel=\"noopener\">\n\t\t\t\t\t\t<span class=\"elementor-button-content-wrapper\">\n\t\t\t\t\t\t\t\t\t<span class=\"elementor-button-text\">Facebook Link<\/span>\n\t\t\t\t\t<\/span>\n\t\t\t\t\t<\/a>\n\t\t\t\t<\/div>\n\t\t\t\t\t\t\t\t<\/div>\n\t\t\t\t<\/div>\n\t\t\t\t<\/div>\n\t\t\t\t<\/div>\n\t\t\t\t<\/div>","protected":false},"excerpt":{"rendered":"<p>\u201c45-vjetori i Revolt\u00ebs s\u00eb Spa\u00e7it\u201d ekspozit\u00eb dokumentare me dosje\/dokumente t\u00eb krijuara nga ish-Sigurimi i Shtetit p\u00ebr Repartin 313, Spa\u00e7, m\u00eb 17 maj 2018. Dosjet u deklasifikuan dhe u b\u00ebn\u00eb publike p\u00ebr her\u00eb t\u00eb par\u00eb. Gjat\u00eb aktivitetit u b\u00eb informimi i qytetar\u00ebve si dhe u plot\u00ebsuan formular\u00eb aplikimi p\u00ebr njohje me dosje. Facebook Link Ekspozit\u00eb dokumentare [&hellip;]<\/p>","protected":false},"author":1,"featured_media":533,"parent":750,"menu_order":0,"comment_status":"closed","ping_status":"closed","template":"","meta":{"_acf_changed":false,"footnotes":""},"class_list":["post-6505","page","type-page","status-publish","has-post-thumbnail","hentry"],"acf":[],"_links":{"self":[{"href":"https:\/\/aidssh.al\/en\/wp-json\/wp\/v2\/pages\/6505","targetHints":{"allow":["GET"]}}],"collection":[{"href":"https:\/\/aidssh.al\/en\/wp-json\/wp\/v2\/pages"}],"about":[{"href":"https:\/\/aidssh.al\/en\/wp-json\/wp\/v2\/types\/page"}],"author":[{"embeddable":true,"href":"https:\/\/aidssh.al\/en\/wp-json\/wp\/v2\/users\/1"}],"replies":[{"embeddable":true,"href":"https:\/\/aidssh.al\/en\/wp-json\/wp\/v2\/comments?post=6505"}],"version-history":[{"count":0,"href":"https:\/\/aidssh.al\/en\/wp-json\/wp\/v2\/pages\/6505\/revisions"}],"up":[{"embeddable":true,"href":"https:\/\/aidssh.al\/en\/wp-json\/wp\/v2\/pages\/750"}],"wp:featuredmedia":[{"embeddable":true,"href":"https:\/\/aidssh.al\/en\/wp-json\/wp\/v2\/media\/533"}],"wp:attachment":[{"href":"https:\/\/aidssh.al\/en\/wp-json\/wp\/v2\/media?parent=6505"}],"curies":[{"name":"wp","href":"https:\/\/api.w.org\/{rel}","templated":true}]}}