{"id":729,"date":"2025-06-12T10:44:56","date_gmt":"2025-06-12T08:44:56","guid":{"rendered":"https:\/\/aidssh.instant.al\/?page_id=729"},"modified":"2025-07-28T09:21:39","modified_gmt":"2025-07-28T07:21:39","slug":"dialogu-lokal","status":"publish","type":"page","link":"https:\/\/aidssh.al\/en\/edukimi\/dialogu-lokal\/","title":{"rendered":"Local dialogue"},"content":{"rendered":"<div data-elementor-type=\"wp-page\" data-elementor-id=\"729\" class=\"elementor elementor-729\" data-elementor-post-type=\"page\">\n\t\t\t\t<div class=\"elementor-element elementor-element-08ac063 e-con-full e-flex e-con e-parent\" data-id=\"08ac063\" data-element_type=\"container\">\n\t\t\t\t<div class=\"elementor-element elementor-element-3caa68f elementor-widget elementor-widget-template\" data-id=\"3caa68f\" data-element_type=\"widget\" data-widget_type=\"template.default\">\n\t\t\t\t<div class=\"elementor-widget-container\">\n\t\t\t\t\t\t\t<div class=\"elementor-template\">\n\t\t\t\t\t<div data-elementor-type=\"container\" data-elementor-id=\"866\" class=\"elementor elementor-866\" data-elementor-post-type=\"elementor_library\">\n\t\t\t\t<div class=\"elementor-element elementor-element-58c6923c e-flex e-con-boxed e-con e-parent\" data-id=\"58c6923c\" data-element_type=\"container\" data-settings=\"{&quot;background_background&quot;:&quot;classic&quot;}\">\n\t\t\t\t\t<div class=\"e-con-inner\">\n\t\t\t\t<div class=\"elementor-element elementor-element-3356bc54 elementor-widget elementor-widget-heading\" data-id=\"3356bc54\" data-element_type=\"widget\" data-widget_type=\"heading.default\">\n\t\t\t\t<div class=\"elementor-widget-container\">\n\t\t\t\t\t<h1 class=\"elementor-heading-title elementor-size-default\">Local dialogue<\/h1>\t\t\t\t<\/div>\n\t\t\t\t<\/div>\n\t\t\t\t\t<\/div>\n\t\t\t\t<\/div>\n\t\t\t\t<\/div>\n\t\t\t\t<\/div>\n\t\t\t\t\t\t<\/div>\n\t\t\t\t<\/div>\n\t\t\t\t<\/div>\n\t\t<div class=\"elementor-element elementor-element-affd1a2 e-flex e-con-boxed e-con e-parent\" data-id=\"affd1a2\" data-element_type=\"container\">\n\t\t\t\t\t<div class=\"e-con-inner\">\n\t\t\t\t<div class=\"elementor-element elementor-element-13a31ad elementor-grid-1 elementor-widget__width-initial elementor-grid-tablet-2 elementor-grid-mobile-1 elementor-widget elementor-widget-loop-grid\" data-id=\"13a31ad\" data-element_type=\"widget\" data-settings=\"{&quot;template_id&quot;:&quot;2115&quot;,&quot;columns&quot;:1,&quot;pagination_type&quot;:&quot;numbers&quot;,&quot;row_gap&quot;:{&quot;unit&quot;:&quot;px&quot;,&quot;size&quot;:20,&quot;sizes&quot;:[]},&quot;_skin&quot;:&quot;post&quot;,&quot;columns_tablet&quot;:&quot;2&quot;,&quot;columns_mobile&quot;:&quot;1&quot;,&quot;edit_handle_selector&quot;:&quot;[data-elementor-type=\\&quot;loop-item\\&quot;]&quot;,&quot;pagination_load_type&quot;:&quot;page_reload&quot;,&quot;row_gap_laptop&quot;:{&quot;unit&quot;:&quot;px&quot;,&quot;size&quot;:&quot;&quot;,&quot;sizes&quot;:[]},&quot;row_gap_tablet&quot;:{&quot;unit&quot;:&quot;px&quot;,&quot;size&quot;:&quot;&quot;,&quot;sizes&quot;:[]},&quot;row_gap_mobile&quot;:{&quot;unit&quot;:&quot;px&quot;,&quot;size&quot;:&quot;&quot;,&quot;sizes&quot;:[]}}\" data-widget_type=\"loop-grid.post\">\n\t\t\t\t<div class=\"elementor-widget-container\">\n\t\t\t\t\t\t\t<div class=\"elementor-loop-container elementor-grid\" role=\"list\">\n\t\t<style id=\"loop-2115\">.elementor-2115 .elementor-element.elementor-element-1f27aab{--display:flex;--flex-direction:column;--container-widget-width:100%;--container-widget-height:initial;--container-widget-flex-grow:0;--container-widget-align-self:initial;--flex-wrap-mobile:wrap;--gap:10px 10px;--row-gap:10px;--column-gap:10px;}.elementor-2115 .elementor-element.elementor-element-1f27aab:not(.elementor-motion-effects-element-type-background), .elementor-2115 .elementor-element.elementor-element-1f27aab > .elementor-motion-effects-container > .elementor-motion-effects-layer{background-color:#F2F9FF;}.elementor-widget-theme-post-featured-image .widget-image-caption{font-family:var( --e-global-typography-text-font-family ), Sans-serif;font-weight:var( --e-global-typography-text-font-weight );}.elementor-2115 .elementor-element.elementor-element-72b3aa6 img{width:350px;height:220px;object-fit:cover;object-position:center center;}.elementor-widget-theme-post-title .elementor-heading-title{font-family:var( --e-global-typography-primary-font-family ), Sans-serif;font-weight:var( --e-global-typography-primary-font-weight );}.elementor-2115 .elementor-element.elementor-element-0adb9bb > .elementor-widget-container{padding:10px 0px 0px 0px;}.elementor-2115 .elementor-element.elementor-element-0adb9bb .elementor-heading-title{font-family:\"Proxima Nova Bold\", Sans-serif;font-size:16px;font-weight:700;line-height:17px;letter-spacing:0.2px;}.elementor-widget-divider .elementor-divider__text{font-family:var( --e-global-typography-secondary-font-family ), Sans-serif;font-weight:var( --e-global-typography-secondary-font-weight );}.elementor-2115 .elementor-element.elementor-element-f71b85a{--divider-border-style:solid;--divider-color:var( --e-global-color-primary );--divider-border-width:1px;}.elementor-2115 .elementor-element.elementor-element-f71b85a .elementor-divider-separator{width:100%;}.elementor-2115 .elementor-element.elementor-element-f71b85a .elementor-divider{padding-block-start:2px;padding-block-end:2px;}.elementor-widget-theme-post-excerpt .elementor-widget-container{font-family:var( --e-global-typography-text-font-family ), Sans-serif;font-weight:var( --e-global-typography-text-font-weight );}.elementor-2115 .elementor-element.elementor-element-4fe92ca > .elementor-widget-container{margin:0px 0px -20px 0px;}.elementor-2115 .elementor-element.elementor-element-4fe92ca.elementor-element{--flex-grow:1;--flex-shrink:0;}.elementor-widget-button .elementor-button{font-family:var( --e-global-typography-accent-font-family ), Sans-serif;font-weight:var( --e-global-typography-accent-font-weight );}.elementor-2115 .elementor-element.elementor-element-6b9be01 .elementor-button:hover, .elementor-2115 .elementor-element.elementor-element-6b9be01 .elementor-button:focus{background-color:var( --e-global-color-accent );color:var( --e-global-color-9fca721 );}.elementor-2115 .elementor-element.elementor-element-6b9be01 .elementor-button:hover svg, .elementor-2115 .elementor-element.elementor-element-6b9be01 .elementor-button:focus svg{fill:var( --e-global-color-9fca721 );}@media(max-width:1366px){.elementor-2115 .elementor-element.elementor-element-72b3aa6 img{height:200px;}.elementor-2115 .elementor-element.elementor-element-0adb9bb .elementor-heading-title{font-size:17px;line-height:18px;}}@media(max-width:1024px){.elementor-2115 .elementor-element.elementor-element-0adb9bb .elementor-heading-title{font-size:15px;line-height:16px;}}@media(max-width:767px){.elementor-2115 .elementor-element.elementor-element-72b3aa6 img{width:350px;}.elementor-2115 .elementor-element.elementor-element-0adb9bb .elementor-heading-title{font-size:16px;line-height:18px;}}<\/style>\t\t<div data-elementor-type=\"loop-item\" data-elementor-id=\"2115\" class=\"elementor elementor-2115 e-loop-item e-loop-item-9707 post-9707 post type-post status-publish format-standard has-post-thumbnail hentry category-dialogu-lokal\" data-elementor-post-type=\"elementor_library\" data-custom-edit-handle=\"1\">\n\t\t\t<div class=\"elementor-element elementor-element-1f27aab e-flex e-con-boxed e-con e-parent\" data-id=\"1f27aab\" data-element_type=\"container\" data-settings=\"{&quot;background_background&quot;:&quot;classic&quot;}\">\n\t\t\t\t\t<div class=\"e-con-inner\">\n\t\t\t\t<div class=\"elementor-element elementor-element-72b3aa6 elementor-widget elementor-widget-theme-post-featured-image elementor-widget-image\" data-id=\"72b3aa6\" data-element_type=\"widget\" data-widget_type=\"theme-post-featured-image.default\">\n\t\t\t\t<div class=\"elementor-widget-container\">\n\t\t\t\t\t\t\t\t\t\t\t\t\t\t\t<img fetchpriority=\"high\" decoding=\"async\" width=\"1600\" height=\"900\" src=\"https:\/\/aidssh.al\/wp-content\/uploads\/2025\/09\/486309615_974734374771012_7125026862531908264_n.jpg\" class=\"attachment-full size-full wp-image-9708\" alt=\"\" srcset=\"https:\/\/aidssh.al\/wp-content\/uploads\/2025\/09\/486309615_974734374771012_7125026862531908264_n.jpg 1600w, https:\/\/aidssh.al\/wp-content\/uploads\/2025\/09\/486309615_974734374771012_7125026862531908264_n-300x169.jpg 300w, https:\/\/aidssh.al\/wp-content\/uploads\/2025\/09\/486309615_974734374771012_7125026862531908264_n-1024x576.jpg 1024w, https:\/\/aidssh.al\/wp-content\/uploads\/2025\/09\/486309615_974734374771012_7125026862531908264_n-768x432.jpg 768w, https:\/\/aidssh.al\/wp-content\/uploads\/2025\/09\/486309615_974734374771012_7125026862531908264_n-1536x864.jpg 1536w, https:\/\/aidssh.al\/wp-content\/uploads\/2025\/09\/486309615_974734374771012_7125026862531908264_n-18x10.jpg 18w\" sizes=\"(max-width: 1600px) 100vw, 1600px\" \/>\t\t\t\t\t\t\t\t\t\t\t\t\t\t\t<\/div>\n\t\t\t\t<\/div>\n\t\t\t\t<div class=\"elementor-element elementor-element-0adb9bb elementor-widget elementor-widget-theme-post-title elementor-page-title elementor-widget-heading\" data-id=\"0adb9bb\" data-element_type=\"widget\" data-widget_type=\"theme-post-title.default\">\n\t\t\t\t<div class=\"elementor-widget-container\">\n\t\t\t\t\t<h2 class=\"elementor-heading-title elementor-size-default\"><a href=\"https:\/\/aidssh.al\/en\/dosja-e-hapur-tirana-ne-syte-e-sigurimit-diskutim-mbi-lejla-gjinalin-beshirin\/\">Dosja e Hapur \u2013 Tirana n\u00eb Syt\u00eb e Sigurimit: Diskutim mbi Lejla Gjinalin-Beshirin<\/a><\/h2>\t\t\t\t<\/div>\n\t\t\t\t<\/div>\n\t\t\t\t<div class=\"elementor-element elementor-element-f71b85a elementor-widget-divider--view-line elementor-widget elementor-widget-divider\" data-id=\"f71b85a\" data-element_type=\"widget\" data-widget_type=\"divider.default\">\n\t\t\t\t<div class=\"elementor-widget-container\">\n\t\t\t\t\t\t\t<div class=\"elementor-divider\">\n\t\t\t<span class=\"elementor-divider-separator\">\n\t\t\t\t\t\t<\/span>\n\t\t<\/div>\n\t\t\t\t\t\t<\/div>\n\t\t\t\t<\/div>\n\t\t\t\t<div class=\"elementor-element elementor-element-4fe92ca elementor-widget elementor-widget-theme-post-excerpt\" data-id=\"4fe92ca\" data-element_type=\"widget\" data-widget_type=\"theme-post-excerpt.default\">\n\t\t\t\t<div class=\"elementor-widget-container\">\n\t\t\t\t\t<p>M\u00eb 2 prill 2025, Autoriteti p\u00ebr Informimin mbi Dokumentet e ish-Sigurimit t\u00eb Shtetit (AIDSSH) organizoi aktivitetin&nbsp;\u201cDosja e Hapur \u2013 Tirana\t\t\t\t<\/div>\n\t\t\t\t<\/div>\n\t\t\t\t<div class=\"elementor-element elementor-element-6b9be01 elementor-widget elementor-widget-button\" data-id=\"6b9be01\" data-element_type=\"widget\" data-widget_type=\"button.default\">\n\t\t\t\t<div class=\"elementor-widget-container\">\n\t\t\t\t\t\t\t\t\t<div class=\"elementor-button-wrapper\">\n\t\t\t\t\t<a class=\"elementor-button elementor-button-link elementor-size-sm\" href=\"https:\/\/aidssh.al\/en\/dosja-e-hapur-tirana-ne-syte-e-sigurimit-diskutim-mbi-lejla-gjinalin-beshirin\/\">\n\t\t\t\t\t\t<span class=\"elementor-button-content-wrapper\">\n\t\t\t\t\t\t\t\t\t<span class=\"elementor-button-text\">Read more<\/span>\n\t\t\t\t\t<\/span>\n\t\t\t\t\t<\/a>\n\t\t\t\t<\/div>\n\t\t\t\t\t\t\t\t<\/div>\n\t\t\t\t<\/div>\n\t\t\t\t\t<\/div>\n\t\t\t\t<\/div>\n\t\t\t\t<\/div>\n\t\t\t\t<div data-elementor-type=\"loop-item\" data-elementor-id=\"2115\" class=\"elementor elementor-2115 e-loop-item e-loop-item-9692 post-9692 post type-post status-publish format-standard has-post-thumbnail hentry category-dialogu-lokal\" data-elementor-post-type=\"elementor_library\" data-custom-edit-handle=\"1\">\n\t\t\t<div class=\"elementor-element elementor-element-1f27aab e-flex e-con-boxed e-con e-parent\" data-id=\"1f27aab\" data-element_type=\"container\" data-settings=\"{&quot;background_background&quot;:&quot;classic&quot;}\">\n\t\t\t\t\t<div class=\"e-con-inner\">\n\t\t\t\t<div class=\"elementor-element elementor-element-72b3aa6 elementor-widget elementor-widget-theme-post-featured-image elementor-widget-image\" data-id=\"72b3aa6\" data-element_type=\"widget\" data-widget_type=\"theme-post-featured-image.default\">\n\t\t\t\t<div class=\"elementor-widget-container\">\n\t\t\t\t\t\t\t\t\t\t\t\t\t\t\t<img decoding=\"async\" width=\"1142\" height=\"1600\" src=\"https:\/\/aidssh.al\/wp-content\/uploads\/2025\/09\/WhatsApp-Image-2025-09-04-at-12.31.09-PM.jpeg\" class=\"attachment-full size-full wp-image-9704\" alt=\"\" srcset=\"https:\/\/aidssh.al\/wp-content\/uploads\/2025\/09\/WhatsApp-Image-2025-09-04-at-12.31.09-PM.jpeg 1142w, https:\/\/aidssh.al\/wp-content\/uploads\/2025\/09\/WhatsApp-Image-2025-09-04-at-12.31.09-PM-214x300.jpeg 214w, https:\/\/aidssh.al\/wp-content\/uploads\/2025\/09\/WhatsApp-Image-2025-09-04-at-12.31.09-PM-731x1024.jpeg 731w, https:\/\/aidssh.al\/wp-content\/uploads\/2025\/09\/WhatsApp-Image-2025-09-04-at-12.31.09-PM-768x1076.jpeg 768w, https:\/\/aidssh.al\/wp-content\/uploads\/2025\/09\/WhatsApp-Image-2025-09-04-at-12.31.09-PM-1096x1536.jpeg 1096w, https:\/\/aidssh.al\/wp-content\/uploads\/2025\/09\/WhatsApp-Image-2025-09-04-at-12.31.09-PM-9x12.jpeg 9w\" sizes=\"(max-width: 1142px) 100vw, 1142px\" \/>\t\t\t\t\t\t\t\t\t\t\t\t\t\t\t<\/div>\n\t\t\t\t<\/div>\n\t\t\t\t<div class=\"elementor-element elementor-element-0adb9bb elementor-widget elementor-widget-theme-post-title elementor-page-title elementor-widget-heading\" data-id=\"0adb9bb\" data-element_type=\"widget\" data-widget_type=\"theme-post-title.default\">\n\t\t\t\t<div class=\"elementor-widget-container\">\n\t\t\t\t\t<h2 class=\"elementor-heading-title elementor-size-default\"><a href=\"https:\/\/aidssh.al\/en\/tesakrifikuarit\/\">#T\u00ebsakrifikuarit<\/a><\/h2>\t\t\t\t<\/div>\n\t\t\t\t<\/div>\n\t\t\t\t<div class=\"elementor-element elementor-element-f71b85a elementor-widget-divider--view-line elementor-widget elementor-widget-divider\" data-id=\"f71b85a\" data-element_type=\"widget\" data-widget_type=\"divider.default\">\n\t\t\t\t<div class=\"elementor-widget-container\">\n\t\t\t\t\t\t\t<div class=\"elementor-divider\">\n\t\t\t<span class=\"elementor-divider-separator\">\n\t\t\t\t\t\t<\/span>\n\t\t<\/div>\n\t\t\t\t\t\t<\/div>\n\t\t\t\t<\/div>\n\t\t\t\t<div class=\"elementor-element elementor-element-4fe92ca elementor-widget elementor-widget-theme-post-excerpt\" data-id=\"4fe92ca\" data-element_type=\"widget\" data-widget_type=\"theme-post-excerpt.default\">\n\t\t\t\t<div class=\"elementor-widget-container\">\n\t\t\t\t\t<p>\u201c\ud835\udc03\ud835\udc0e\ud835\udc12\ud835\udc09\ud835\udc00 \ud835\udc04 \ud835\udc07\ud835\udc00\ud835\udc0f\ud835\udc14\ud835\udc11\u201d \ud835\udc1e \ud835\udc17\ud835\udc21\ud835\udc1a\ud835\udc21\ud835\udc22\ud835\udc2d \ud835\udc13\ud835\udc28\ud835\udc29\ud835\udc2d\ud835\udc1a\ud835\udc27\ud835\udc22\ud835\ude01 \ud835\udc1d\ud835\udc21\ud835\udc1e \ud835\udc00\ud835\udc1b\ud835\udc1d\ud835\udc32\ud835\udc25 \ud835\udc0a\ud835\udc1e\u0308\ud835\udc25\ud835\udc25\ud835\udc1e\ud835\udc33\ud835\udc22\ud835\udc2d &#8211; \ud835\udc43\ud835\udc5f\ud835\udc5c\ud835\udc53.\ud835\udc34\ud835\udc60\ud835\udc5c\ud835\udc50.\ud835\udc37\ud835\udc5f. \ud835\udc3a\ud835\udc57\ud835\udc5c\ud835\udc5b \ud835\udc35\ud835\udc5c\ud835\udc5f\ud835\udc56\ud835\udc50\u0327\ud835\udc56 \ud835\udc56 \ud835\udc3c\ud835\udc5b\ud835\udc60\ud835\udc61\ud835\udc56\ud835\udc61\ud835\udc62\ud835\udc61\ud835\udc56\ud835\udc61 \ud835\udc61\ud835\udc52\u0308 \ud835\udc3b\ud835\udc56\ud835\udc60\ud835\udc61\ud835\udc5c\ud835\udc5f\ud835\udc56\ud835\udc60\ud835\udc52\u0308, \ud835\udc5b\ud835\udc52\u0308 \ud835\udc59\ud835\udc56\ud835\udc54\ud835\udc57\ud835\udc52\u0308\ud835\udc5f\ud835\udc4e\ud835\udc61\ud835\udc52\u0308\ud835\udc5b \ud835\udc5a\ud835\udc52\t\t\t\t<\/div>\n\t\t\t\t<\/div>\n\t\t\t\t<div class=\"elementor-element elementor-element-6b9be01 elementor-widget elementor-widget-button\" data-id=\"6b9be01\" data-element_type=\"widget\" data-widget_type=\"button.default\">\n\t\t\t\t<div class=\"elementor-widget-container\">\n\t\t\t\t\t\t\t\t\t<div class=\"elementor-button-wrapper\">\n\t\t\t\t\t<a class=\"elementor-button elementor-button-link elementor-size-sm\" href=\"https:\/\/aidssh.al\/en\/tesakrifikuarit\/\">\n\t\t\t\t\t\t<span class=\"elementor-button-content-wrapper\">\n\t\t\t\t\t\t\t\t\t<span class=\"elementor-button-text\">Read more<\/span>\n\t\t\t\t\t<\/span>\n\t\t\t\t\t<\/a>\n\t\t\t\t<\/div>\n\t\t\t\t\t\t\t\t<\/div>\n\t\t\t\t<\/div>\n\t\t\t\t\t<\/div>\n\t\t\t\t<\/div>\n\t\t\t\t<\/div>\n\t\t\t\t<div data-elementor-type=\"loop-item\" data-elementor-id=\"2115\" class=\"elementor elementor-2115 e-loop-item e-loop-item-8578 post-8578 post type-post status-publish format-standard has-post-thumbnail hentry category-dialogu-lokal\" data-elementor-post-type=\"elementor_library\" data-custom-edit-handle=\"1\">\n\t\t\t<div class=\"elementor-element elementor-element-1f27aab e-flex e-con-boxed e-con e-parent\" data-id=\"1f27aab\" data-element_type=\"container\" data-settings=\"{&quot;background_background&quot;:&quot;classic&quot;}\">\n\t\t\t\t\t<div class=\"e-con-inner\">\n\t\t\t\t<div class=\"elementor-element elementor-element-72b3aa6 elementor-widget elementor-widget-theme-post-featured-image elementor-widget-image\" data-id=\"72b3aa6\" data-element_type=\"widget\" data-widget_type=\"theme-post-featured-image.default\">\n\t\t\t\t<div class=\"elementor-widget-container\">\n\t\t\t\t\t\t\t\t\t\t\t\t\t\t\t<img decoding=\"async\" width=\"2048\" height=\"1365\" src=\"https:\/\/aidssh.al\/wp-content\/uploads\/2025\/07\/Dosja-hapur-foto-1.jpg\" class=\"attachment-full size-full wp-image-8579\" alt=\"\" srcset=\"https:\/\/aidssh.al\/wp-content\/uploads\/2025\/07\/Dosja-hapur-foto-1.jpg 2048w, https:\/\/aidssh.al\/wp-content\/uploads\/2025\/07\/Dosja-hapur-foto-1-300x200.jpg 300w, https:\/\/aidssh.al\/wp-content\/uploads\/2025\/07\/Dosja-hapur-foto-1-1024x683.jpg 1024w, https:\/\/aidssh.al\/wp-content\/uploads\/2025\/07\/Dosja-hapur-foto-1-768x512.jpg 768w, https:\/\/aidssh.al\/wp-content\/uploads\/2025\/07\/Dosja-hapur-foto-1-1536x1024.jpg 1536w, https:\/\/aidssh.al\/wp-content\/uploads\/2025\/07\/Dosja-hapur-foto-1-18x12.jpg 18w\" sizes=\"(max-width: 2048px) 100vw, 2048px\" \/>\t\t\t\t\t\t\t\t\t\t\t\t\t\t\t<\/div>\n\t\t\t\t<\/div>\n\t\t\t\t<div class=\"elementor-element elementor-element-0adb9bb elementor-widget elementor-widget-theme-post-title elementor-page-title elementor-widget-heading\" data-id=\"0adb9bb\" data-element_type=\"widget\" data-widget_type=\"theme-post-title.default\">\n\t\t\t\t<div class=\"elementor-widget-container\">\n\t\t\t\t\t<h2 class=\"elementor-heading-title elementor-size-default\"><a href=\"https:\/\/aidssh.al\/en\/dosja-e-hapur\/\">Open file<\/a><\/h2>\t\t\t\t<\/div>\n\t\t\t\t<\/div>\n\t\t\t\t<div class=\"elementor-element elementor-element-f71b85a elementor-widget-divider--view-line elementor-widget elementor-widget-divider\" data-id=\"f71b85a\" data-element_type=\"widget\" data-widget_type=\"divider.default\">\n\t\t\t\t<div class=\"elementor-widget-container\">\n\t\t\t\t\t\t\t<div class=\"elementor-divider\">\n\t\t\t<span class=\"elementor-divider-separator\">\n\t\t\t\t\t\t<\/span>\n\t\t<\/div>\n\t\t\t\t\t\t<\/div>\n\t\t\t\t<\/div>\n\t\t\t\t<div class=\"elementor-element elementor-element-6b9be01 elementor-widget elementor-widget-button\" data-id=\"6b9be01\" data-element_type=\"widget\" data-widget_type=\"button.default\">\n\t\t\t\t<div class=\"elementor-widget-container\">\n\t\t\t\t\t\t\t\t\t<div class=\"elementor-button-wrapper\">\n\t\t\t\t\t<a class=\"elementor-button elementor-button-link elementor-size-sm\" href=\"https:\/\/aidssh.al\/en\/dosja-e-hapur\/\">\n\t\t\t\t\t\t<span class=\"elementor-button-content-wrapper\">\n\t\t\t\t\t\t\t\t\t<span class=\"elementor-button-text\">Read more<\/span>\n\t\t\t\t\t<\/span>\n\t\t\t\t\t<\/a>\n\t\t\t\t<\/div>\n\t\t\t\t\t\t\t\t<\/div>\n\t\t\t\t<\/div>\n\t\t\t\t\t<\/div>\n\t\t\t\t<\/div>\n\t\t\t\t<\/div>\n\t\t\t\t<div data-elementor-type=\"loop-item\" data-elementor-id=\"2115\" class=\"elementor elementor-2115 e-loop-item e-loop-item-8570 post-8570 post type-post status-publish format-standard has-post-thumbnail hentry category-dialogu-lokal\" data-elementor-post-type=\"elementor_library\" data-custom-edit-handle=\"1\">\n\t\t\t<div class=\"elementor-element elementor-element-1f27aab e-flex e-con-boxed e-con e-parent\" data-id=\"1f27aab\" data-element_type=\"container\" data-settings=\"{&quot;background_background&quot;:&quot;classic&quot;}\">\n\t\t\t\t\t<div class=\"e-con-inner\">\n\t\t\t\t<div class=\"elementor-element elementor-element-72b3aa6 elementor-widget elementor-widget-theme-post-featured-image elementor-widget-image\" data-id=\"72b3aa6\" data-element_type=\"widget\" data-widget_type=\"theme-post-featured-image.default\">\n\t\t\t\t<div class=\"elementor-widget-container\">\n\t\t\t\t\t\t\t\t\t\t\t\t\t\t\t<img loading=\"lazy\" decoding=\"async\" width=\"1019\" height=\"812\" src=\"https:\/\/aidssh.al\/wp-content\/uploads\/2025\/07\/Ekspozite-dokumentare-Feature-Image.jpg\" class=\"attachment-full size-full wp-image-8571\" alt=\"\" srcset=\"https:\/\/aidssh.al\/wp-content\/uploads\/2025\/07\/Ekspozite-dokumentare-Feature-Image.jpg 1019w, https:\/\/aidssh.al\/wp-content\/uploads\/2025\/07\/Ekspozite-dokumentare-Feature-Image-300x239.jpg 300w, https:\/\/aidssh.al\/wp-content\/uploads\/2025\/07\/Ekspozite-dokumentare-Feature-Image-768x612.jpg 768w, https:\/\/aidssh.al\/wp-content\/uploads\/2025\/07\/Ekspozite-dokumentare-Feature-Image-15x12.jpg 15w\" sizes=\"(max-width: 1019px) 100vw, 1019px\" \/>\t\t\t\t\t\t\t\t\t\t\t\t\t\t\t<\/div>\n\t\t\t\t<\/div>\n\t\t\t\t<div class=\"elementor-element elementor-element-0adb9bb elementor-widget elementor-widget-theme-post-title elementor-page-title elementor-widget-heading\" data-id=\"0adb9bb\" data-element_type=\"widget\" data-widget_type=\"theme-post-title.default\">\n\t\t\t\t<div class=\"elementor-widget-container\">\n\t\t\t\t\t<h2 class=\"elementor-heading-title elementor-size-default\"><a href=\"https:\/\/aidssh.al\/en\/ekspozite-dokumentare-ish-sigurimi-ne-konispol\/\">Documentary Exhibition: The Former Sigurimi in Konispol<\/a><\/h2>\t\t\t\t<\/div>\n\t\t\t\t<\/div>\n\t\t\t\t<div class=\"elementor-element elementor-element-f71b85a elementor-widget-divider--view-line elementor-widget elementor-widget-divider\" data-id=\"f71b85a\" data-element_type=\"widget\" data-widget_type=\"divider.default\">\n\t\t\t\t<div class=\"elementor-widget-container\">\n\t\t\t\t\t\t\t<div class=\"elementor-divider\">\n\t\t\t<span class=\"elementor-divider-separator\">\n\t\t\t\t\t\t<\/span>\n\t\t<\/div>\n\t\t\t\t\t\t<\/div>\n\t\t\t\t<\/div>\n\t\t\t\t<div class=\"elementor-element elementor-element-4fe92ca elementor-widget elementor-widget-theme-post-excerpt\" data-id=\"4fe92ca\" data-element_type=\"widget\" data-widget_type=\"theme-post-excerpt.default\">\n\t\t\t\t<div class=\"elementor-widget-container\">\n\t\t\t\t\t<p>Autoriteti p\u00ebr Informim mbi Dokumentet e ish-Sigurimit t\u00eb Shtetit, n\u00eb p\u00ebrkujtim t\u00eb goditjes s\u00eb p\u00ebrqendruar t\u00eb faktorit antikomunist n\u00eb jugun\t\t\t\t<\/div>\n\t\t\t\t<\/div>\n\t\t\t\t<div class=\"elementor-element elementor-element-6b9be01 elementor-widget elementor-widget-button\" data-id=\"6b9be01\" data-element_type=\"widget\" data-widget_type=\"button.default\">\n\t\t\t\t<div class=\"elementor-widget-container\">\n\t\t\t\t\t\t\t\t\t<div class=\"elementor-button-wrapper\">\n\t\t\t\t\t<a class=\"elementor-button elementor-button-link elementor-size-sm\" href=\"https:\/\/aidssh.al\/en\/ekspozite-dokumentare-ish-sigurimi-ne-konispol\/\">\n\t\t\t\t\t\t<span class=\"elementor-button-content-wrapper\">\n\t\t\t\t\t\t\t\t\t<span class=\"elementor-button-text\">Read more<\/span>\n\t\t\t\t\t<\/span>\n\t\t\t\t\t<\/a>\n\t\t\t\t<\/div>\n\t\t\t\t\t\t\t\t<\/div>\n\t\t\t\t<\/div>\n\t\t\t\t\t<\/div>\n\t\t\t\t<\/div>\n\t\t\t\t<\/div>\n\t\t\t\t<\/div>\n\t\t\n\t\t\t\t\t\t<\/div>\n\t\t\t\t<\/div>\n\t\t\t\t\t<\/div>\n\t\t\t\t<\/div>\n\t\t\t\t<\/div>","protected":false},"excerpt":{"rendered":"","protected":false},"author":1,"featured_media":533,"parent":18,"menu_order":0,"comment_status":"closed","ping_status":"closed","template":"","meta":{"_acf_changed":false,"footnotes":""},"class_list":["post-729","page","type-page","status-publish","has-post-thumbnail","hentry"],"acf":[],"_links":{"self":[{"href":"https:\/\/aidssh.al\/en\/wp-json\/wp\/v2\/pages\/729","targetHints":{"allow":["GET"]}}],"collection":[{"href":"https:\/\/aidssh.al\/en\/wp-json\/wp\/v2\/pages"}],"about":[{"href":"https:\/\/aidssh.al\/en\/wp-json\/wp\/v2\/types\/page"}],"author":[{"embeddable":true,"href":"https:\/\/aidssh.al\/en\/wp-json\/wp\/v2\/users\/1"}],"replies":[{"embeddable":true,"href":"https:\/\/aidssh.al\/en\/wp-json\/wp\/v2\/comments?post=729"}],"version-history":[{"count":0,"href":"https:\/\/aidssh.al\/en\/wp-json\/wp\/v2\/pages\/729\/revisions"}],"up":[{"embeddable":true,"href":"https:\/\/aidssh.al\/en\/wp-json\/wp\/v2\/pages\/18"}],"wp:featuredmedia":[{"embeddable":true,"href":"https:\/\/aidssh.al\/en\/wp-json\/wp\/v2\/media\/533"}],"wp:attachment":[{"href":"https:\/\/aidssh.al\/en\/wp-json\/wp\/v2\/media?parent=729"}],"curies":[{"name":"wp","href":"https:\/\/api.w.org\/{rel}","templated":true}]}}