{"id":750,"date":"2025-06-12T10:52:14","date_gmt":"2025-06-12T08:52:14","guid":{"rendered":"https:\/\/aidssh.instant.al\/?page_id=750"},"modified":"2025-07-14T09:27:32","modified_gmt":"2025-07-14T07:27:32","slug":"ekspozita-fizike","status":"publish","type":"page","link":"https:\/\/aidssh.al\/en\/edukimi\/ekspozita\/ekspozita-fizike\/","title":{"rendered":"Physical exhibition"},"content":{"rendered":"<div data-elementor-type=\"wp-page\" data-elementor-id=\"750\" class=\"elementor elementor-750\" data-elementor-post-type=\"page\">\n\t\t\t\t<div class=\"elementor-element elementor-element-a17e407 e-con-full e-flex e-con e-parent\" data-id=\"a17e407\" data-element_type=\"container\">\n\t\t\t\t<div class=\"elementor-element elementor-element-ffbe63e elementor-widget elementor-widget-template\" data-id=\"ffbe63e\" data-element_type=\"widget\" data-widget_type=\"template.default\">\n\t\t\t\t<div class=\"elementor-widget-container\">\n\t\t\t\t\t\t\t<div class=\"elementor-template\">\n\t\t\t\t\t<div data-elementor-type=\"container\" data-elementor-id=\"866\" class=\"elementor elementor-866\" data-elementor-post-type=\"elementor_library\">\n\t\t\t\t<div class=\"elementor-element elementor-element-58c6923c e-flex e-con-boxed e-con e-parent\" data-id=\"58c6923c\" data-element_type=\"container\" data-settings=\"{&quot;background_background&quot;:&quot;classic&quot;}\">\n\t\t\t\t\t<div class=\"e-con-inner\">\n\t\t\t\t<div class=\"elementor-element elementor-element-3356bc54 elementor-widget elementor-widget-heading\" data-id=\"3356bc54\" data-element_type=\"widget\" data-widget_type=\"heading.default\">\n\t\t\t\t<div class=\"elementor-widget-container\">\n\t\t\t\t\t<h1 class=\"elementor-heading-title elementor-size-default\">Physical exhibition<\/h1>\t\t\t\t<\/div>\n\t\t\t\t<\/div>\n\t\t\t\t\t<\/div>\n\t\t\t\t<\/div>\n\t\t\t\t<\/div>\n\t\t\t\t<\/div>\n\t\t\t\t\t\t<\/div>\n\t\t\t\t<\/div>\n\t\t\t\t<\/div>\n\t\t<div class=\"elementor-element elementor-element-d1ded8e e-flex e-con-boxed e-con e-parent\" data-id=\"d1ded8e\" data-element_type=\"container\">\n\t\t\t\t\t<div class=\"e-con-inner\">\n\t\t<div class=\"elementor-element elementor-element-07b6f1d e-con-full e-flex e-con e-child\" data-id=\"07b6f1d\" data-element_type=\"container\">\n\t\t\t\t<div class=\"elementor-element elementor-element-ace788f elementor-widget elementor-widget-heading\" data-id=\"ace788f\" data-element_type=\"widget\" data-widget_type=\"heading.default\">\n\t\t\t\t<div class=\"elementor-widget-container\">\n\t\t\t\t\t<h5 class=\"elementor-heading-title elementor-size-default\">Physical exhibition 2023<\/h5>\t\t\t\t<\/div>\n\t\t\t\t<\/div>\n\t\t\t\t<div class=\"elementor-element elementor-element-62caf79 elementor-align-right elementor-widget elementor-widget-button\" data-id=\"62caf79\" data-element_type=\"widget\" data-widget_type=\"button.default\">\n\t\t\t\t<div class=\"elementor-widget-container\">\n\t\t\t\t\t\t\t\t\t<div class=\"elementor-button-wrapper\">\n\t\t\t\t\t<a class=\"elementor-button elementor-button-link elementor-size-sm\" href=\"https:\/\/aidssh.al\/en\/edukimi\/ekspozita\/ekspozita-fizike\/ekspozita-fizike-2023\/\">\n\t\t\t\t\t\t<span class=\"elementor-button-content-wrapper\">\n\t\t\t\t\t\t<span class=\"elementor-button-icon\">\n\t\t\t\t<svg xmlns=\"http:\/\/www.w3.org\/2000\/svg\" width=\"800px\" height=\"800px\" viewbox=\"0 0 20 20\" fill=\"none\"><g id=\"SVGRepo_bgCarrier\" stroke-width=\"0\"><\/g><g id=\"SVGRepo_tracerCarrier\" stroke-linecap=\"round\" stroke-linejoin=\"round\"><\/g><g id=\"SVGRepo_iconCarrier\"><path fill=\"#ffffff\" fill-rule=\"evenodd\" d=\"M11 2a1 1 0 10-2 0v7.74L5.173 6.26a1 1 0 10-1.346 1.48l5.5 5a1 1 0 001.346 0l5.5-5a1 1 0 00-1.346-1.48L11 9.74V2zm-7.895 9.204A1 1 0 001.5 12v3.867a2.018 2.018 0 002.227 2.002c1.424-.147 3.96-.369 6.273-.369 2.386 0 5.248.236 6.795.383a2.013 2.013 0 002.205-2V12a1 1 0 10-2 0v3.884l-13.895-4.68zm0 0L2.5 11l.605.204zm0 0l13.892 4.683a.019.019 0 01-.007.005h-.006c-1.558-.148-4.499-.392-6.984-.392-2.416 0-5.034.23-6.478.38h-.009a.026.026 0 01-.013-.011V12a.998.998 0 00-.394-.796z\"><\/path><\/g><\/svg>\t\t\t<\/span>\n\t\t\t\t\t\t\t\t\t<span class=\"elementor-button-text\">See more<\/span>\n\t\t\t\t\t<\/span>\n\t\t\t\t\t<\/a>\n\t\t\t\t<\/div>\n\t\t\t\t\t\t\t\t<\/div>\n\t\t\t\t<\/div>\n\t\t\t\t<\/div>\n\t\t<div class=\"elementor-element elementor-element-643d0d5 e-con-full e-flex e-con e-child\" data-id=\"643d0d5\" data-element_type=\"container\">\n\t\t\t\t<div class=\"elementor-element elementor-element-b84eff7 elementor-widget elementor-widget-heading\" data-id=\"b84eff7\" data-element_type=\"widget\" data-widget_type=\"heading.default\">\n\t\t\t\t<div class=\"elementor-widget-container\">\n\t\t\t\t\t<h5 class=\"elementor-heading-title elementor-size-default\">Physical exhibition 2022<\/h5>\t\t\t\t<\/div>\n\t\t\t\t<\/div>\n\t\t\t\t<div class=\"elementor-element elementor-element-4dfdbda elementor-align-right elementor-widget elementor-widget-button\" data-id=\"4dfdbda\" data-element_type=\"widget\" data-widget_type=\"button.default\">\n\t\t\t\t<div class=\"elementor-widget-container\">\n\t\t\t\t\t\t\t\t\t<div class=\"elementor-button-wrapper\">\n\t\t\t\t\t<a class=\"elementor-button elementor-button-link elementor-size-sm\" href=\"https:\/\/aidssh.al\/en\/edukimi\/ekspozita\/ekspozita-fizike\/ekspozita-fizike-2022\/\">\n\t\t\t\t\t\t<span class=\"elementor-button-content-wrapper\">\n\t\t\t\t\t\t<span class=\"elementor-button-icon\">\n\t\t\t\t<svg xmlns=\"http:\/\/www.w3.org\/2000\/svg\" width=\"800px\" height=\"800px\" viewbox=\"0 0 20 20\" fill=\"none\"><g id=\"SVGRepo_bgCarrier\" stroke-width=\"0\"><\/g><g id=\"SVGRepo_tracerCarrier\" stroke-linecap=\"round\" stroke-linejoin=\"round\"><\/g><g id=\"SVGRepo_iconCarrier\"><path fill=\"#ffffff\" fill-rule=\"evenodd\" d=\"M11 2a1 1 0 10-2 0v7.74L5.173 6.26a1 1 0 10-1.346 1.48l5.5 5a1 1 0 001.346 0l5.5-5a1 1 0 00-1.346-1.48L11 9.74V2zm-7.895 9.204A1 1 0 001.5 12v3.867a2.018 2.018 0 002.227 2.002c1.424-.147 3.96-.369 6.273-.369 2.386 0 5.248.236 6.795.383a2.013 2.013 0 002.205-2V12a1 1 0 10-2 0v3.884l-13.895-4.68zm0 0L2.5 11l.605.204zm0 0l13.892 4.683a.019.019 0 01-.007.005h-.006c-1.558-.148-4.499-.392-6.984-.392-2.416 0-5.034.23-6.478.38h-.009a.026.026 0 01-.013-.011V12a.998.998 0 00-.394-.796z\"><\/path><\/g><\/svg>\t\t\t<\/span>\n\t\t\t\t\t\t\t\t\t<span class=\"elementor-button-text\">See more<\/span>\n\t\t\t\t\t<\/span>\n\t\t\t\t\t<\/a>\n\t\t\t\t<\/div>\n\t\t\t\t\t\t\t\t<\/div>\n\t\t\t\t<\/div>\n\t\t\t\t<\/div>\n\t\t<div class=\"elementor-element elementor-element-555213f e-con-full e-flex e-con e-child\" data-id=\"555213f\" data-element_type=\"container\">\n\t\t\t\t<div class=\"elementor-element elementor-element-b77e97e elementor-widget elementor-widget-heading\" data-id=\"b77e97e\" data-element_type=\"widget\" data-widget_type=\"heading.default\">\n\t\t\t\t<div class=\"elementor-widget-container\">\n\t\t\t\t\t<h5 class=\"elementor-heading-title elementor-size-default\">Physical exhibition 2021<\/h5>\t\t\t\t<\/div>\n\t\t\t\t<\/div>\n\t\t\t\t<div class=\"elementor-element elementor-element-58b3431 elementor-align-right elementor-widget elementor-widget-button\" data-id=\"58b3431\" data-element_type=\"widget\" data-widget_type=\"button.default\">\n\t\t\t\t<div class=\"elementor-widget-container\">\n\t\t\t\t\t\t\t\t\t<div class=\"elementor-button-wrapper\">\n\t\t\t\t\t<a class=\"elementor-button elementor-button-link elementor-size-sm\" href=\"https:\/\/aidssh.al\/en\/edukimi\/ekspozita\/ekspozita-fizike\/ekspozita-fizike-2021\/\">\n\t\t\t\t\t\t<span class=\"elementor-button-content-wrapper\">\n\t\t\t\t\t\t<span class=\"elementor-button-icon\">\n\t\t\t\t<svg xmlns=\"http:\/\/www.w3.org\/2000\/svg\" width=\"800px\" height=\"800px\" viewbox=\"0 0 20 20\" fill=\"none\"><g id=\"SVGRepo_bgCarrier\" stroke-width=\"0\"><\/g><g id=\"SVGRepo_tracerCarrier\" stroke-linecap=\"round\" stroke-linejoin=\"round\"><\/g><g id=\"SVGRepo_iconCarrier\"><path fill=\"#ffffff\" fill-rule=\"evenodd\" d=\"M11 2a1 1 0 10-2 0v7.74L5.173 6.26a1 1 0 10-1.346 1.48l5.5 5a1 1 0 001.346 0l5.5-5a1 1 0 00-1.346-1.48L11 9.74V2zm-7.895 9.204A1 1 0 001.5 12v3.867a2.018 2.018 0 002.227 2.002c1.424-.147 3.96-.369 6.273-.369 2.386 0 5.248.236 6.795.383a2.013 2.013 0 002.205-2V12a1 1 0 10-2 0v3.884l-13.895-4.68zm0 0L2.5 11l.605.204zm0 0l13.892 4.683a.019.019 0 01-.007.005h-.006c-1.558-.148-4.499-.392-6.984-.392-2.416 0-5.034.23-6.478.38h-.009a.026.026 0 01-.013-.011V12a.998.998 0 00-.394-.796z\"><\/path><\/g><\/svg>\t\t\t<\/span>\n\t\t\t\t\t\t\t\t\t<span class=\"elementor-button-text\">See more<\/span>\n\t\t\t\t\t<\/span>\n\t\t\t\t\t<\/a>\n\t\t\t\t<\/div>\n\t\t\t\t\t\t\t\t<\/div>\n\t\t\t\t<\/div>\n\t\t\t\t<\/div>\n\t\t<div class=\"elementor-element elementor-element-428ea48 e-con-full e-flex e-con e-child\" data-id=\"428ea48\" data-element_type=\"container\">\n\t\t\t\t<div class=\"elementor-element elementor-element-e0526c2 elementor-widget elementor-widget-heading\" data-id=\"e0526c2\" data-element_type=\"widget\" data-widget_type=\"heading.default\">\n\t\t\t\t<div class=\"elementor-widget-container\">\n\t\t\t\t\t<h5 class=\"elementor-heading-title elementor-size-default\">Physical exhibition 2020<\/h5>\t\t\t\t<\/div>\n\t\t\t\t<\/div>\n\t\t\t\t<div class=\"elementor-element elementor-element-b46a686 elementor-align-right elementor-widget elementor-widget-button\" data-id=\"b46a686\" data-element_type=\"widget\" data-widget_type=\"button.default\">\n\t\t\t\t<div class=\"elementor-widget-container\">\n\t\t\t\t\t\t\t\t\t<div class=\"elementor-button-wrapper\">\n\t\t\t\t\t<a class=\"elementor-button elementor-button-link elementor-size-sm\" href=\"https:\/\/aidssh.al\/en\/edukimi\/ekspozita\/ekspozita-fizike\/ekspozita-fizike-2020\/\">\n\t\t\t\t\t\t<span class=\"elementor-button-content-wrapper\">\n\t\t\t\t\t\t<span class=\"elementor-button-icon\">\n\t\t\t\t<svg xmlns=\"http:\/\/www.w3.org\/2000\/svg\" width=\"800px\" height=\"800px\" viewbox=\"0 0 20 20\" fill=\"none\"><g id=\"SVGRepo_bgCarrier\" stroke-width=\"0\"><\/g><g id=\"SVGRepo_tracerCarrier\" stroke-linecap=\"round\" stroke-linejoin=\"round\"><\/g><g id=\"SVGRepo_iconCarrier\"><path fill=\"#ffffff\" fill-rule=\"evenodd\" d=\"M11 2a1 1 0 10-2 0v7.74L5.173 6.26a1 1 0 10-1.346 1.48l5.5 5a1 1 0 001.346 0l5.5-5a1 1 0 00-1.346-1.48L11 9.74V2zm-7.895 9.204A1 1 0 001.5 12v3.867a2.018 2.018 0 002.227 2.002c1.424-.147 3.96-.369 6.273-.369 2.386 0 5.248.236 6.795.383a2.013 2.013 0 002.205-2V12a1 1 0 10-2 0v3.884l-13.895-4.68zm0 0L2.5 11l.605.204zm0 0l13.892 4.683a.019.019 0 01-.007.005h-.006c-1.558-.148-4.499-.392-6.984-.392-2.416 0-5.034.23-6.478.38h-.009a.026.026 0 01-.013-.011V12a.998.998 0 00-.394-.796z\"><\/path><\/g><\/svg>\t\t\t<\/span>\n\t\t\t\t\t\t\t\t\t<span class=\"elementor-button-text\">See more<\/span>\n\t\t\t\t\t<\/span>\n\t\t\t\t\t<\/a>\n\t\t\t\t<\/div>\n\t\t\t\t\t\t\t\t<\/div>\n\t\t\t\t<\/div>\n\t\t\t\t<\/div>\n\t\t<div class=\"elementor-element elementor-element-55639f5 e-con-full e-flex e-con e-child\" data-id=\"55639f5\" data-element_type=\"container\">\n\t\t\t\t<div class=\"elementor-element elementor-element-761bf07 elementor-widget elementor-widget-heading\" data-id=\"761bf07\" data-element_type=\"widget\" data-widget_type=\"heading.default\">\n\t\t\t\t<div class=\"elementor-widget-container\">\n\t\t\t\t\t<h5 class=\"elementor-heading-title elementor-size-default\">Physical exhibition 2019<\/h5>\t\t\t\t<\/div>\n\t\t\t\t<\/div>\n\t\t\t\t<div class=\"elementor-element elementor-element-e6023c5 elementor-align-right elementor-widget elementor-widget-button\" data-id=\"e6023c5\" data-element_type=\"widget\" data-widget_type=\"button.default\">\n\t\t\t\t<div class=\"elementor-widget-container\">\n\t\t\t\t\t\t\t\t\t<div class=\"elementor-button-wrapper\">\n\t\t\t\t\t<a class=\"elementor-button elementor-button-link elementor-size-sm\" href=\"https:\/\/aidssh.al\/en\/edukimi\/ekspozita\/ekspozita-fizike\/ekspozita-fizike-2019\/\">\n\t\t\t\t\t\t<span class=\"elementor-button-content-wrapper\">\n\t\t\t\t\t\t<span class=\"elementor-button-icon\">\n\t\t\t\t<svg xmlns=\"http:\/\/www.w3.org\/2000\/svg\" width=\"800px\" height=\"800px\" viewbox=\"0 0 20 20\" fill=\"none\"><g id=\"SVGRepo_bgCarrier\" stroke-width=\"0\"><\/g><g id=\"SVGRepo_tracerCarrier\" stroke-linecap=\"round\" stroke-linejoin=\"round\"><\/g><g id=\"SVGRepo_iconCarrier\"><path fill=\"#ffffff\" fill-rule=\"evenodd\" d=\"M11 2a1 1 0 10-2 0v7.74L5.173 6.26a1 1 0 10-1.346 1.48l5.5 5a1 1 0 001.346 0l5.5-5a1 1 0 00-1.346-1.48L11 9.74V2zm-7.895 9.204A1 1 0 001.5 12v3.867a2.018 2.018 0 002.227 2.002c1.424-.147 3.96-.369 6.273-.369 2.386 0 5.248.236 6.795.383a2.013 2.013 0 002.205-2V12a1 1 0 10-2 0v3.884l-13.895-4.68zm0 0L2.5 11l.605.204zm0 0l13.892 4.683a.019.019 0 01-.007.005h-.006c-1.558-.148-4.499-.392-6.984-.392-2.416 0-5.034.23-6.478.38h-.009a.026.026 0 01-.013-.011V12a.998.998 0 00-.394-.796z\"><\/path><\/g><\/svg>\t\t\t<\/span>\n\t\t\t\t\t\t\t\t\t<span class=\"elementor-button-text\">See more<\/span>\n\t\t\t\t\t<\/span>\n\t\t\t\t\t<\/a>\n\t\t\t\t<\/div>\n\t\t\t\t\t\t\t\t<\/div>\n\t\t\t\t<\/div>\n\t\t\t\t<\/div>\n\t\t<div class=\"elementor-element elementor-element-210369f e-con-full e-flex e-con e-child\" data-id=\"210369f\" data-element_type=\"container\">\n\t\t\t\t<div class=\"elementor-element elementor-element-c4fa6a9 elementor-widget elementor-widget-heading\" data-id=\"c4fa6a9\" data-element_type=\"widget\" data-widget_type=\"heading.default\">\n\t\t\t\t<div class=\"elementor-widget-container\">\n\t\t\t\t\t<h5 class=\"elementor-heading-title elementor-size-default\">Physical exhibition 2018<\/h5>\t\t\t\t<\/div>\n\t\t\t\t<\/div>\n\t\t\t\t<div class=\"elementor-element elementor-element-7a62614 elementor-align-right elementor-widget elementor-widget-button\" data-id=\"7a62614\" data-element_type=\"widget\" data-widget_type=\"button.default\">\n\t\t\t\t<div class=\"elementor-widget-container\">\n\t\t\t\t\t\t\t\t\t<div class=\"elementor-button-wrapper\">\n\t\t\t\t\t<a class=\"elementor-button elementor-button-link elementor-size-sm\" href=\"https:\/\/aidssh.al\/en\/edukimi\/ekspozita\/ekspozita-fizike\/ekspozita-fizike-2018\/\">\n\t\t\t\t\t\t<span class=\"elementor-button-content-wrapper\">\n\t\t\t\t\t\t<span class=\"elementor-button-icon\">\n\t\t\t\t<svg xmlns=\"http:\/\/www.w3.org\/2000\/svg\" width=\"800px\" height=\"800px\" viewbox=\"0 0 20 20\" fill=\"none\"><g id=\"SVGRepo_bgCarrier\" stroke-width=\"0\"><\/g><g id=\"SVGRepo_tracerCarrier\" stroke-linecap=\"round\" stroke-linejoin=\"round\"><\/g><g id=\"SVGRepo_iconCarrier\"><path fill=\"#ffffff\" fill-rule=\"evenodd\" d=\"M11 2a1 1 0 10-2 0v7.74L5.173 6.26a1 1 0 10-1.346 1.48l5.5 5a1 1 0 001.346 0l5.5-5a1 1 0 00-1.346-1.48L11 9.74V2zm-7.895 9.204A1 1 0 001.5 12v3.867a2.018 2.018 0 002.227 2.002c1.424-.147 3.96-.369 6.273-.369 2.386 0 5.248.236 6.795.383a2.013 2.013 0 002.205-2V12a1 1 0 10-2 0v3.884l-13.895-4.68zm0 0L2.5 11l.605.204zm0 0l13.892 4.683a.019.019 0 01-.007.005h-.006c-1.558-.148-4.499-.392-6.984-.392-2.416 0-5.034.23-6.478.38h-.009a.026.026 0 01-.013-.011V12a.998.998 0 00-.394-.796z\"><\/path><\/g><\/svg>\t\t\t<\/span>\n\t\t\t\t\t\t\t\t\t<span class=\"elementor-button-text\">See more<\/span>\n\t\t\t\t\t<\/span>\n\t\t\t\t\t<\/a>\n\t\t\t\t<\/div>\n\t\t\t\t\t\t\t\t<\/div>\n\t\t\t\t<\/div>\n\t\t\t\t<\/div>\n\t\t<div class=\"elementor-element elementor-element-d958dc5 e-con-full e-flex e-con e-child\" data-id=\"d958dc5\" data-element_type=\"container\">\n\t\t\t\t<div class=\"elementor-element elementor-element-ef6da00 elementor-widget elementor-widget-heading\" data-id=\"ef6da00\" data-element_type=\"widget\" data-widget_type=\"heading.default\">\n\t\t\t\t<div class=\"elementor-widget-container\">\n\t\t\t\t\t<h5 class=\"elementor-heading-title elementor-size-default\">Physical exhibition 2017<\/h5>\t\t\t\t<\/div>\n\t\t\t\t<\/div>\n\t\t\t\t<div class=\"elementor-element elementor-element-2faf4f2 elementor-align-right elementor-widget elementor-widget-button\" data-id=\"2faf4f2\" data-element_type=\"widget\" data-widget_type=\"button.default\">\n\t\t\t\t<div class=\"elementor-widget-container\">\n\t\t\t\t\t\t\t\t\t<div class=\"elementor-button-wrapper\">\n\t\t\t\t\t<a class=\"elementor-button elementor-button-link elementor-size-sm\" href=\"https:\/\/aidssh.al\/en\/edukimi\/ekspozita\/ekspozita-fizike\/ekspozita-fizike-2017\/\">\n\t\t\t\t\t\t<span class=\"elementor-button-content-wrapper\">\n\t\t\t\t\t\t<span class=\"elementor-button-icon\">\n\t\t\t\t<svg xmlns=\"http:\/\/www.w3.org\/2000\/svg\" width=\"800px\" height=\"800px\" viewbox=\"0 0 20 20\" fill=\"none\"><g id=\"SVGRepo_bgCarrier\" stroke-width=\"0\"><\/g><g id=\"SVGRepo_tracerCarrier\" stroke-linecap=\"round\" stroke-linejoin=\"round\"><\/g><g id=\"SVGRepo_iconCarrier\"><path fill=\"#ffffff\" fill-rule=\"evenodd\" d=\"M11 2a1 1 0 10-2 0v7.74L5.173 6.26a1 1 0 10-1.346 1.48l5.5 5a1 1 0 001.346 0l5.5-5a1 1 0 00-1.346-1.48L11 9.74V2zm-7.895 9.204A1 1 0 001.5 12v3.867a2.018 2.018 0 002.227 2.002c1.424-.147 3.96-.369 6.273-.369 2.386 0 5.248.236 6.795.383a2.013 2.013 0 002.205-2V12a1 1 0 10-2 0v3.884l-13.895-4.68zm0 0L2.5 11l.605.204zm0 0l13.892 4.683a.019.019 0 01-.007.005h-.006c-1.558-.148-4.499-.392-6.984-.392-2.416 0-5.034.23-6.478.38h-.009a.026.026 0 01-.013-.011V12a.998.998 0 00-.394-.796z\"><\/path><\/g><\/svg>\t\t\t<\/span>\n\t\t\t\t\t\t\t\t\t<span class=\"elementor-button-text\">See more<\/span>\n\t\t\t\t\t<\/span>\n\t\t\t\t\t<\/a>\n\t\t\t\t<\/div>\n\t\t\t\t\t\t\t\t<\/div>\n\t\t\t\t<\/div>\n\t\t\t\t<\/div>\n\t\t\t\t\t<\/div>\n\t\t\t\t<\/div>\n\t\t\t\t<\/div>","protected":false},"excerpt":{"rendered":"<p>Ekspozita Fizike 2023 Shiko m\u00eb shum\u00eb Ekspozita Fizike 2022 Shiko m\u00eb shum\u00eb Ekspozita Fizike 2021 Shiko m\u00eb shum\u00eb Ekspozita Fizike 2020 Shiko m\u00eb shum\u00eb Ekspozita Fizike 2019 Shiko m\u00eb shum\u00eb Ekspozita Fizike 2018 Shiko m\u00eb shum\u00eb Ekspozita Fizike 2017 Shiko m\u00eb shum\u00eb<\/p>","protected":false},"author":1,"featured_media":533,"parent":731,"menu_order":0,"comment_status":"closed","ping_status":"closed","template":"","meta":{"_acf_changed":false,"footnotes":""},"class_list":["post-750","page","type-page","status-publish","has-post-thumbnail","hentry"],"acf":[],"_links":{"self":[{"href":"https:\/\/aidssh.al\/en\/wp-json\/wp\/v2\/pages\/750","targetHints":{"allow":["GET"]}}],"collection":[{"href":"https:\/\/aidssh.al\/en\/wp-json\/wp\/v2\/pages"}],"about":[{"href":"https:\/\/aidssh.al\/en\/wp-json\/wp\/v2\/types\/page"}],"author":[{"embeddable":true,"href":"https:\/\/aidssh.al\/en\/wp-json\/wp\/v2\/users\/1"}],"replies":[{"embeddable":true,"href":"https:\/\/aidssh.al\/en\/wp-json\/wp\/v2\/comments?post=750"}],"version-history":[{"count":0,"href":"https:\/\/aidssh.al\/en\/wp-json\/wp\/v2\/pages\/750\/revisions"}],"up":[{"embeddable":true,"href":"https:\/\/aidssh.al\/en\/wp-json\/wp\/v2\/pages\/731"}],"wp:featuredmedia":[{"embeddable":true,"href":"https:\/\/aidssh.al\/en\/wp-json\/wp\/v2\/media\/533"}],"wp:attachment":[{"href":"https:\/\/aidssh.al\/en\/wp-json\/wp\/v2\/media?parent=750"}],"curies":[{"name":"wp","href":"https:\/\/api.w.org\/{rel}","templated":true}]}}