{"id":805,"date":"2025-06-12T14:43:37","date_gmt":"2025-06-12T12:43:37","guid":{"rendered":"https:\/\/aidssh.instant.al\/?page_id=805"},"modified":"2025-10-09T09:20:31","modified_gmt":"2025-10-09T07:20:31","slug":"rrjeti-nderkombetar-i-kujteses","status":"publish","type":"page","link":"https:\/\/aidssh.al\/en\/autoriteti\/bashkepunime\/rrjeti-nderkombetar-i-kujteses\/","title":{"rendered":"International Memory Network"},"content":{"rendered":"<div data-elementor-type=\"wp-page\" data-elementor-id=\"805\" class=\"elementor elementor-805\" data-elementor-post-type=\"page\">\n\t\t\t\t<div class=\"elementor-element elementor-element-77c2afd e-con-full e-flex e-con e-parent\" data-id=\"77c2afd\" data-element_type=\"container\">\n\t\t\t\t<div class=\"elementor-element elementor-element-3dac480 elementor-widget elementor-widget-template\" data-id=\"3dac480\" data-element_type=\"widget\" data-widget_type=\"template.default\">\n\t\t\t\t<div class=\"elementor-widget-container\">\n\t\t\t\t\t\t\t<div class=\"elementor-template\">\n\t\t\t\t\t<div data-elementor-type=\"container\" data-elementor-id=\"866\" class=\"elementor elementor-866\" data-elementor-post-type=\"elementor_library\">\n\t\t\t\t<div class=\"elementor-element elementor-element-58c6923c e-flex e-con-boxed e-con e-parent\" data-id=\"58c6923c\" data-element_type=\"container\" data-settings=\"{&quot;background_background&quot;:&quot;classic&quot;}\">\n\t\t\t\t\t<div class=\"e-con-inner\">\n\t\t\t\t<div class=\"elementor-element elementor-element-3356bc54 elementor-widget elementor-widget-heading\" data-id=\"3356bc54\" data-element_type=\"widget\" data-widget_type=\"heading.default\">\n\t\t\t\t<div class=\"elementor-widget-container\">\n\t\t\t\t\t<h1 class=\"elementor-heading-title elementor-size-default\">International Memory Network<\/h1>\t\t\t\t<\/div>\n\t\t\t\t<\/div>\n\t\t\t\t\t<\/div>\n\t\t\t\t<\/div>\n\t\t\t\t<\/div>\n\t\t\t\t<\/div>\n\t\t\t\t\t\t<\/div>\n\t\t\t\t<\/div>\n\t\t\t\t<\/div>\n\t\t<div class=\"elementor-element elementor-element-462a8cb e-flex e-con-boxed e-con e-parent\" data-id=\"462a8cb\" data-element_type=\"container\">\n\t\t\t\t\t<div class=\"e-con-inner\">\n\t\t\t\t<div class=\"elementor-element elementor-element-5442d50 elementor-widget elementor-widget-heading\" data-id=\"5442d50\" data-element_type=\"widget\" data-widget_type=\"heading.default\">\n\t\t\t\t<div class=\"elementor-widget-container\">\n\t\t\t\t\t<h2 class=\"elementor-heading-title elementor-size-default\">AIDSSH MEMBER OF THE EUROPEAN NETWORK OF OFFICIAL AUTHORITIES FOR INFORMATION ON SECRET POLICE DOCUMENTS<\/h2>\t\t\t\t<\/div>\n\t\t\t\t<\/div>\n\t\t\t\t<div class=\"elementor-element elementor-element-c587d3d elementor-widget elementor-widget-heading\" data-id=\"c587d3d\" data-element_type=\"widget\" data-widget_type=\"heading.default\">\n\t\t\t\t<div class=\"elementor-widget-container\">\n\t\t\t\t\t<h3 class=\"elementor-heading-title elementor-size-default\">History<\/h3>\t\t\t\t<\/div>\n\t\t\t\t<\/div>\n\t\t\t\t<div class=\"elementor-element elementor-element-cb30c34 elementor-widget elementor-widget-heading\" data-id=\"cb30c34\" data-element_type=\"widget\" data-widget_type=\"heading.default\">\n\t\t\t\t<div class=\"elementor-widget-container\">\n\t\t\t\t\t<h4 class=\"elementor-heading-title elementor-size-default\">Creation of the Network<\/h4>\t\t\t\t<\/div>\n\t\t\t\t<\/div>\n\t\t\t\t<div class=\"elementor-element elementor-element-09f2bbf elementor-widget elementor-widget-text-editor\" data-id=\"09f2bbf\" data-element_type=\"widget\" data-widget_type=\"text-editor.default\">\n\t\t\t\t<div class=\"elementor-widget-container\">\n\t\t\t\t\t\t\t\t\t<p>The European Network of Official Authorities Responsible for Secret Police Files was established in 2008. Its seven founding members were Bulgaria, Germany, Poland, Romania, Slovakia, the Czech Republic, and Hungary. In Germany, demands made during the Peaceful Revolution to open the files and make them accessible to the public were fulfilled when Germany reunified on October 3, 1990, and the Special Commissioner for Stasi Records began his work. The position of the Federal Commissioner for Stasi Records was created when the Stasi Records Act was adopted on December 29, 1991. Other Eastern European member states took a bit longer to start. Poland began opening files in 1998\/2000, Romania in 2000, Hungary between 1997 and 2003, Slovakia in 2003, Bulgaria in 2003, and the Czech Republic in 2007.<\/p>\t\t\t\t\t\t\t\t<\/div>\n\t\t\t\t<\/div>\n\t\t\t\t<div class=\"elementor-element elementor-element-8054dc2 elementor-widget elementor-widget-heading\" data-id=\"8054dc2\" data-element_type=\"widget\" data-widget_type=\"heading.default\">\n\t\t\t\t<div class=\"elementor-widget-container\">\n\t\t\t\t\t<h4 class=\"elementor-heading-title elementor-size-default\">The Creation of AIDSSH<\/h4>\t\t\t\t<\/div>\n\t\t\t\t<\/div>\n\t\t\t\t<div class=\"elementor-element elementor-element-cf339dc elementor-widget elementor-widget-text-editor\" data-id=\"cf339dc\" data-element_type=\"widget\" data-widget_type=\"text-editor.default\">\n\t\t\t\t<div class=\"elementor-widget-container\">\n\t\t\t\t\t\t\t\t\t<p>In April 2015, the law \"On the Right to Information on the Documents of the former State Security of the People's Socialist Republic of Albania\" was approved by the Albanian Parliament. This law concerns the collection, administration, processing, use, and disclosure of documents of the former State Security from the period 1944-1991. On November 17 and November 24, 2016, the Albanian Parliament also voted in five members of the Authority for Information on the Files of the former State Security as well as the chairperson of this Authority, thus paving the way for the establishment and functioning of this important institution dedicated to informing citizens and confronting their past during the totalitarian regime in Albania.<\/p>\t\t\t\t\t\t\t\t<\/div>\n\t\t\t\t<\/div>\n\t\t\t\t<div class=\"elementor-element elementor-element-afc65ce elementor-widget elementor-widget-heading\" data-id=\"afc65ce\" data-element_type=\"widget\" data-widget_type=\"heading.default\">\n\t\t\t\t<div class=\"elementor-widget-container\">\n\t\t\t\t\t<h4 class=\"elementor-heading-title elementor-size-default\">Conditions for Becoming a Member of the Network<\/h4>\t\t\t\t<\/div>\n\t\t\t\t<\/div>\n\t\t\t\t<div class=\"elementor-element elementor-element-437949f elementor-widget elementor-widget-text-editor\" data-id=\"437949f\" data-element_type=\"widget\" data-widget_type=\"text-editor.default\">\n\t\t\t\t<div class=\"elementor-widget-container\">\n\t\t\t\t\t\t\t\t\t<p>a) The institution must be a government organization.<\/p><p>b) It must be designated by the parliament and operate based on specific legal norms.<\/p><p>c) It must be independent from other government archival administrations, have independent authority over documents formerly classified by police agencies, and make these documents accessible.<\/p>\t\t\t\t\t\t\t\t<\/div>\n\t\t\t\t<\/div>\n\t\t\t\t<div class=\"elementor-element elementor-element-bd52a6f elementor-widget elementor-widget-heading\" data-id=\"bd52a6f\" data-element_type=\"widget\" data-widget_type=\"heading.default\">\n\t\t\t\t<div class=\"elementor-widget-container\">\n\t\t\t\t\t<h4 class=\"elementor-heading-title elementor-size-default\">AIDSSH\u2019s Participation in the Network and Membership Application<\/h4>\t\t\t\t<\/div>\n\t\t\t\t<\/div>\n\t\t\t\t<div class=\"elementor-element elementor-element-560bb31 elementor-widget elementor-widget-text-editor\" data-id=\"560bb31\" data-element_type=\"widget\" data-widget_type=\"text-editor.default\">\n\t\t\t\t<div class=\"elementor-widget-container\">\n\t\t\t\t\t\t\t\t\t<p>1. Since its establishment in 2017, AIDSSH has participated in the European Network meetings with observer status. The Network includes archival and memory institutions from Eastern Europe that carry out academic and commemorative activities in their respective countries, starting with the founding members\u2014Germany, Hungary, Romania, Bulgaria, the Czech Republic, Slovakia, Poland\u2014and expanding to observer countries with archival institutions from the former Yugoslavia and the former Soviet Union.<\/p><p>2. On September 25, 2019, Albania requested full membership in the Network through the Authority for Information on the Documents of the former State Security, at the meeting held in Bratislava.<\/p><p>3. The request was accepted by the member countries, and the decision was postponed to the next meeting, which, due to the Covid-19 pandemic, was delayed until 2021.<\/p><p>4. On January 28, 2021, Albania, represented by AIDSSH, was unanimously accepted as a full member of the Network. According to representatives of the German Federal Commissioner for the Stasi Records (BSTU), \u201cThere could be no better candidate than Albania, which is opening the communist-era files and revealing history behind secret documents, collaborating with public and local institutions, academics, interest groups, human rights organizations, and benefiting from the experience of its counterparts.\u201d On the same day, Ukraine was accepted as an observer member in the Network.<\/p>\t\t\t\t\t\t\t\t<\/div>\n\t\t\t\t<\/div>\n\t\t\t\t<div class=\"elementor-element elementor-element-57ea1bd elementor-widget elementor-widget-heading\" data-id=\"57ea1bd\" data-element_type=\"widget\" data-widget_type=\"heading.default\">\n\t\t\t\t<div class=\"elementor-widget-container\">\n\t\t\t\t\t<h4 class=\"elementor-heading-title elementor-size-default\">BENEFITS OF AIDSSH FROM NETWORK MEMBERSHIP\nThe right to vote in decision-making<\/h4>\t\t\t\t<\/div>\n\t\t\t\t<\/div>\n\t\t\t\t<div class=\"elementor-element elementor-element-735a57e elementor-widget elementor-widget-text-editor\" data-id=\"735a57e\" data-element_type=\"widget\" data-widget_type=\"text-editor.default\">\n\t\t\t\t<div class=\"elementor-widget-container\">\n\t\t\t\t\t\t\t\t\t<p>AIDSSH is the only Albanian institution that is a member, representing Albania.<\/p><p>\u2013 As a member of the Network, it has the right to vote on granting Guest Member Status, accepting new members, and issuing essential documents.<br \/>\u2013 As a member of the Network, it can propose a vote on essential documents.<br \/>\u2013 The leading institution submits a proposal for a vote regarding the acceptance of a new member or a new guest member at the annual conference.\nBenefits and new opportunities brought by this cooperation:\n\u2013 Cooperation and membership in the Network bring practical benefits and opportunities for easier access to archival documents from institutions in other countries.<br \/>\u2013 Expansion of the study space or opportunities for research abroad for scholars.<br \/>\u2013 Sharing knowledge and experiences with other post-communist countries that are in the early stages of establishing institutions dealing with their authoritarian past.<br \/>\u2013 Opportunities for collaboration with museums, organizations, and institutions, mainly in Central and Eastern Europe, dedicated to illuminating the totalitarian past.<br \/>\u2013 Collaboration in organizing exhibitions, conferences, and international seminars focusing on key moments or themes in the shared history of the countries.<\/p>\t\t\t\t\t\t\t\t<\/div>\n\t\t\t\t<\/div>\n\t\t\t\t<div class=\"elementor-element elementor-element-8538292 elementor-widget elementor-widget-heading\" data-id=\"8538292\" data-element_type=\"widget\" data-widget_type=\"heading.default\">\n\t\t\t\t<div class=\"elementor-widget-container\">\n\t\t\t\t\t<h4 class=\"elementor-heading-title elementor-size-default\">MEMBER COUNTRIES AND THEIR NAMES<\/h4>\t\t\t\t<\/div>\n\t\t\t\t<\/div>\n\t\t\t\t<div class=\"elementor-element elementor-element-3fd3fa3 elementor-widget elementor-widget-text-editor\" data-id=\"3fd3fa3\" data-element_type=\"widget\" data-widget_type=\"text-editor.default\">\n\t\t\t\t<div class=\"elementor-widget-container\">\n\t\t\t\t\t\t\t\t\t<p>1. Poland: IPN (1998\/2000) \u2013 The Institute of National Remembrance \u2013 Commission for the Prosecution of Crimes against the Polish Nation (Instytut Pami\u0119ci Narodowej, IPN)\nWebsite: Instytut Pami\u0119ci Narodowej<\/p><p>2. Germany Der Bundesbeauftragte f\u00fcr die Unterlagen des Staatssicherheitsdienstes der ehemaligen Deutschen Demokratischen Republik (BStU) The Federal Commissioner for the Records of the State Security Service of the former German Democratic Republic<\/p><p>3. Romania: CNSAS (2000) -The National Council for the Study of Securitate Archives (Consiliul National pentru Studierea Arhivelor Securitatii \u2013 CNSAS) Webseite: Consiliul National pentru Studierea Arhivelor Securitatii<\/p><p>4. Hungary: ABTL (1997\/2003) \u201cHistorical Archives of the Hungarian State Security Service\u201d (ABTL).<\/p><p>5. Slovakia: UPN (2003) \u2013 The Slovakian \u201cInstitute of National Memory\u201d (Ustav Pam\u00e4ti Naroda \u2013 UPN) Website: Ustav Pam\u00e4ti Naroda<\/p><p>6. Bulgaria: COMDOS (2003) \u201cCommission for access to and disclosure of documents and on announcing affiliation of Bulgarian citizens with the state security and intelligence services of the Bulgarian national army\u201d (COMDOS). Website: COMDOS<\/p><p>7 Czech Republic: USTR (2007) The Institute for the Research of Totalitarian Regimes and the Security Services Archive (USTR) began operations in February 2008. Website: \u00dastav pro studium totalitnich rezim\u00fa<\/p><p>8. Albania: AIDSSH Autoriteti p\u00ebr Informim mbi Dokumentet e ish Sigurimit t\u00eb Shetit 1944-1991 Website: <a href=\"https:\/\/aidssh.al\/en\/\">https:\/\/aidssh.al\/<\/a><\/p>\t\t\t\t\t\t\t\t<\/div>\n\t\t\t\t<\/div>\n\t\t\t\t<div class=\"elementor-element elementor-element-cf90d33 elementor-widget elementor-widget-heading\" data-id=\"cf90d33\" data-element_type=\"widget\" data-widget_type=\"heading.default\">\n\t\t\t\t<div class=\"elementor-widget-container\">\n\t\t\t\t\t<h4 class=\"elementor-heading-title elementor-size-default\">GUEST MEMBERS:<\/h4>\t\t\t\t<\/div>\n\t\t\t\t<\/div>\n\t\t\t\t<div class=\"elementor-element elementor-element-da6afaa elementor-widget elementor-widget-text-editor\" data-id=\"da6afaa\" data-element_type=\"widget\" data-widget_type=\"text-editor.default\">\n\t\t\t\t<div class=\"elementor-widget-container\">\n\t\t\t\t\t\t\t\t\t<p>Since 2013, the Network has granted guest status to several institutions at its annual conferences. This year, Ukraine was also added to this list.<\/p><ul><li>National Archives of Estonia<\/li><li>National Archives of Latvia<\/li><li>National Archives of Lithuania<\/li><li>Center for National Reconciliation<\/li><li>Archives of the Republic of Slovenia<\/li><li>Institute of National Remembrance of Ukraine<\/li><\/ul><p>*We remind that only an institution representing a state can be a member. In our case, the member is AIDSSH. Meanwhile, other Albanian institutions that are interested in joining the Network can apply for the status of invited member.<\/p>\t\t\t\t\t\t\t\t<\/div>\n\t\t\t\t<\/div>\n\t\t\t\t<div class=\"elementor-element elementor-element-337fb46 elementor-widget elementor-widget-heading\" data-id=\"337fb46\" data-element_type=\"widget\" data-widget_type=\"heading.default\">\n\t\t\t\t<div class=\"elementor-widget-container\">\n\t\t\t\t\t<h4 class=\"elementor-heading-title elementor-size-default\">ADDRESS \u2013 CONTACTS<\/h4>\t\t\t\t<\/div>\n\t\t\t\t<\/div>\n\t\t\t\t<div class=\"elementor-element elementor-element-9b5ddf2 elementor-widget elementor-widget-text-editor\" data-id=\"9b5ddf2\" data-element_type=\"widget\" data-widget_type=\"text-editor.default\">\n\t\t\t\t<div class=\"elementor-widget-container\">\n\t\t\t\t\t\t\t\t\t<p>Addresses of the Members of the \u201cEuropean Network of Official Authorities in Charge of the Secret Police Files\u201d<\/p><p><strong>BULGARIA<\/strong><br \/>Committee on Disclosure of Documents and Announcing Affiliation of Bulgarian Citizens to the State Security and the Intelligence Services of the Bulgarian National Army (COMDOS) 1, Vrabcha Str., fl. 2 1000 Sofia Tel. +359 (2) 800 45 06; Fax +359 (2) 800 45 00 info@comdos.bg;\u00a0<a href=\"https:\/\/www.comdos.bg\" aria-invalid=\"true\" target=\"_blank\" rel=\"noopener\">www.comdos.bg<\/a>;<\/p><p><strong>CZECH REPUBLIC<\/strong><br \/>\u00dastav pro studium totalitn\u00edch re\u017eim\u016f (USTR) The Institute for the Study of Totalitarian Regimes Siwiecova 2 130 00 Praha 3<br \/>Tel. +420 (221) 008 211; +420 (221) 008 212<br \/>info@ustrcr.cz;\u00a0<a href=\"https:\/\/www.ustrcr.cz\" aria-invalid=\"true\" target=\"_blank\" rel=\"noopener\">www.ustrcr.cz<\/a>;<br \/>Facebook: \u00dastav pro studium totalitn\u00edch re\u017eim\u016f<\/p><p><strong>GERMANY<\/strong><br \/>Der Bundesbeauftragte f\u00fcr die Unterlagen des Staatssicherheitsdienstes der ehemaligen Deutschen Demokratischen Republik (BStU)<br \/>The Federal Commissioner for the Records of the State Security Service of the former German Democratic Republic<br \/>Karl-Liebknecht-Stra\u00dfe 31\/33<br \/>10178 Berlin<br \/>Postal address: BStU, 10106 Berlin<br \/>Tel. +49 (30) 2324-50; Fax + 49 (30) 2324-7799<br \/>post@bstu.bund.de;\u00a0<a href=\"https:\/\/www.bstu.bund.de\" aria-invalid=\"true\" target=\"_blank\" rel=\"noopener\">www.bstu.bund.de<\/a>;<br \/>Facebook: BStU Stasi-Unterlagen-Beh\u00f6rde<\/p><p><strong>HUNGARY<\/strong><br \/>\u00c1llambiztons\u00e1gi Szolg\u00e1latok T\u00f6rt\u00e9neti Lev\u00e9lt\u00e1ra (\u00c1BTL)<br \/>Historical Archives of the Hungarian State Security<br \/>1067 Budapest, E\u00f6tv\u00f6s u. 7<br \/>Postal address: 1396 Budapest, PF. 367<br \/>Tel. +36 (1) 478-6020; Fax +36 (1) 478-6036<br \/>info@abtl.hu;\u00a0<a href=\"https:\/\/www.abtl.hu\" aria-invalid=\"true\" target=\"_blank\" rel=\"noopener\">www.abtl.hu<\/a>;<\/p><p><strong>POLAND<\/strong><br \/>Instytutu Pami\u0119ci Narodowej (IPN)<br \/>Institute of National Remembrance ul. Wo\u0142oska 7<br \/>02-675 Warsaw<br \/>Tel. +48 (22) 581 85 22, 581 85 23<br \/>sekretariat.ipn@ipn.gov.pl;\u00a0<a href=\"https:\/\/www.ipn.gov.pl\" aria-invalid=\"true\" target=\"_blank\" rel=\"noopener\">www.ipn.gov.pl<\/a>;<br \/>Facebook: Instytutu Pami\u0119ci Narodowej<\/p><p><strong>ROMANIA<\/strong><br \/>Consiliul Na\u0163ional Pentru Studierea Arhivelor Securit\u0103\u0163ii (CNSAS)<br \/>The National Council for the Study of Securitate Archives<br \/>Strada Matei Basarab nr. 55-57, sector 3<br \/>030671, Bucure\u015fti<br \/>Tel. +40 374 189 167<br \/>office@cnsas.ro;\u00a0<a href=\"https:\/\/www.cnsas.ro\" aria-invalid=\"true\" target=\"_blank\" rel=\"noopener\">www.cnsas.ro<\/a>;<\/p><p><strong>SLOVAKIA<\/strong><br \/>\u00dastav pam\u00e4ti n\u00e1roda (UPN); Nation\u2019s Memory Institute<br \/>N\u00e1mestie slobody 6, 817 83 Bratislava 15<br \/>Tel.: +421 (2) 593 00 311; Fax: +421 (2) 593 00 391<br \/>info@upn.gov.sk;\u00a0<a href=\"https:\/\/www.upn.gov.sk\" aria-invalid=\"true\" target=\"_blank\" rel=\"noopener\">www.upn.gov.sk<\/a>;<br \/>Facebook: \u00dastav pam\u00e4ti n\u00e1roda<\/p>\t\t\t\t\t\t\t\t<\/div>\n\t\t\t\t<\/div>\n\t\t\t\t\t<\/div>\n\t\t\t\t<\/div>\n\t\t\t\t<\/div>","protected":false},"excerpt":{"rendered":"<p>AIDSSH AN\u00cbTARE E RRJETIT EUROPIAN T\u00cb AUTORITETEVE ZYRTARE P\u00cbR INFORMIMIN MBI DOKUMENTET E POLICIVE SEKRETE HISTORIK Krijimi i Rrjetit Rrjeti Evropian i Autoriteteve Zyrtare n\u00eb Ngarkim t\u00eb Dosjeve t\u00eb Policis\u00eb Sekrete u themelua n\u00eb vitin 2008. Shtat\u00eb an\u00ebtar\u00ebt themelues t\u00eb tij ishin: Bullgaria, Gjermania, Polonia, Rumania, Sllovakia, Republika \u00c7eke dhe Hungaria. N\u00eb Gjermani, k\u00ebrkesat e [&hellip;]<\/p>","protected":false},"author":1,"featured_media":7608,"parent":669,"menu_order":0,"comment_status":"closed","ping_status":"closed","template":"","meta":{"_acf_changed":false,"footnotes":""},"class_list":["post-805","page","type-page","status-publish","has-post-thumbnail","hentry"],"acf":[],"_links":{"self":[{"href":"https:\/\/aidssh.al\/en\/wp-json\/wp\/v2\/pages\/805","targetHints":{"allow":["GET"]}}],"collection":[{"href":"https:\/\/aidssh.al\/en\/wp-json\/wp\/v2\/pages"}],"about":[{"href":"https:\/\/aidssh.al\/en\/wp-json\/wp\/v2\/types\/page"}],"author":[{"embeddable":true,"href":"https:\/\/aidssh.al\/en\/wp-json\/wp\/v2\/users\/1"}],"replies":[{"embeddable":true,"href":"https:\/\/aidssh.al\/en\/wp-json\/wp\/v2\/comments?post=805"}],"version-history":[{"count":0,"href":"https:\/\/aidssh.al\/en\/wp-json\/wp\/v2\/pages\/805\/revisions"}],"up":[{"embeddable":true,"href":"https:\/\/aidssh.al\/en\/wp-json\/wp\/v2\/pages\/669"}],"wp:featuredmedia":[{"embeddable":true,"href":"https:\/\/aidssh.al\/en\/wp-json\/wp\/v2\/media\/7608"}],"wp:attachment":[{"href":"https:\/\/aidssh.al\/en\/wp-json\/wp\/v2\/media?parent=805"}],"curies":[{"name":"wp","href":"https:\/\/api.w.org\/{rel}","templated":true}]}}