{"id":8089,"date":"2025-07-18T12:12:43","date_gmt":"2025-07-18T10:12:43","guid":{"rendered":"https:\/\/aidssh.instant.al\/?page_id=8089"},"modified":"2025-07-18T12:56:40","modified_gmt":"2025-07-18T10:56:40","slug":"galeria-e-videove","status":"publish","type":"page","link":"https:\/\/aidssh.al\/en\/njoftime\/autoriteti-ne-media\/galeria-e-videove\/","title":{"rendered":"Video Gallery"},"content":{"rendered":"<div data-elementor-type=\"wp-page\" data-elementor-id=\"8089\" class=\"elementor elementor-8089\" data-elementor-post-type=\"page\">\n\t\t\t\t<div class=\"elementor-element elementor-element-6e9d32a e-con-full e-flex e-con e-parent\" data-id=\"6e9d32a\" data-element_type=\"container\">\n\t\t\t\t<div class=\"elementor-element elementor-element-81938c8 elementor-widget elementor-widget-template\" data-id=\"81938c8\" data-element_type=\"widget\" data-widget_type=\"template.default\">\n\t\t\t\t<div class=\"elementor-widget-container\">\n\t\t\t\t\t\t\t<div class=\"elementor-template\">\n\t\t\t\t\t<div data-elementor-type=\"container\" data-elementor-id=\"866\" class=\"elementor elementor-866\" data-elementor-post-type=\"elementor_library\">\n\t\t\t\t<div class=\"elementor-element elementor-element-58c6923c e-flex e-con-boxed e-con e-parent\" data-id=\"58c6923c\" data-element_type=\"container\" data-settings=\"{&quot;background_background&quot;:&quot;classic&quot;}\">\n\t\t\t\t\t<div class=\"e-con-inner\">\n\t\t\t\t<div class=\"elementor-element elementor-element-3356bc54 elementor-widget elementor-widget-heading\" data-id=\"3356bc54\" data-element_type=\"widget\" data-widget_type=\"heading.default\">\n\t\t\t\t<div class=\"elementor-widget-container\">\n\t\t\t\t\t<h1 class=\"elementor-heading-title elementor-size-default\">Video Gallery<\/h1>\t\t\t\t<\/div>\n\t\t\t\t<\/div>\n\t\t\t\t\t<\/div>\n\t\t\t\t<\/div>\n\t\t\t\t<\/div>\n\t\t\t\t<\/div>\n\t\t\t\t\t\t<\/div>\n\t\t\t\t<\/div>\n\t\t\t\t<\/div>\n\t\t<div class=\"elementor-element elementor-element-34cea4a e-flex e-con-boxed e-con e-parent\" data-id=\"34cea4a\" data-element_type=\"container\">\n\t\t\t\t\t<div class=\"e-con-inner\">\n\t\t\t\t<div class=\"elementor-element elementor-element-7416c75 elementor-grid-3 elementor-grid-tablet-2 elementor-grid-mobile-1 elementor-widget elementor-widget-loop-grid\" data-id=\"7416c75\" data-element_type=\"widget\" data-settings=\"{&quot;template_id&quot;:&quot;7473&quot;,&quot;pagination_type&quot;:&quot;numbers&quot;,&quot;pagination_load_type&quot;:&quot;ajax&quot;,&quot;_skin&quot;:&quot;post&quot;,&quot;columns&quot;:&quot;3&quot;,&quot;columns_tablet&quot;:&quot;2&quot;,&quot;columns_mobile&quot;:&quot;1&quot;,&quot;edit_handle_selector&quot;:&quot;[data-elementor-type=\\&quot;loop-item\\&quot;]&quot;,&quot;row_gap&quot;:{&quot;unit&quot;:&quot;px&quot;,&quot;size&quot;:&quot;&quot;,&quot;sizes&quot;:[]},&quot;row_gap_laptop&quot;:{&quot;unit&quot;:&quot;px&quot;,&quot;size&quot;:&quot;&quot;,&quot;sizes&quot;:[]},&quot;row_gap_tablet&quot;:{&quot;unit&quot;:&quot;px&quot;,&quot;size&quot;:&quot;&quot;,&quot;sizes&quot;:[]},&quot;row_gap_mobile&quot;:{&quot;unit&quot;:&quot;px&quot;,&quot;size&quot;:&quot;&quot;,&quot;sizes&quot;:[]}}\" data-widget_type=\"loop-grid.post\">\n\t\t\t\t<div class=\"elementor-widget-container\">\n\t\t\t\t\t\t\t<div class=\"elementor-loop-container elementor-grid\" role=\"list\">\n\t\t<style id=\"loop-7473\">.elementor-7473 .elementor-element.elementor-element-3290ffc{--display:flex;--gap:10px 10px;--row-gap:10px;--column-gap:10px;}.elementor-7473 .elementor-element.elementor-element-3290ffc.e-con:hover{--e-con-transform-translateY:-6px;}.elementor-widget-image .widget-image-caption{font-family:var( --e-global-typography-text-font-family ), Sans-serif;font-weight:var( --e-global-typography-text-font-weight );}.elementor-7473 .elementor-element.elementor-element-b52c2bd > .elementor-widget-container{padding:0px 0px 0px 0px;border-style:solid;border-width:1px 1px 1px 1px;border-radius:10px 10px 10px 10px;}.elementor-7473 .elementor-element.elementor-element-b52c2bd img{width:100%;border-radius:10px 10px 10px 10px;}.elementor-widget-heading .elementor-heading-title{font-family:var( --e-global-typography-primary-font-family ), Sans-serif;font-weight:var( --e-global-typography-primary-font-weight );}.elementor-7473 .elementor-element.elementor-element-7492b3e > .elementor-widget-container{padding:5px 0px 5px 10px;border-style:solid;border-width:0px 0px 0px 2px;border-color:var( --e-global-color-accent );}.elementor-7473 .elementor-element.elementor-element-7492b3e .elementor-heading-title{font-family:\"SabonLTStd - Bold\", Sans-serif;font-size:16px;font-weight:700;text-transform:uppercase;line-height:17px;letter-spacing:0.2px;}@media(max-width:1366px){.elementor-7473 .elementor-element.elementor-element-b52c2bd > .elementor-widget-container{padding:0px 50px 0px 50px;}.elementor-7473 .elementor-element.elementor-element-b52c2bd img{height:150px;}.elementor-7473 .elementor-element.elementor-element-7492b3e .elementor-heading-title{font-size:17px;line-height:18px;}}@media(max-width:1024px){.elementor-7473 .elementor-element.elementor-element-7492b3e .elementor-heading-title{font-size:15px;line-height:16px;}}@media(max-width:767px){.elementor-7473 .elementor-element.elementor-element-b52c2bd > .elementor-widget-container{padding:0px 0px 0px 0px;}.elementor-7473 .elementor-element.elementor-element-b52c2bd img{width:100%;height:186px;object-fit:cover;object-position:center center;}.elementor-7473 .elementor-element.elementor-element-7492b3e .elementor-heading-title{font-size:16px;line-height:18px;}}<\/style>\t\t<div data-elementor-type=\"loop-item\" data-elementor-id=\"7473\" class=\"elementor elementor-7473 e-loop-item e-loop-item-10918 post-10918 post type-post status-publish format-standard has-post-thumbnail hentry category-galeria-e-videove tag-autoritetiidosjeve\" data-elementor-post-type=\"elementor_library\" data-custom-edit-handle=\"1\">\n\t\t\t<div class=\"elementor-element elementor-element-3290ffc e-con-full e-transform e-flex e-con e-child\" data-id=\"3290ffc\" data-element_type=\"container\" data-settings=\"{&quot;_transform_translateY_effect_hover&quot;:{&quot;unit&quot;:&quot;px&quot;,&quot;size&quot;:-6,&quot;sizes&quot;:[]},&quot;_transform_translateX_effect_hover&quot;:{&quot;unit&quot;:&quot;px&quot;,&quot;size&quot;:&quot;&quot;,&quot;sizes&quot;:[]},&quot;_transform_translateX_effect_hover_laptop&quot;:{&quot;unit&quot;:&quot;px&quot;,&quot;size&quot;:&quot;&quot;,&quot;sizes&quot;:[]},&quot;_transform_translateX_effect_hover_tablet&quot;:{&quot;unit&quot;:&quot;px&quot;,&quot;size&quot;:&quot;&quot;,&quot;sizes&quot;:[]},&quot;_transform_translateX_effect_hover_mobile&quot;:{&quot;unit&quot;:&quot;px&quot;,&quot;size&quot;:&quot;&quot;,&quot;sizes&quot;:[]},&quot;_transform_translateY_effect_hover_laptop&quot;:{&quot;unit&quot;:&quot;px&quot;,&quot;size&quot;:&quot;&quot;,&quot;sizes&quot;:[]},&quot;_transform_translateY_effect_hover_tablet&quot;:{&quot;unit&quot;:&quot;px&quot;,&quot;size&quot;:&quot;&quot;,&quot;sizes&quot;:[]},&quot;_transform_translateY_effect_hover_mobile&quot;:{&quot;unit&quot;:&quot;px&quot;,&quot;size&quot;:&quot;&quot;,&quot;sizes&quot;:[]}}\">\n\t\t\t\t<div class=\"elementor-element elementor-element-b52c2bd elementor-widget elementor-widget-image\" data-id=\"b52c2bd\" data-element_type=\"widget\" data-widget_type=\"image.default\">\n\t\t\t\t<div class=\"elementor-widget-container\">\n\t\t\t\t\t\t\t\t\t\t\t\t\t\t\t\t<a href=\"https:\/\/aidssh.al\/en\/ambient-ferri-per-femijet-e-grate-kampi-i-valiasit-plaga-e-hapur-e-diktatures-deshmi-dhe-dokumente\/\">\n\t\t\t\t\t\t\t<img fetchpriority=\"high\" decoding=\"async\" width=\"704\" height=\"376\" src=\"https:\/\/aidssh.al\/wp-content\/uploads\/2025\/11\/kampi.png\" class=\"attachment-full size-full wp-image-10920\" alt=\"\" srcset=\"https:\/\/aidssh.al\/wp-content\/uploads\/2025\/11\/kampi.png 704w, https:\/\/aidssh.al\/wp-content\/uploads\/2025\/11\/kampi-300x160.png 300w, https:\/\/aidssh.al\/wp-content\/uploads\/2025\/11\/kampi-18x10.png 18w\" sizes=\"(max-width: 704px) 100vw, 704px\" \/>\t\t\t\t\t\t\t\t<\/a>\n\t\t\t\t\t\t\t\t\t\t\t\t\t\t\t<\/div>\n\t\t\t\t<\/div>\n\t\t\t\t<div class=\"elementor-element elementor-element-7492b3e elementor-widget elementor-widget-heading\" data-id=\"7492b3e\" data-element_type=\"widget\" data-widget_type=\"heading.default\">\n\t\t\t\t<div class=\"elementor-widget-container\">\n\t\t\t\t\t<p class=\"elementor-heading-title elementor-size-default\"><a href=\"https:\/\/aidssh.al\/en\/ambient-ferri-per-femijet-e-grate-kampi-i-valiasit-plaga-e-hapur-e-diktatures-deshmi-dhe-dokumente\/\">Ambient ferri p\u00ebr f\u00ebmij\u00ebt e grat\u00eb\/ Kampi i Valiasit, plaga e hapur e diktatur\u00ebs, d\u00ebshmi dhe dokumente<\/a><\/p>\t\t\t\t<\/div>\n\t\t\t\t<\/div>\n\t\t\t\t<\/div>\n\t\t\t\t<\/div>\n\t\t\t\t<div data-elementor-type=\"loop-item\" data-elementor-id=\"7473\" class=\"elementor elementor-7473 e-loop-item e-loop-item-8119 post-8119 post type-post status-publish format-standard has-post-thumbnail hentry category-galeria-e-videove tag-autoritetiidosjeve tag-dosjahapur tag-kristocano tag-kujtesahistorike tag-mesojmengaekaluara tag-primetime tag-spac\" data-elementor-post-type=\"elementor_library\" data-custom-edit-handle=\"1\">\n\t\t\t<div class=\"elementor-element elementor-element-3290ffc e-con-full e-transform e-flex e-con e-child\" data-id=\"3290ffc\" data-element_type=\"container\" data-settings=\"{&quot;_transform_translateY_effect_hover&quot;:{&quot;unit&quot;:&quot;px&quot;,&quot;size&quot;:-6,&quot;sizes&quot;:[]},&quot;_transform_translateX_effect_hover&quot;:{&quot;unit&quot;:&quot;px&quot;,&quot;size&quot;:&quot;&quot;,&quot;sizes&quot;:[]},&quot;_transform_translateX_effect_hover_laptop&quot;:{&quot;unit&quot;:&quot;px&quot;,&quot;size&quot;:&quot;&quot;,&quot;sizes&quot;:[]},&quot;_transform_translateX_effect_hover_tablet&quot;:{&quot;unit&quot;:&quot;px&quot;,&quot;size&quot;:&quot;&quot;,&quot;sizes&quot;:[]},&quot;_transform_translateX_effect_hover_mobile&quot;:{&quot;unit&quot;:&quot;px&quot;,&quot;size&quot;:&quot;&quot;,&quot;sizes&quot;:[]},&quot;_transform_translateY_effect_hover_laptop&quot;:{&quot;unit&quot;:&quot;px&quot;,&quot;size&quot;:&quot;&quot;,&quot;sizes&quot;:[]},&quot;_transform_translateY_effect_hover_tablet&quot;:{&quot;unit&quot;:&quot;px&quot;,&quot;size&quot;:&quot;&quot;,&quot;sizes&quot;:[]},&quot;_transform_translateY_effect_hover_mobile&quot;:{&quot;unit&quot;:&quot;px&quot;,&quot;size&quot;:&quot;&quot;,&quot;sizes&quot;:[]}}\">\n\t\t\t\t<div class=\"elementor-element elementor-element-b52c2bd elementor-widget elementor-widget-image\" data-id=\"b52c2bd\" data-element_type=\"widget\" data-widget_type=\"image.default\">\n\t\t\t\t<div class=\"elementor-widget-container\">\n\t\t\t\t\t\t\t\t\t\t\t\t\t\t\t\t<a href=\"https:\/\/aidssh.al\/en\/jeta-e-te-tjereve-nje-dokumentar-i-jashtezakonshem-nga-prime-time\/\">\n\t\t\t\t\t\t\t<img decoding=\"async\" width=\"1200\" height=\"630\" src=\"https:\/\/aidssh.al\/wp-content\/uploads\/2025\/07\/prime_20.jpg\" class=\"attachment-full size-full wp-image-8121\" alt=\"\" srcset=\"https:\/\/aidssh.al\/wp-content\/uploads\/2025\/07\/prime_20.jpg 1200w, https:\/\/aidssh.al\/wp-content\/uploads\/2025\/07\/prime_20-300x158.jpg 300w, https:\/\/aidssh.al\/wp-content\/uploads\/2025\/07\/prime_20-1024x538.jpg 1024w, https:\/\/aidssh.al\/wp-content\/uploads\/2025\/07\/prime_20-768x403.jpg 768w, https:\/\/aidssh.al\/wp-content\/uploads\/2025\/07\/prime_20-18x9.jpg 18w\" sizes=\"(max-width: 1200px) 100vw, 1200px\" \/>\t\t\t\t\t\t\t\t<\/a>\n\t\t\t\t\t\t\t\t\t\t\t\t\t\t\t<\/div>\n\t\t\t\t<\/div>\n\t\t\t\t<div class=\"elementor-element elementor-element-7492b3e elementor-widget elementor-widget-heading\" data-id=\"7492b3e\" data-element_type=\"widget\" data-widget_type=\"heading.default\">\n\t\t\t\t<div class=\"elementor-widget-container\">\n\t\t\t\t\t<p class=\"elementor-heading-title elementor-size-default\"><a href=\"https:\/\/aidssh.al\/en\/jeta-e-te-tjereve-nje-dokumentar-i-jashtezakonshem-nga-prime-time\/\">&#8220;Jeta e t\u00eb tjer\u00ebve&#8221; \u2013 nj\u00eb dokumentar i jasht\u00ebzakonsh\u00ebm nga Prime Time<\/a><\/p>\t\t\t\t<\/div>\n\t\t\t\t<\/div>\n\t\t\t\t<\/div>\n\t\t\t\t<\/div>\n\t\t\t\t<div data-elementor-type=\"loop-item\" data-elementor-id=\"7473\" class=\"elementor elementor-7473 e-loop-item e-loop-item-8103 post-8103 post type-post status-publish format-standard has-post-thumbnail hentry category-galeria-e-videove\" data-elementor-post-type=\"elementor_library\" data-custom-edit-handle=\"1\">\n\t\t\t<div class=\"elementor-element elementor-element-3290ffc e-con-full e-transform e-flex e-con e-child\" data-id=\"3290ffc\" data-element_type=\"container\" data-settings=\"{&quot;_transform_translateY_effect_hover&quot;:{&quot;unit&quot;:&quot;px&quot;,&quot;size&quot;:-6,&quot;sizes&quot;:[]},&quot;_transform_translateX_effect_hover&quot;:{&quot;unit&quot;:&quot;px&quot;,&quot;size&quot;:&quot;&quot;,&quot;sizes&quot;:[]},&quot;_transform_translateX_effect_hover_laptop&quot;:{&quot;unit&quot;:&quot;px&quot;,&quot;size&quot;:&quot;&quot;,&quot;sizes&quot;:[]},&quot;_transform_translateX_effect_hover_tablet&quot;:{&quot;unit&quot;:&quot;px&quot;,&quot;size&quot;:&quot;&quot;,&quot;sizes&quot;:[]},&quot;_transform_translateX_effect_hover_mobile&quot;:{&quot;unit&quot;:&quot;px&quot;,&quot;size&quot;:&quot;&quot;,&quot;sizes&quot;:[]},&quot;_transform_translateY_effect_hover_laptop&quot;:{&quot;unit&quot;:&quot;px&quot;,&quot;size&quot;:&quot;&quot;,&quot;sizes&quot;:[]},&quot;_transform_translateY_effect_hover_tablet&quot;:{&quot;unit&quot;:&quot;px&quot;,&quot;size&quot;:&quot;&quot;,&quot;sizes&quot;:[]},&quot;_transform_translateY_effect_hover_mobile&quot;:{&quot;unit&quot;:&quot;px&quot;,&quot;size&quot;:&quot;&quot;,&quot;sizes&quot;:[]}}\">\n\t\t\t\t<div class=\"elementor-element elementor-element-b52c2bd elementor-widget elementor-widget-image\" data-id=\"b52c2bd\" data-element_type=\"widget\" data-widget_type=\"image.default\">\n\t\t\t\t<div class=\"elementor-widget-container\">\n\t\t\t\t\t\t\t\t\t\t\t\t\t\t\t\t<a href=\"https:\/\/aidssh.al\/en\/spaci-ne-kujtesen-digjitale-nje-platforme-digjitale-dedikuar-se-vertetes\/\">\n\t\t\t\t\t\t\t<img decoding=\"async\" width=\"1280\" height=\"720\" src=\"https:\/\/aidssh.al\/wp-content\/uploads\/2025\/07\/axGJsYkOon4-HD.jpg\" class=\"attachment-full size-full wp-image-8105\" alt=\"\" srcset=\"https:\/\/aidssh.al\/wp-content\/uploads\/2025\/07\/axGJsYkOon4-HD.jpg 1280w, https:\/\/aidssh.al\/wp-content\/uploads\/2025\/07\/axGJsYkOon4-HD-300x169.jpg 300w, https:\/\/aidssh.al\/wp-content\/uploads\/2025\/07\/axGJsYkOon4-HD-1024x576.jpg 1024w, https:\/\/aidssh.al\/wp-content\/uploads\/2025\/07\/axGJsYkOon4-HD-768x432.jpg 768w, https:\/\/aidssh.al\/wp-content\/uploads\/2025\/07\/axGJsYkOon4-HD-18x10.jpg 18w\" sizes=\"(max-width: 1280px) 100vw, 1280px\" \/>\t\t\t\t\t\t\t\t<\/a>\n\t\t\t\t\t\t\t\t\t\t\t\t\t\t\t<\/div>\n\t\t\t\t<\/div>\n\t\t\t\t<div class=\"elementor-element elementor-element-7492b3e elementor-widget elementor-widget-heading\" data-id=\"7492b3e\" data-element_type=\"widget\" data-widget_type=\"heading.default\">\n\t\t\t\t<div class=\"elementor-widget-container\">\n\t\t\t\t\t<p class=\"elementor-heading-title elementor-size-default\"><a href=\"https:\/\/aidssh.al\/en\/spaci-ne-kujtesen-digjitale-nje-platforme-digjitale-dedikuar-se-vertetes\/\">&#8216;Spa\u00e7i n\u00eb kujtes\u00ebn digjitale&#8217;, nj\u00eb platform\u00eb digjitale dedikuar s\u00eb v\u00ebrtet\u00ebs<\/a><\/p>\t\t\t\t<\/div>\n\t\t\t\t<\/div>\n\t\t\t\t<\/div>\n\t\t\t\t<\/div>\n\t\t\t\t<div data-elementor-type=\"loop-item\" data-elementor-id=\"7473\" class=\"elementor elementor-7473 e-loop-item e-loop-item-8099 post-8099 post type-post status-publish format-standard has-post-thumbnail hentry category-galeria-e-videove tag-arkivaaidsh tag-mesojmengaekaluara tag-spacal\" data-elementor-post-type=\"elementor_library\" data-custom-edit-handle=\"1\">\n\t\t\t<div class=\"elementor-element elementor-element-3290ffc e-con-full e-transform e-flex e-con e-child\" data-id=\"3290ffc\" data-element_type=\"container\" data-settings=\"{&quot;_transform_translateY_effect_hover&quot;:{&quot;unit&quot;:&quot;px&quot;,&quot;size&quot;:-6,&quot;sizes&quot;:[]},&quot;_transform_translateX_effect_hover&quot;:{&quot;unit&quot;:&quot;px&quot;,&quot;size&quot;:&quot;&quot;,&quot;sizes&quot;:[]},&quot;_transform_translateX_effect_hover_laptop&quot;:{&quot;unit&quot;:&quot;px&quot;,&quot;size&quot;:&quot;&quot;,&quot;sizes&quot;:[]},&quot;_transform_translateX_effect_hover_tablet&quot;:{&quot;unit&quot;:&quot;px&quot;,&quot;size&quot;:&quot;&quot;,&quot;sizes&quot;:[]},&quot;_transform_translateX_effect_hover_mobile&quot;:{&quot;unit&quot;:&quot;px&quot;,&quot;size&quot;:&quot;&quot;,&quot;sizes&quot;:[]},&quot;_transform_translateY_effect_hover_laptop&quot;:{&quot;unit&quot;:&quot;px&quot;,&quot;size&quot;:&quot;&quot;,&quot;sizes&quot;:[]},&quot;_transform_translateY_effect_hover_tablet&quot;:{&quot;unit&quot;:&quot;px&quot;,&quot;size&quot;:&quot;&quot;,&quot;sizes&quot;:[]},&quot;_transform_translateY_effect_hover_mobile&quot;:{&quot;unit&quot;:&quot;px&quot;,&quot;size&quot;:&quot;&quot;,&quot;sizes&quot;:[]}}\">\n\t\t\t\t<div class=\"elementor-element elementor-element-b52c2bd elementor-widget elementor-widget-image\" data-id=\"b52c2bd\" data-element_type=\"widget\" data-widget_type=\"image.default\">\n\t\t\t\t<div class=\"elementor-widget-container\">\n\t\t\t\t\t\t\t\t\t\t\t\t\t\t\t\t<a href=\"https:\/\/aidssh.al\/en\/spac-restaurim-mbi-kujtesen-apo-kujtese-ne-restaurim\/\">\n\t\t\t\t\t\t\t<img loading=\"lazy\" decoding=\"async\" width=\"1280\" height=\"720\" src=\"https:\/\/aidssh.al\/wp-content\/uploads\/2025\/07\/LsD5NRUpKwI-HD.jpg\" class=\"attachment-full size-full wp-image-8100\" alt=\"\" srcset=\"https:\/\/aidssh.al\/wp-content\/uploads\/2025\/07\/LsD5NRUpKwI-HD.jpg 1280w, https:\/\/aidssh.al\/wp-content\/uploads\/2025\/07\/LsD5NRUpKwI-HD-300x169.jpg 300w, https:\/\/aidssh.al\/wp-content\/uploads\/2025\/07\/LsD5NRUpKwI-HD-1024x576.jpg 1024w, https:\/\/aidssh.al\/wp-content\/uploads\/2025\/07\/LsD5NRUpKwI-HD-768x432.jpg 768w, https:\/\/aidssh.al\/wp-content\/uploads\/2025\/07\/LsD5NRUpKwI-HD-18x10.jpg 18w\" sizes=\"(max-width: 1280px) 100vw, 1280px\" \/>\t\t\t\t\t\t\t\t<\/a>\n\t\t\t\t\t\t\t\t\t\t\t\t\t\t\t<\/div>\n\t\t\t\t<\/div>\n\t\t\t\t<div class=\"elementor-element elementor-element-7492b3e elementor-widget elementor-widget-heading\" data-id=\"7492b3e\" data-element_type=\"widget\" data-widget_type=\"heading.default\">\n\t\t\t\t<div class=\"elementor-widget-container\">\n\t\t\t\t\t<p class=\"elementor-heading-title elementor-size-default\"><a href=\"https:\/\/aidssh.al\/en\/spac-restaurim-mbi-kujtesen-apo-kujtese-ne-restaurim\/\">Spa\u00e7, restaurim mbi kujtes\u00ebn apo kujtes\u00eb n\u00eb restaurim<\/a><\/p>\t\t\t\t<\/div>\n\t\t\t\t<\/div>\n\t\t\t\t<\/div>\n\t\t\t\t<\/div>\n\t\t\t\t<div data-elementor-type=\"loop-item\" data-elementor-id=\"7473\" class=\"elementor elementor-7473 e-loop-item e-loop-item-12012 post-12012 post type-post status-publish format-standard has-post-thumbnail hentry category-uncategorized category-galeria-e-videove\" data-elementor-post-type=\"elementor_library\" data-custom-edit-handle=\"1\">\n\t\t\t<div class=\"elementor-element elementor-element-3290ffc e-con-full e-transform e-flex e-con e-child\" data-id=\"3290ffc\" data-element_type=\"container\" data-settings=\"{&quot;_transform_translateY_effect_hover&quot;:{&quot;unit&quot;:&quot;px&quot;,&quot;size&quot;:-6,&quot;sizes&quot;:[]},&quot;_transform_translateX_effect_hover&quot;:{&quot;unit&quot;:&quot;px&quot;,&quot;size&quot;:&quot;&quot;,&quot;sizes&quot;:[]},&quot;_transform_translateX_effect_hover_laptop&quot;:{&quot;unit&quot;:&quot;px&quot;,&quot;size&quot;:&quot;&quot;,&quot;sizes&quot;:[]},&quot;_transform_translateX_effect_hover_tablet&quot;:{&quot;unit&quot;:&quot;px&quot;,&quot;size&quot;:&quot;&quot;,&quot;sizes&quot;:[]},&quot;_transform_translateX_effect_hover_mobile&quot;:{&quot;unit&quot;:&quot;px&quot;,&quot;size&quot;:&quot;&quot;,&quot;sizes&quot;:[]},&quot;_transform_translateY_effect_hover_laptop&quot;:{&quot;unit&quot;:&quot;px&quot;,&quot;size&quot;:&quot;&quot;,&quot;sizes&quot;:[]},&quot;_transform_translateY_effect_hover_tablet&quot;:{&quot;unit&quot;:&quot;px&quot;,&quot;size&quot;:&quot;&quot;,&quot;sizes&quot;:[]},&quot;_transform_translateY_effect_hover_mobile&quot;:{&quot;unit&quot;:&quot;px&quot;,&quot;size&quot;:&quot;&quot;,&quot;sizes&quot;:[]}}\">\n\t\t\t\t<div class=\"elementor-element elementor-element-b52c2bd elementor-widget elementor-widget-image\" data-id=\"b52c2bd\" data-element_type=\"widget\" data-widget_type=\"image.default\">\n\t\t\t\t<div class=\"elementor-widget-container\">\n\t\t\t\t\t\t\t\t\t\t\t\t\t\t\t\t<a href=\"https:\/\/aidssh.al\/en\/spaci-ne-kujtesen-digjitale-platforma-krijon-mundesi-per-tu-njohur-me-historine-e-kampit-famekeq\/\">\n\t\t\t\t\t\t\t<img loading=\"lazy\" decoding=\"async\" width=\"1208\" height=\"660\" src=\"https:\/\/aidssh.al\/wp-content\/uploads\/2026\/02\/Screenshot-2026-02-09-154613.jpg\" class=\"attachment-full size-full wp-image-12013\" alt=\"\" srcset=\"https:\/\/aidssh.al\/wp-content\/uploads\/2026\/02\/Screenshot-2026-02-09-154613.jpg 1208w, https:\/\/aidssh.al\/wp-content\/uploads\/2026\/02\/Screenshot-2026-02-09-154613-300x164.jpg 300w, https:\/\/aidssh.al\/wp-content\/uploads\/2026\/02\/Screenshot-2026-02-09-154613-1024x559.jpg 1024w, https:\/\/aidssh.al\/wp-content\/uploads\/2026\/02\/Screenshot-2026-02-09-154613-768x420.jpg 768w, https:\/\/aidssh.al\/wp-content\/uploads\/2026\/02\/Screenshot-2026-02-09-154613-18x10.jpg 18w\" sizes=\"(max-width: 1208px) 100vw, 1208px\" \/>\t\t\t\t\t\t\t\t<\/a>\n\t\t\t\t\t\t\t\t\t\t\t\t\t\t\t<\/div>\n\t\t\t\t<\/div>\n\t\t\t\t<div class=\"elementor-element elementor-element-7492b3e elementor-widget elementor-widget-heading\" data-id=\"7492b3e\" data-element_type=\"widget\" data-widget_type=\"heading.default\">\n\t\t\t\t<div class=\"elementor-widget-container\">\n\t\t\t\t\t<p class=\"elementor-heading-title elementor-size-default\"><a href=\"https:\/\/aidssh.al\/en\/spaci-ne-kujtesen-digjitale-platforma-krijon-mundesi-per-tu-njohur-me-historine-e-kampit-famekeq\/\">Spa\u00e7i n\u00eb kujtes\u00ebn digjitale, platforma krijon mund\u00ebsi p\u00ebr t\u2019u njohur me historin\u00eb e kampit fam\u00ebkeq<\/a><\/p>\t\t\t\t<\/div>\n\t\t\t\t<\/div>\n\t\t\t\t<\/div>\n\t\t\t\t<\/div>\n\t\t\t\t<div data-elementor-type=\"loop-item\" data-elementor-id=\"7473\" class=\"elementor elementor-7473 e-loop-item e-loop-item-12003 post-12003 post type-post status-publish format-standard has-post-thumbnail hentry category-uncategorized category-galeria-e-videove\" data-elementor-post-type=\"elementor_library\" data-custom-edit-handle=\"1\">\n\t\t\t<div class=\"elementor-element elementor-element-3290ffc e-con-full e-transform e-flex e-con e-child\" data-id=\"3290ffc\" data-element_type=\"container\" data-settings=\"{&quot;_transform_translateY_effect_hover&quot;:{&quot;unit&quot;:&quot;px&quot;,&quot;size&quot;:-6,&quot;sizes&quot;:[]},&quot;_transform_translateX_effect_hover&quot;:{&quot;unit&quot;:&quot;px&quot;,&quot;size&quot;:&quot;&quot;,&quot;sizes&quot;:[]},&quot;_transform_translateX_effect_hover_laptop&quot;:{&quot;unit&quot;:&quot;px&quot;,&quot;size&quot;:&quot;&quot;,&quot;sizes&quot;:[]},&quot;_transform_translateX_effect_hover_tablet&quot;:{&quot;unit&quot;:&quot;px&quot;,&quot;size&quot;:&quot;&quot;,&quot;sizes&quot;:[]},&quot;_transform_translateX_effect_hover_mobile&quot;:{&quot;unit&quot;:&quot;px&quot;,&quot;size&quot;:&quot;&quot;,&quot;sizes&quot;:[]},&quot;_transform_translateY_effect_hover_laptop&quot;:{&quot;unit&quot;:&quot;px&quot;,&quot;size&quot;:&quot;&quot;,&quot;sizes&quot;:[]},&quot;_transform_translateY_effect_hover_tablet&quot;:{&quot;unit&quot;:&quot;px&quot;,&quot;size&quot;:&quot;&quot;,&quot;sizes&quot;:[]},&quot;_transform_translateY_effect_hover_mobile&quot;:{&quot;unit&quot;:&quot;px&quot;,&quot;size&quot;:&quot;&quot;,&quot;sizes&quot;:[]}}\">\n\t\t\t\t<div class=\"elementor-element elementor-element-b52c2bd elementor-widget elementor-widget-image\" data-id=\"b52c2bd\" data-element_type=\"widget\" data-widget_type=\"image.default\">\n\t\t\t\t<div class=\"elementor-widget-container\">\n\t\t\t\t\t\t\t\t\t\t\t\t\t\t\t\t<a href=\"https:\/\/aidssh.al\/en\/38-spiune-te-enverit-ne-25-raste-u-kerkua-tu-jepej-tituj-nga-bashkite-partite-nuk-verifikojne-kandidatet\/\">\n\t\t\t\t\t\t\t<img loading=\"lazy\" decoding=\"async\" width=\"1001\" height=\"561\" src=\"https:\/\/aidssh.al\/wp-content\/uploads\/2025\/04\/ddd.jpg\" class=\"attachment-full size-full wp-image-12018\" alt=\"\" srcset=\"https:\/\/aidssh.al\/wp-content\/uploads\/2025\/04\/ddd.jpg 1001w, https:\/\/aidssh.al\/wp-content\/uploads\/2025\/04\/ddd-300x168.jpg 300w, https:\/\/aidssh.al\/wp-content\/uploads\/2025\/04\/ddd-768x430.jpg 768w, https:\/\/aidssh.al\/wp-content\/uploads\/2025\/04\/ddd-18x10.jpg 18w\" sizes=\"(max-width: 1001px) 100vw, 1001px\" \/>\t\t\t\t\t\t\t\t<\/a>\n\t\t\t\t\t\t\t\t\t\t\t\t\t\t\t<\/div>\n\t\t\t\t<\/div>\n\t\t\t\t<div class=\"elementor-element elementor-element-7492b3e elementor-widget elementor-widget-heading\" data-id=\"7492b3e\" data-element_type=\"widget\" data-widget_type=\"heading.default\">\n\t\t\t\t<div class=\"elementor-widget-container\">\n\t\t\t\t\t<p class=\"elementor-heading-title elementor-size-default\"><a href=\"https:\/\/aidssh.al\/en\/38-spiune-te-enverit-ne-25-raste-u-kerkua-tu-jepej-tituj-nga-bashkite-partite-nuk-verifikojne-kandidatet\/\">38 SPIUN\u00cb T\u00cb ENVERIT! N\u00eb 25 raste u k\u00ebrkua t\u2019u jepej tituj nga bashkit\u00eb! Partit\u00eb nuk verifikojn\u00eb kandidat\u00ebt<\/a><\/p>\t\t\t\t<\/div>\n\t\t\t\t<\/div>\n\t\t\t\t<\/div>\n\t\t\t\t<\/div>\n\t\t\t\t<\/div>\n\t\t\n\t\t\t\t\t\t<\/div>\n\t\t\t\t<\/div>\n\t\t\t\t\t<\/div>\n\t\t\t\t<\/div>\n\t\t\t\t<\/div>","protected":false},"excerpt":{"rendered":"","protected":false},"author":1,"featured_media":6852,"parent":779,"menu_order":0,"comment_status":"closed","ping_status":"closed","template":"","meta":{"_acf_changed":false,"footnotes":""},"class_list":["post-8089","page","type-page","status-publish","has-post-thumbnail","hentry"],"acf":[],"_links":{"self":[{"href":"https:\/\/aidssh.al\/en\/wp-json\/wp\/v2\/pages\/8089","targetHints":{"allow":["GET"]}}],"collection":[{"href":"https:\/\/aidssh.al\/en\/wp-json\/wp\/v2\/pages"}],"about":[{"href":"https:\/\/aidssh.al\/en\/wp-json\/wp\/v2\/types\/page"}],"author":[{"embeddable":true,"href":"https:\/\/aidssh.al\/en\/wp-json\/wp\/v2\/users\/1"}],"replies":[{"embeddable":true,"href":"https:\/\/aidssh.al\/en\/wp-json\/wp\/v2\/comments?post=8089"}],"version-history":[{"count":0,"href":"https:\/\/aidssh.al\/en\/wp-json\/wp\/v2\/pages\/8089\/revisions"}],"up":[{"embeddable":true,"href":"https:\/\/aidssh.al\/en\/wp-json\/wp\/v2\/pages\/779"}],"wp:featuredmedia":[{"embeddable":true,"href":"https:\/\/aidssh.al\/en\/wp-json\/wp\/v2\/media\/6852"}],"wp:attachment":[{"href":"https:\/\/aidssh.al\/en\/wp-json\/wp\/v2\/media?parent=8089"}],"curies":[{"name":"wp","href":"https:\/\/api.w.org\/{rel}","templated":true}]}}