{"id":9061,"date":"2025-07-29T13:18:58","date_gmt":"2025-07-29T11:18:58","guid":{"rendered":"https:\/\/aidssh.instant.al\/?page_id=9061"},"modified":"2025-07-30T10:04:12","modified_gmt":"2025-07-30T08:04:12","slug":"leksione-te-hapura","status":"publish","type":"page","link":"https:\/\/aidssh.al\/en\/leksione-te-hapura\/","title":{"rendered":"Open Lectures"},"content":{"rendered":"<div data-elementor-type=\"wp-page\" data-elementor-id=\"9061\" class=\"elementor elementor-9061\" data-elementor-post-type=\"page\">\n\t\t\t\t<div class=\"elementor-element elementor-element-2d838f4 e-con-full e-flex e-con e-parent\" data-id=\"2d838f4\" data-element_type=\"container\">\n\t\t\t\t<div class=\"elementor-element elementor-element-ad1c93c elementor-widget elementor-widget-template\" data-id=\"ad1c93c\" data-element_type=\"widget\" data-widget_type=\"template.default\">\n\t\t\t\t<div class=\"elementor-widget-container\">\n\t\t\t\t\t\t\t<div class=\"elementor-template\">\n\t\t\t\t\t<div data-elementor-type=\"container\" data-elementor-id=\"866\" class=\"elementor elementor-866\" data-elementor-post-type=\"elementor_library\">\n\t\t\t\t<div class=\"elementor-element elementor-element-58c6923c e-flex e-con-boxed e-con e-parent\" data-id=\"58c6923c\" data-element_type=\"container\" data-settings=\"{&quot;background_background&quot;:&quot;classic&quot;}\">\n\t\t\t\t\t<div class=\"e-con-inner\">\n\t\t\t\t<div class=\"elementor-element elementor-element-3356bc54 elementor-widget elementor-widget-heading\" data-id=\"3356bc54\" data-element_type=\"widget\" data-widget_type=\"heading.default\">\n\t\t\t\t<div class=\"elementor-widget-container\">\n\t\t\t\t\t<h1 class=\"elementor-heading-title elementor-size-default\">Open Lectures<\/h1>\t\t\t\t<\/div>\n\t\t\t\t<\/div>\n\t\t\t\t\t<\/div>\n\t\t\t\t<\/div>\n\t\t\t\t<\/div>\n\t\t\t\t<\/div>\n\t\t\t\t\t\t<\/div>\n\t\t\t\t<\/div>\n\t\t\t\t<\/div>\n\t\t<div class=\"elementor-element elementor-element-715613b e-flex e-con-boxed e-con e-parent\" data-id=\"715613b\" data-element_type=\"container\">\n\t\t\t\t\t<div class=\"e-con-inner\">\n\t\t\t\t<div class=\"elementor-element elementor-element-becb12d elementor-grid-3 elementor-grid-tablet-2 elementor-grid-mobile-1 elementor-widget elementor-widget-loop-grid\" data-id=\"becb12d\" data-element_type=\"widget\" data-settings=\"{&quot;template_id&quot;:&quot;2115&quot;,&quot;columns&quot;:3,&quot;pagination_type&quot;:&quot;numbers&quot;,&quot;row_gap&quot;:{&quot;unit&quot;:&quot;px&quot;,&quot;size&quot;:20,&quot;sizes&quot;:[]},&quot;pagination_load_type&quot;:&quot;ajax&quot;,&quot;_skin&quot;:&quot;post&quot;,&quot;columns_tablet&quot;:&quot;2&quot;,&quot;columns_mobile&quot;:&quot;1&quot;,&quot;edit_handle_selector&quot;:&quot;[data-elementor-type=\\&quot;loop-item\\&quot;]&quot;,&quot;row_gap_laptop&quot;:{&quot;unit&quot;:&quot;px&quot;,&quot;size&quot;:&quot;&quot;,&quot;sizes&quot;:[]},&quot;row_gap_tablet&quot;:{&quot;unit&quot;:&quot;px&quot;,&quot;size&quot;:&quot;&quot;,&quot;sizes&quot;:[]},&quot;row_gap_mobile&quot;:{&quot;unit&quot;:&quot;px&quot;,&quot;size&quot;:&quot;&quot;,&quot;sizes&quot;:[]}}\" data-widget_type=\"loop-grid.post\">\n\t\t\t\t<div class=\"elementor-widget-container\">\n\t\t\t\t\t\t\t<div class=\"elementor-loop-container elementor-grid\" role=\"list\">\n\t\t<style id=\"loop-2115\">.elementor-2115 .elementor-element.elementor-element-1f27aab{--display:flex;--flex-direction:column;--container-widget-width:100%;--container-widget-height:initial;--container-widget-flex-grow:0;--container-widget-align-self:initial;--flex-wrap-mobile:wrap;--gap:10px 10px;--row-gap:10px;--column-gap:10px;}.elementor-2115 .elementor-element.elementor-element-1f27aab:not(.elementor-motion-effects-element-type-background), .elementor-2115 .elementor-element.elementor-element-1f27aab > .elementor-motion-effects-container > .elementor-motion-effects-layer{background-color:#F2F9FF;}.elementor-widget-theme-post-featured-image .widget-image-caption{font-family:var( --e-global-typography-text-font-family ), Sans-serif;font-weight:var( --e-global-typography-text-font-weight );}.elementor-2115 .elementor-element.elementor-element-72b3aa6 img{width:350px;height:220px;object-fit:cover;object-position:center center;}.elementor-widget-theme-post-title .elementor-heading-title{font-family:var( --e-global-typography-primary-font-family ), Sans-serif;font-weight:var( --e-global-typography-primary-font-weight );}.elementor-2115 .elementor-element.elementor-element-0adb9bb > .elementor-widget-container{padding:10px 0px 0px 0px;}.elementor-2115 .elementor-element.elementor-element-0adb9bb .elementor-heading-title{font-family:\"Proxima Nova Bold\", Sans-serif;font-size:16px;font-weight:700;line-height:17px;letter-spacing:0.2px;}.elementor-widget-divider .elementor-divider__text{font-family:var( --e-global-typography-secondary-font-family ), Sans-serif;font-weight:var( --e-global-typography-secondary-font-weight );}.elementor-2115 .elementor-element.elementor-element-f71b85a{--divider-border-style:solid;--divider-color:var( --e-global-color-primary );--divider-border-width:1px;}.elementor-2115 .elementor-element.elementor-element-f71b85a .elementor-divider-separator{width:100%;}.elementor-2115 .elementor-element.elementor-element-f71b85a .elementor-divider{padding-block-start:2px;padding-block-end:2px;}.elementor-widget-theme-post-excerpt .elementor-widget-container{font-family:var( --e-global-typography-text-font-family ), Sans-serif;font-weight:var( --e-global-typography-text-font-weight );}.elementor-2115 .elementor-element.elementor-element-4fe92ca > .elementor-widget-container{margin:0px 0px -20px 0px;}.elementor-2115 .elementor-element.elementor-element-4fe92ca.elementor-element{--flex-grow:1;--flex-shrink:0;}.elementor-widget-button .elementor-button{font-family:var( --e-global-typography-accent-font-family ), Sans-serif;font-weight:var( --e-global-typography-accent-font-weight );}.elementor-2115 .elementor-element.elementor-element-6b9be01 .elementor-button:hover, .elementor-2115 .elementor-element.elementor-element-6b9be01 .elementor-button:focus{background-color:var( --e-global-color-accent );color:var( --e-global-color-9fca721 );}.elementor-2115 .elementor-element.elementor-element-6b9be01 .elementor-button:hover svg, .elementor-2115 .elementor-element.elementor-element-6b9be01 .elementor-button:focus svg{fill:var( --e-global-color-9fca721 );}@media(max-width:1366px){.elementor-2115 .elementor-element.elementor-element-72b3aa6 img{height:200px;}.elementor-2115 .elementor-element.elementor-element-0adb9bb .elementor-heading-title{font-size:17px;line-height:18px;}}@media(max-width:1024px){.elementor-2115 .elementor-element.elementor-element-0adb9bb .elementor-heading-title{font-size:15px;line-height:16px;}}@media(max-width:767px){.elementor-2115 .elementor-element.elementor-element-72b3aa6 img{width:350px;}.elementor-2115 .elementor-element.elementor-element-0adb9bb .elementor-heading-title{font-size:16px;line-height:18px;}}<\/style>\t\t<div data-elementor-type=\"loop-item\" data-elementor-id=\"2115\" class=\"elementor elementor-2115 e-loop-item e-loop-item-9066 post-9066 post type-post status-publish format-standard has-post-thumbnail hentry category-uncategorized category-leksione-te-hapura\" data-elementor-post-type=\"elementor_library\" data-custom-edit-handle=\"1\">\n\t\t\t<div class=\"elementor-element elementor-element-1f27aab e-flex e-con-boxed e-con e-parent\" data-id=\"1f27aab\" data-element_type=\"container\" data-settings=\"{&quot;background_background&quot;:&quot;classic&quot;}\">\n\t\t\t\t\t<div class=\"e-con-inner\">\n\t\t\t\t<div class=\"elementor-element elementor-element-72b3aa6 elementor-widget elementor-widget-theme-post-featured-image elementor-widget-image\" data-id=\"72b3aa6\" data-element_type=\"widget\" data-widget_type=\"theme-post-featured-image.default\">\n\t\t\t\t<div class=\"elementor-widget-container\">\n\t\t\t\t\t\t\t\t\t\t\t\t\t\t\t<img fetchpriority=\"high\" decoding=\"async\" width=\"2048\" height=\"1365\" src=\"https:\/\/aidssh.al\/wp-content\/uploads\/2025\/07\/Borxhet-e-Shqiperise-komuniste-Prof.-Asoc.-Dr.-Gjon-Borici-ligjerate-te-hapur-2.jpg\" class=\"attachment-full size-full wp-image-9068\" alt=\"\" srcset=\"https:\/\/aidssh.al\/wp-content\/uploads\/2025\/07\/Borxhet-e-Shqiperise-komuniste-Prof.-Asoc.-Dr.-Gjon-Borici-ligjerate-te-hapur-2.jpg 2048w, https:\/\/aidssh.al\/wp-content\/uploads\/2025\/07\/Borxhet-e-Shqiperise-komuniste-Prof.-Asoc.-Dr.-Gjon-Borici-ligjerate-te-hapur-2-300x200.jpg 300w, https:\/\/aidssh.al\/wp-content\/uploads\/2025\/07\/Borxhet-e-Shqiperise-komuniste-Prof.-Asoc.-Dr.-Gjon-Borici-ligjerate-te-hapur-2-1024x683.jpg 1024w, https:\/\/aidssh.al\/wp-content\/uploads\/2025\/07\/Borxhet-e-Shqiperise-komuniste-Prof.-Asoc.-Dr.-Gjon-Borici-ligjerate-te-hapur-2-768x512.jpg 768w, https:\/\/aidssh.al\/wp-content\/uploads\/2025\/07\/Borxhet-e-Shqiperise-komuniste-Prof.-Asoc.-Dr.-Gjon-Borici-ligjerate-te-hapur-2-1536x1024.jpg 1536w, https:\/\/aidssh.al\/wp-content\/uploads\/2025\/07\/Borxhet-e-Shqiperise-komuniste-Prof.-Asoc.-Dr.-Gjon-Borici-ligjerate-te-hapur-2-18x12.jpg 18w\" sizes=\"(max-width: 2048px) 100vw, 2048px\" \/>\t\t\t\t\t\t\t\t\t\t\t\t\t\t\t<\/div>\n\t\t\t\t<\/div>\n\t\t\t\t<div class=\"elementor-element elementor-element-0adb9bb elementor-widget elementor-widget-theme-post-title elementor-page-title elementor-widget-heading\" data-id=\"0adb9bb\" data-element_type=\"widget\" data-widget_type=\"theme-post-title.default\">\n\t\t\t\t<div class=\"elementor-widget-container\">\n\t\t\t\t\t<h2 class=\"elementor-heading-title elementor-size-default\"><a href=\"https:\/\/aidssh.al\/en\/borxhet-e-shqiperise-komuniste-prof-asoc-dr-gjon-borici-ligjerate-te-hapur\/\">\u201cThe Debts of Communist Albania,\u201d an open lecture by Associate Professor Dr. Gjon Bori\u00e7i<\/a><\/h2>\t\t\t\t<\/div>\n\t\t\t\t<\/div>\n\t\t\t\t<div class=\"elementor-element elementor-element-f71b85a elementor-widget-divider--view-line elementor-widget elementor-widget-divider\" data-id=\"f71b85a\" data-element_type=\"widget\" data-widget_type=\"divider.default\">\n\t\t\t\t<div class=\"elementor-widget-container\">\n\t\t\t\t\t\t\t<div class=\"elementor-divider\">\n\t\t\t<span class=\"elementor-divider-separator\">\n\t\t\t\t\t\t<\/span>\n\t\t<\/div>\n\t\t\t\t\t\t<\/div>\n\t\t\t\t<\/div>\n\t\t\t\t<div class=\"elementor-element elementor-element-4fe92ca elementor-widget elementor-widget-theme-post-excerpt\" data-id=\"4fe92ca\" data-element_type=\"widget\" data-widget_type=\"theme-post-excerpt.default\">\n\t\t\t\t<div class=\"elementor-widget-container\">\n\t\t\t\t\t<p>P\u00ebr t\u00eb lar\u00eb borxhet shteti u mori njer\u00ebzve edhe unazat e martes\u00ebsSot n\u00eb AIDSSH Prof. Asoc. Dr. Gjon Bori\u00e7i mbajti\t\t\t\t<\/div>\n\t\t\t\t<\/div>\n\t\t\t\t<div class=\"elementor-element elementor-element-6b9be01 elementor-widget elementor-widget-button\" data-id=\"6b9be01\" data-element_type=\"widget\" data-widget_type=\"button.default\">\n\t\t\t\t<div class=\"elementor-widget-container\">\n\t\t\t\t\t\t\t\t\t<div class=\"elementor-button-wrapper\">\n\t\t\t\t\t<a class=\"elementor-button elementor-button-link elementor-size-sm\" href=\"https:\/\/aidssh.al\/en\/borxhet-e-shqiperise-komuniste-prof-asoc-dr-gjon-borici-ligjerate-te-hapur\/\">\n\t\t\t\t\t\t<span class=\"elementor-button-content-wrapper\">\n\t\t\t\t\t\t\t\t\t<span class=\"elementor-button-text\">Read more<\/span>\n\t\t\t\t\t<\/span>\n\t\t\t\t\t<\/a>\n\t\t\t\t<\/div>\n\t\t\t\t\t\t\t\t<\/div>\n\t\t\t\t<\/div>\n\t\t\t\t\t<\/div>\n\t\t\t\t<\/div>\n\t\t\t\t<\/div>\n\t\t\t\t<\/div>\n\t\t\n\t\t\t\t\t\t<\/div>\n\t\t\t\t<\/div>\n\t\t\t\t\t<\/div>\n\t\t\t\t<\/div>\n\t\t\t\t<\/div>","protected":false},"excerpt":{"rendered":"","protected":false},"author":1,"featured_media":533,"parent":0,"menu_order":0,"comment_status":"closed","ping_status":"closed","template":"","meta":{"_acf_changed":false,"footnotes":""},"class_list":["post-9061","page","type-page","status-publish","has-post-thumbnail","hentry"],"acf":[],"_links":{"self":[{"href":"https:\/\/aidssh.al\/en\/wp-json\/wp\/v2\/pages\/9061","targetHints":{"allow":["GET"]}}],"collection":[{"href":"https:\/\/aidssh.al\/en\/wp-json\/wp\/v2\/pages"}],"about":[{"href":"https:\/\/aidssh.al\/en\/wp-json\/wp\/v2\/types\/page"}],"author":[{"embeddable":true,"href":"https:\/\/aidssh.al\/en\/wp-json\/wp\/v2\/users\/1"}],"replies":[{"embeddable":true,"href":"https:\/\/aidssh.al\/en\/wp-json\/wp\/v2\/comments?post=9061"}],"version-history":[{"count":0,"href":"https:\/\/aidssh.al\/en\/wp-json\/wp\/v2\/pages\/9061\/revisions"}],"wp:featuredmedia":[{"embeddable":true,"href":"https:\/\/aidssh.al\/en\/wp-json\/wp\/v2\/media\/533"}],"wp:attachment":[{"href":"https:\/\/aidssh.al\/en\/wp-json\/wp\/v2\/media?parent=9061"}],"curies":[{"name":"wp","href":"https:\/\/api.w.org\/{rel}","templated":true}]}}