{"id":994,"date":"2025-06-17T10:10:51","date_gmt":"2025-06-17T08:10:51","guid":{"rendered":"https:\/\/aidssh.instant.al\/?page_id=994"},"modified":"2025-09-12T10:30:57","modified_gmt":"2025-09-12T08:30:57","slug":"ne-fokus","status":"publish","type":"page","link":"https:\/\/aidssh.al\/en\/ne-fokus\/","title":{"rendered":"N\u00eb fokus"},"content":{"rendered":"<div data-elementor-type=\"wp-page\" data-elementor-id=\"994\" class=\"elementor elementor-994\" data-elementor-post-type=\"page\">\n\t\t\t\t<div class=\"elementor-element elementor-element-2d838f4 e-con-full e-flex e-con e-parent\" data-id=\"2d838f4\" data-element_type=\"container\">\n\t\t\t\t<div class=\"elementor-element elementor-element-ad1c93c elementor-widget elementor-widget-template\" data-id=\"ad1c93c\" data-element_type=\"widget\" data-widget_type=\"template.default\">\n\t\t\t\t<div class=\"elementor-widget-container\">\n\t\t\t\t\t\t\t<div class=\"elementor-template\">\n\t\t\t\t\t<div data-elementor-type=\"container\" data-elementor-id=\"866\" class=\"elementor elementor-866\" data-elementor-post-type=\"elementor_library\">\n\t\t\t\t<div class=\"elementor-element elementor-element-58c6923c e-flex e-con-boxed e-con e-parent\" data-id=\"58c6923c\" data-element_type=\"container\" data-settings=\"{&quot;background_background&quot;:&quot;classic&quot;}\">\n\t\t\t\t\t<div class=\"e-con-inner\">\n\t\t\t\t<div class=\"elementor-element elementor-element-3356bc54 elementor-widget elementor-widget-heading\" data-id=\"3356bc54\" data-element_type=\"widget\" data-widget_type=\"heading.default\">\n\t\t\t\t<div class=\"elementor-widget-container\">\n\t\t\t\t\t<h1 class=\"elementor-heading-title elementor-size-default\">N\u00eb fokus<\/h1>\t\t\t\t<\/div>\n\t\t\t\t<\/div>\n\t\t\t\t\t<\/div>\n\t\t\t\t<\/div>\n\t\t\t\t<\/div>\n\t\t\t\t<\/div>\n\t\t\t\t\t\t<\/div>\n\t\t\t\t<\/div>\n\t\t\t\t<\/div>\n\t\t<div class=\"elementor-element elementor-element-715613b e-flex e-con-boxed e-con e-parent\" data-id=\"715613b\" data-element_type=\"container\">\n\t\t\t\t\t<div class=\"e-con-inner\">\n\t\t<div class=\"elementor-element elementor-element-337e658 e-grid e-con-full elementor-invisible e-con e-child\" data-id=\"337e658\" data-element_type=\"container\" data-settings=\"{&quot;animation&quot;:&quot;fadeInUp&quot;}\">\n\t\t<a class=\"elementor-element elementor-element-9974d1e e-con-full e-flex e-con e-child\" data-id=\"9974d1e\" data-element_type=\"container\" href=\"\/en\/legjislacioni-autoriteti\/\">\n\t\t\t\t<div class=\"elementor-element elementor-element-d772799 blue-filter elementor-widget elementor-widget-image\" data-id=\"d772799\" data-element_type=\"widget\" data-widget_type=\"image.default\">\n\t\t\t\t<div class=\"elementor-widget-container\">\n\t\t\t\t\t\t\t\t\t\t\t\t\t\t\t<img fetchpriority=\"high\" decoding=\"async\" width=\"1600\" height=\"1066\" src=\"https:\/\/aidssh.al\/wp-content\/uploads\/2025\/07\/Baza-ligjore.png\" class=\"attachment-full size-full wp-image-6288\" alt=\"\" srcset=\"https:\/\/aidssh.al\/wp-content\/uploads\/2025\/07\/Baza-ligjore.png 1600w, https:\/\/aidssh.al\/wp-content\/uploads\/2025\/07\/Baza-ligjore-300x200.png 300w, https:\/\/aidssh.al\/wp-content\/uploads\/2025\/07\/Baza-ligjore-1024x682.png 1024w, https:\/\/aidssh.al\/wp-content\/uploads\/2025\/07\/Baza-ligjore-768x512.png 768w, https:\/\/aidssh.al\/wp-content\/uploads\/2025\/07\/Baza-ligjore-1536x1023.png 1536w, https:\/\/aidssh.al\/wp-content\/uploads\/2025\/07\/Baza-ligjore-18x12.png 18w\" sizes=\"(max-width: 1600px) 100vw, 1600px\" \/>\t\t\t\t\t\t\t\t\t\t\t\t\t\t\t<\/div>\n\t\t\t\t<\/div>\n\t\t\t\t<div class=\"elementor-element elementor-element-57ccd23 elementor-widget__width-initial elementor-widget elementor-widget-heading\" data-id=\"57ccd23\" data-element_type=\"widget\" data-widget_type=\"heading.default\">\n\t\t\t\t<div class=\"elementor-widget-container\">\n\t\t\t\t\t<h3 class=\"elementor-heading-title elementor-size-default\">Legislation<\/h3>\t\t\t\t<\/div>\n\t\t\t\t<\/div>\n\t\t\t\t<\/a>\n\t\t<a class=\"elementor-element elementor-element-9e82cf1 e-con-full e-flex e-con e-child\" data-id=\"9e82cf1\" data-element_type=\"container\" href=\"https:\/\/aidssh.al\/en\/ne-fokus\/formularet-e-aplikimeve\/\">\n\t\t\t\t<div class=\"elementor-element elementor-element-af702ae blue-filter elementor-widget elementor-widget-image\" data-id=\"af702ae\" data-element_type=\"widget\" data-widget_type=\"image.default\">\n\t\t\t\t<div class=\"elementor-widget-container\">\n\t\t\t\t\t\t\t\t\t\t\t\t\t\t\t<img decoding=\"async\" width=\"1600\" height=\"573\" src=\"https:\/\/aidssh.al\/wp-content\/uploads\/2025\/07\/Formularet-e-aplikimveve-e1752661092736.jpeg\" class=\"attachment-full size-full wp-image-6114\" alt=\"\" srcset=\"https:\/\/aidssh.al\/wp-content\/uploads\/2025\/07\/Formularet-e-aplikimveve-e1752661092736.jpeg 1600w, https:\/\/aidssh.al\/wp-content\/uploads\/2025\/07\/Formularet-e-aplikimveve-e1752661092736-300x107.jpeg 300w, https:\/\/aidssh.al\/wp-content\/uploads\/2025\/07\/Formularet-e-aplikimveve-e1752661092736-1024x367.jpeg 1024w, https:\/\/aidssh.al\/wp-content\/uploads\/2025\/07\/Formularet-e-aplikimveve-e1752661092736-768x275.jpeg 768w, https:\/\/aidssh.al\/wp-content\/uploads\/2025\/07\/Formularet-e-aplikimveve-e1752661092736-1536x550.jpeg 1536w, https:\/\/aidssh.al\/wp-content\/uploads\/2025\/07\/Formularet-e-aplikimveve-e1752661092736-18x6.jpeg 18w\" sizes=\"(max-width: 1600px) 100vw, 1600px\" \/>\t\t\t\t\t\t\t\t\t\t\t\t\t\t\t<\/div>\n\t\t\t\t<\/div>\n\t\t\t\t<div class=\"elementor-element elementor-element-54c7acc elementor-widget__width-initial elementor-widget elementor-widget-heading\" data-id=\"54c7acc\" data-element_type=\"widget\" data-widget_type=\"heading.default\">\n\t\t\t\t<div class=\"elementor-widget-container\">\n\t\t\t\t\t<h3 class=\"elementor-heading-title elementor-size-default\">Application Forms<\/h3>\t\t\t\t<\/div>\n\t\t\t\t<\/div>\n\t\t\t\t<\/a>\n\t\t<a class=\"elementor-element elementor-element-57c46aa e-con-full e-flex e-con e-child\" data-id=\"57c46aa\" data-element_type=\"container\" href=\"https:\/\/aidssh.al\/en\/autoriteti\/vendime\/\">\n\t\t\t\t<div class=\"elementor-element elementor-element-f8fdf5f blue-filter elementor-widget elementor-widget-image\" data-id=\"f8fdf5f\" data-element_type=\"widget\" data-widget_type=\"image.default\">\n\t\t\t\t<div class=\"elementor-widget-container\">\n\t\t\t\t\t\t\t\t\t\t\t\t\t\t\t<img decoding=\"async\" width=\"1600\" height=\"1066\" src=\"https:\/\/aidssh.al\/wp-content\/uploads\/2025\/07\/Vendimet-e-autoritetit-img.png\" class=\"attachment-full size-full wp-image-6124\" alt=\"\" srcset=\"https:\/\/aidssh.al\/wp-content\/uploads\/2025\/07\/Vendimet-e-autoritetit-img.png 1600w, https:\/\/aidssh.al\/wp-content\/uploads\/2025\/07\/Vendimet-e-autoritetit-img-300x200.png 300w, https:\/\/aidssh.al\/wp-content\/uploads\/2025\/07\/Vendimet-e-autoritetit-img-1024x682.png 1024w, https:\/\/aidssh.al\/wp-content\/uploads\/2025\/07\/Vendimet-e-autoritetit-img-768x512.png 768w, https:\/\/aidssh.al\/wp-content\/uploads\/2025\/07\/Vendimet-e-autoritetit-img-1536x1023.png 1536w, https:\/\/aidssh.al\/wp-content\/uploads\/2025\/07\/Vendimet-e-autoritetit-img-18x12.png 18w\" sizes=\"(max-width: 1600px) 100vw, 1600px\" \/>\t\t\t\t\t\t\t\t\t\t\t\t\t\t\t<\/div>\n\t\t\t\t<\/div>\n\t\t\t\t<div class=\"elementor-element elementor-element-811d505 elementor-widget__width-initial elementor-widget elementor-widget-heading\" data-id=\"811d505\" data-element_type=\"widget\" data-widget_type=\"heading.default\">\n\t\t\t\t<div class=\"elementor-widget-container\">\n\t\t\t\t\t<h3 class=\"elementor-heading-title elementor-size-default\">Decisions of the Authority<\/h3>\t\t\t\t<\/div>\n\t\t\t\t<\/div>\n\t\t\t\t<\/a>\n\t\t<a class=\"elementor-element elementor-element-21529d1 e-con-full e-flex e-con e-child\" data-id=\"21529d1\" data-element_type=\"container\" href=\"https:\/\/aidssh.al\/en\/arkivi\/ekspozita-arkivore\/\">\n\t\t\t\t<div class=\"elementor-element elementor-element-8548e51 blue-filter elementor-widget elementor-widget-image\" data-id=\"8548e51\" data-element_type=\"widget\" data-widget_type=\"image.default\">\n\t\t\t\t<div class=\"elementor-widget-container\">\n\t\t\t\t\t\t\t\t\t\t\t\t\t\t\t<img loading=\"lazy\" decoding=\"async\" width=\"1600\" height=\"1066\" src=\"https:\/\/aidssh.al\/wp-content\/uploads\/2025\/07\/Ekspozita.jpeg\" class=\"attachment-full size-full wp-image-6368\" alt=\"\" srcset=\"https:\/\/aidssh.al\/wp-content\/uploads\/2025\/07\/Ekspozita.jpeg 1600w, https:\/\/aidssh.al\/wp-content\/uploads\/2025\/07\/Ekspozita-300x200.jpeg 300w, https:\/\/aidssh.al\/wp-content\/uploads\/2025\/07\/Ekspozita-1024x682.jpeg 1024w, https:\/\/aidssh.al\/wp-content\/uploads\/2025\/07\/Ekspozita-768x512.jpeg 768w, https:\/\/aidssh.al\/wp-content\/uploads\/2025\/07\/Ekspozita-1536x1023.jpeg 1536w, https:\/\/aidssh.al\/wp-content\/uploads\/2025\/07\/Ekspozita-18x12.jpeg 18w\" sizes=\"(max-width: 1600px) 100vw, 1600px\" \/>\t\t\t\t\t\t\t\t\t\t\t\t\t\t\t<\/div>\n\t\t\t\t<\/div>\n\t\t\t\t<div class=\"elementor-element elementor-element-ce9cdad elementor-widget__width-initial elementor-widget elementor-widget-heading\" data-id=\"ce9cdad\" data-element_type=\"widget\" data-widget_type=\"heading.default\">\n\t\t\t\t<div class=\"elementor-widget-container\">\n\t\t\t\t\t<h3 class=\"elementor-heading-title elementor-size-default\">Exhibitions<\/h3>\t\t\t\t<\/div>\n\t\t\t\t<\/div>\n\t\t\t\t<\/a>\n\t\t<a class=\"elementor-element elementor-element-f1fe6c7 e-con-full e-flex e-con e-child\" data-id=\"f1fe6c7\" data-element_type=\"container\" href=\"\/en\/qytetari\/deshmi-te-gjalla\/\">\n\t\t\t\t<div class=\"elementor-element elementor-element-9698d4c blue-filter elementor-widget elementor-widget-image\" data-id=\"9698d4c\" data-element_type=\"widget\" data-widget_type=\"image.default\">\n\t\t\t\t<div class=\"elementor-widget-container\">\n\t\t\t\t\t\t\t\t\t\t\t\t\t\t\t<img loading=\"lazy\" decoding=\"async\" width=\"2560\" height=\"1707\" src=\"https:\/\/aidssh.al\/wp-content\/uploads\/2025\/07\/4A3A9229-scaled.jpg\" class=\"attachment-full size-full wp-image-7622\" alt=\"\" srcset=\"https:\/\/aidssh.al\/wp-content\/uploads\/2025\/07\/4A3A9229-scaled.jpg 2560w, https:\/\/aidssh.al\/wp-content\/uploads\/2025\/07\/4A3A9229-300x200.jpg 300w, https:\/\/aidssh.al\/wp-content\/uploads\/2025\/07\/4A3A9229-1024x683.jpg 1024w, https:\/\/aidssh.al\/wp-content\/uploads\/2025\/07\/4A3A9229-768x512.jpg 768w, https:\/\/aidssh.al\/wp-content\/uploads\/2025\/07\/4A3A9229-1536x1024.jpg 1536w, https:\/\/aidssh.al\/wp-content\/uploads\/2025\/07\/4A3A9229-2048x1365.jpg 2048w, https:\/\/aidssh.al\/wp-content\/uploads\/2025\/07\/4A3A9229-18x12.jpg 18w\" sizes=\"(max-width: 2560px) 100vw, 2560px\" \/>\t\t\t\t\t\t\t\t\t\t\t\t\t\t\t<\/div>\n\t\t\t\t<\/div>\n\t\t\t\t<div class=\"elementor-element elementor-element-ad9a099 elementor-widget__width-initial elementor-widget elementor-widget-heading\" data-id=\"ad9a099\" data-element_type=\"widget\" data-widget_type=\"heading.default\">\n\t\t\t\t<div class=\"elementor-widget-container\">\n\t\t\t\t\t<h3 class=\"elementor-heading-title elementor-size-default\">Living testimonies<\/h3>\t\t\t\t<\/div>\n\t\t\t\t<\/div>\n\t\t\t\t<\/a>\n\t\t<a class=\"elementor-element elementor-element-f1f13d1 e-con-full e-flex e-con e-child\" data-id=\"f1f13d1\" data-element_type=\"container\" href=\"https:\/\/aidssh.al\/en\/arkivi\/deklasifikime\/\">\n\t\t\t\t<div class=\"elementor-element elementor-element-766370a blue-filter elementor-widget elementor-widget-image\" data-id=\"766370a\" data-element_type=\"widget\" data-widget_type=\"image.default\">\n\t\t\t\t<div class=\"elementor-widget-container\">\n\t\t\t\t\t\t\t\t\t\t\t\t\t\t\t<img loading=\"lazy\" decoding=\"async\" width=\"1600\" height=\"1066\" src=\"https:\/\/aidssh.al\/wp-content\/uploads\/2025\/07\/Deklasifikuar.jpeg\" class=\"attachment-full size-full wp-image-6840\" alt=\"Deklasifikime\" srcset=\"https:\/\/aidssh.al\/wp-content\/uploads\/2025\/07\/Deklasifikuar.jpeg 1600w, https:\/\/aidssh.al\/wp-content\/uploads\/2025\/07\/Deklasifikuar-300x200.jpeg 300w, https:\/\/aidssh.al\/wp-content\/uploads\/2025\/07\/Deklasifikuar-1024x682.jpeg 1024w, https:\/\/aidssh.al\/wp-content\/uploads\/2025\/07\/Deklasifikuar-768x512.jpeg 768w, https:\/\/aidssh.al\/wp-content\/uploads\/2025\/07\/Deklasifikuar-1536x1023.jpeg 1536w, https:\/\/aidssh.al\/wp-content\/uploads\/2025\/07\/Deklasifikuar-18x12.jpeg 18w\" sizes=\"(max-width: 1600px) 100vw, 1600px\" \/>\t\t\t\t\t\t\t\t\t\t\t\t\t\t\t<\/div>\n\t\t\t\t<\/div>\n\t\t\t\t<div class=\"elementor-element elementor-element-5580afa elementor-widget__width-initial elementor-widget elementor-widget-heading\" data-id=\"5580afa\" data-element_type=\"widget\" data-widget_type=\"heading.default\">\n\t\t\t\t<div class=\"elementor-widget-container\">\n\t\t\t\t\t<h3 class=\"elementor-heading-title elementor-size-default\">Declassifications<\/h3>\t\t\t\t<\/div>\n\t\t\t\t<\/div>\n\t\t\t\t<\/a>\n\t\t<a class=\"elementor-element elementor-element-74e8979 e-con-full e-flex e-con e-child\" data-id=\"74e8979\" data-element_type=\"container\" href=\"https:\/\/aidssh.al\/en\/studimi\/botime\/\">\n\t\t\t\t<div class=\"elementor-element elementor-element-893cc82 blue-filter elementor-widget elementor-widget-image\" data-id=\"893cc82\" data-element_type=\"widget\" data-widget_type=\"image.default\">\n\t\t\t\t<div class=\"elementor-widget-container\">\n\t\t\t\t\t\t\t\t\t\t\t\t\t\t\t<img loading=\"lazy\" decoding=\"async\" width=\"1600\" height=\"1066\" src=\"https:\/\/aidssh.al\/wp-content\/uploads\/2025\/07\/Botimet-ne-fokus.jpeg\" class=\"attachment-full size-full wp-image-6847\" alt=\"\" srcset=\"https:\/\/aidssh.al\/wp-content\/uploads\/2025\/07\/Botimet-ne-fokus.jpeg 1600w, https:\/\/aidssh.al\/wp-content\/uploads\/2025\/07\/Botimet-ne-fokus-300x200.jpeg 300w, https:\/\/aidssh.al\/wp-content\/uploads\/2025\/07\/Botimet-ne-fokus-1024x682.jpeg 1024w, https:\/\/aidssh.al\/wp-content\/uploads\/2025\/07\/Botimet-ne-fokus-768x512.jpeg 768w, https:\/\/aidssh.al\/wp-content\/uploads\/2025\/07\/Botimet-ne-fokus-1536x1023.jpeg 1536w, https:\/\/aidssh.al\/wp-content\/uploads\/2025\/07\/Botimet-ne-fokus-18x12.jpeg 18w\" sizes=\"(max-width: 1600px) 100vw, 1600px\" \/>\t\t\t\t\t\t\t\t\t\t\t\t\t\t\t<\/div>\n\t\t\t\t<\/div>\n\t\t\t\t<div class=\"elementor-element elementor-element-6adc532 elementor-widget__width-initial elementor-widget elementor-widget-heading\" data-id=\"6adc532\" data-element_type=\"widget\" data-widget_type=\"heading.default\">\n\t\t\t\t<div class=\"elementor-widget-container\">\n\t\t\t\t\t<h3 class=\"elementor-heading-title elementor-size-default\">Publications<\/h3>\t\t\t\t<\/div>\n\t\t\t\t<\/div>\n\t\t\t\t<\/a>\n\t\t<a class=\"elementor-element elementor-element-be1af7b e-con-full e-flex e-con e-child\" data-id=\"be1af7b\" data-element_type=\"container\" href=\"https:\/\/aidssh.al\/en\/autoriteti\/raport-vjetor\/\">\n\t\t\t\t<div class=\"elementor-element elementor-element-c5ffc8a blue-filter elementor-widget elementor-widget-image\" data-id=\"c5ffc8a\" data-element_type=\"widget\" data-widget_type=\"image.default\">\n\t\t\t\t<div class=\"elementor-widget-container\">\n\t\t\t\t\t\t\t\t\t\t\t\t\t\t\t<img loading=\"lazy\" decoding=\"async\" width=\"1600\" height=\"1066\" src=\"https:\/\/aidssh.al\/wp-content\/uploads\/2025\/07\/Raporte-Vjetore.png\" class=\"attachment-full size-full wp-image-6286\" alt=\"Raport Vjetor\" srcset=\"https:\/\/aidssh.al\/wp-content\/uploads\/2025\/07\/Raporte-Vjetore.png 1600w, https:\/\/aidssh.al\/wp-content\/uploads\/2025\/07\/Raporte-Vjetore-300x200.png 300w, https:\/\/aidssh.al\/wp-content\/uploads\/2025\/07\/Raporte-Vjetore-1024x682.png 1024w, https:\/\/aidssh.al\/wp-content\/uploads\/2025\/07\/Raporte-Vjetore-768x512.png 768w, https:\/\/aidssh.al\/wp-content\/uploads\/2025\/07\/Raporte-Vjetore-1536x1023.png 1536w, https:\/\/aidssh.al\/wp-content\/uploads\/2025\/07\/Raporte-Vjetore-18x12.png 18w\" sizes=\"(max-width: 1600px) 100vw, 1600px\" \/>\t\t\t\t\t\t\t\t\t\t\t\t\t\t\t<\/div>\n\t\t\t\t<\/div>\n\t\t\t\t<div class=\"elementor-element elementor-element-72f4601 elementor-widget__width-initial elementor-widget elementor-widget-heading\" data-id=\"72f4601\" data-element_type=\"widget\" data-widget_type=\"heading.default\">\n\t\t\t\t<div class=\"elementor-widget-container\">\n\t\t\t\t\t<h3 class=\"elementor-heading-title elementor-size-default\">Annual Reports<\/h3>\t\t\t\t<\/div>\n\t\t\t\t<\/div>\n\t\t\t\t<\/a>\n\t\t<a class=\"elementor-element elementor-element-cd7bb4e e-con-full e-flex e-con e-child\" data-id=\"cd7bb4e\" data-element_type=\"container\" href=\"https:\/\/aidssh.al\/en\/autoriteti\/buletine-periodike\/\">\n\t\t\t\t<div class=\"elementor-element elementor-element-6cf3934 blue-filter elementor-widget elementor-widget-image\" data-id=\"6cf3934\" data-element_type=\"widget\" data-widget_type=\"image.default\">\n\t\t\t\t<div class=\"elementor-widget-container\">\n\t\t\t\t\t\t\t\t\t\t\t\t\t\t\t<img loading=\"lazy\" decoding=\"async\" width=\"1600\" height=\"1066\" src=\"https:\/\/aidssh.al\/wp-content\/uploads\/2025\/07\/Buletine-periodike.png\" class=\"attachment-full size-full wp-image-6289\" alt=\"\" srcset=\"https:\/\/aidssh.al\/wp-content\/uploads\/2025\/07\/Buletine-periodike.png 1600w, https:\/\/aidssh.al\/wp-content\/uploads\/2025\/07\/Buletine-periodike-300x200.png 300w, https:\/\/aidssh.al\/wp-content\/uploads\/2025\/07\/Buletine-periodike-1024x682.png 1024w, https:\/\/aidssh.al\/wp-content\/uploads\/2025\/07\/Buletine-periodike-768x512.png 768w, https:\/\/aidssh.al\/wp-content\/uploads\/2025\/07\/Buletine-periodike-1536x1023.png 1536w, https:\/\/aidssh.al\/wp-content\/uploads\/2025\/07\/Buletine-periodike-18x12.png 18w\" sizes=\"(max-width: 1600px) 100vw, 1600px\" \/>\t\t\t\t\t\t\t\t\t\t\t\t\t\t\t<\/div>\n\t\t\t\t<\/div>\n\t\t\t\t<div class=\"elementor-element elementor-element-b03ebe2 elementor-widget__width-initial elementor-widget elementor-widget-heading\" data-id=\"b03ebe2\" data-element_type=\"widget\" data-widget_type=\"heading.default\">\n\t\t\t\t<div class=\"elementor-widget-container\">\n\t\t\t\t\t<h3 class=\"elementor-heading-title elementor-size-default\">Periodic bulletins<\/h3>\t\t\t\t<\/div>\n\t\t\t\t<\/div>\n\t\t\t\t<\/a>\n\t\t<a class=\"elementor-element elementor-element-356f26c e-con-full e-flex e-con e-child\" data-id=\"356f26c\" data-element_type=\"container\" href=\"https:\/\/klubilibrit2.wordpress.com\/\" target=\"_blank\" rel=\"noopener\">\n\t\t\t\t<div class=\"elementor-element elementor-element-cd4d7c3 blue-filter elementor-widget elementor-widget-image\" data-id=\"cd4d7c3\" data-element_type=\"widget\" data-widget_type=\"image.default\">\n\t\t\t\t<div class=\"elementor-widget-container\">\n\t\t\t\t\t\t\t\t\t\t\t\t\t\t\t<img loading=\"lazy\" decoding=\"async\" width=\"1280\" height=\"960\" src=\"https:\/\/aidssh.al\/wp-content\/uploads\/2025\/07\/Klubi-i-librit.jpeg\" class=\"attachment-full size-full wp-image-6287\" alt=\"\" srcset=\"https:\/\/aidssh.al\/wp-content\/uploads\/2025\/07\/Klubi-i-librit.jpeg 1280w, https:\/\/aidssh.al\/wp-content\/uploads\/2025\/07\/Klubi-i-librit-300x225.jpeg 300w, https:\/\/aidssh.al\/wp-content\/uploads\/2025\/07\/Klubi-i-librit-1024x768.jpeg 1024w, https:\/\/aidssh.al\/wp-content\/uploads\/2025\/07\/Klubi-i-librit-768x576.jpeg 768w, https:\/\/aidssh.al\/wp-content\/uploads\/2025\/07\/Klubi-i-librit-16x12.jpeg 16w\" sizes=\"(max-width: 1280px) 100vw, 1280px\" \/>\t\t\t\t\t\t\t\t\t\t\t\t\t\t\t<\/div>\n\t\t\t\t<\/div>\n\t\t\t\t<div class=\"elementor-element elementor-element-0247bff elementor-widget__width-initial elementor-widget elementor-widget-heading\" data-id=\"0247bff\" data-element_type=\"widget\" data-widget_type=\"heading.default\">\n\t\t\t\t<div class=\"elementor-widget-container\">\n\t\t\t\t\t<h3 class=\"elementor-heading-title elementor-size-default\">Book club<\/h3>\t\t\t\t<\/div>\n\t\t\t\t<\/div>\n\t\t\t\t<\/a>\n\t\t<a class=\"elementor-element elementor-element-5bef89d e-con-full e-flex e-con e-child\" data-id=\"5bef89d\" data-element_type=\"container\" href=\"https:\/\/aidssh.al\/en\/arkivi\/fonde-arkivore\/\">\n\t\t\t\t<div class=\"elementor-element elementor-element-7b2d592 blue-filter elementor-widget elementor-widget-image\" data-id=\"7b2d592\" data-element_type=\"widget\" data-widget_type=\"image.default\">\n\t\t\t\t<div class=\"elementor-widget-container\">\n\t\t\t\t\t\t\t\t\t\t\t\t\t\t\t<img loading=\"lazy\" decoding=\"async\" width=\"1280\" height=\"853\" src=\"https:\/\/aidssh.al\/wp-content\/uploads\/2025\/07\/Arkiva.jpeg\" class=\"attachment-full size-full wp-image-6354\" alt=\"\" srcset=\"https:\/\/aidssh.al\/wp-content\/uploads\/2025\/07\/Arkiva.jpeg 1280w, https:\/\/aidssh.al\/wp-content\/uploads\/2025\/07\/Arkiva-300x200.jpeg 300w, https:\/\/aidssh.al\/wp-content\/uploads\/2025\/07\/Arkiva-1024x682.jpeg 1024w, https:\/\/aidssh.al\/wp-content\/uploads\/2025\/07\/Arkiva-768x512.jpeg 768w, https:\/\/aidssh.al\/wp-content\/uploads\/2025\/07\/Arkiva-18x12.jpeg 18w\" sizes=\"(max-width: 1280px) 100vw, 1280px\" \/>\t\t\t\t\t\t\t\t\t\t\t\t\t\t\t<\/div>\n\t\t\t\t<\/div>\n\t\t\t\t<div class=\"elementor-element elementor-element-45ec02c elementor-widget__width-initial elementor-widget elementor-widget-heading\" data-id=\"45ec02c\" data-element_type=\"widget\" data-widget_type=\"heading.default\">\n\t\t\t\t<div class=\"elementor-widget-container\">\n\t\t\t\t\t<h3 class=\"elementor-heading-title elementor-size-default\">Arkiva<\/h3>\t\t\t\t<\/div>\n\t\t\t\t<\/div>\n\t\t\t\t<\/a>\n\t\t\t\t<\/div>\n\t\t\t\t\t<\/div>\n\t\t\t\t<\/div>\n\t\t\t\t<\/div>","protected":false},"excerpt":{"rendered":"<p>Legjislacioni Formular\u00ebt e aplikimeve Vendimet e Autoritetit Ekspozita D\u00ebshmi t\u00eb gjalla Deklasifikime Botime Raporte Vjetore Buletine periodike Klubi i librit Arkiva<\/p>","protected":false},"author":1,"featured_media":6852,"parent":0,"menu_order":0,"comment_status":"closed","ping_status":"closed","template":"","meta":{"_acf_changed":false,"footnotes":""},"class_list":["post-994","page","type-page","status-publish","has-post-thumbnail","hentry"],"acf":[],"_links":{"self":[{"href":"https:\/\/aidssh.al\/en\/wp-json\/wp\/v2\/pages\/994","targetHints":{"allow":["GET"]}}],"collection":[{"href":"https:\/\/aidssh.al\/en\/wp-json\/wp\/v2\/pages"}],"about":[{"href":"https:\/\/aidssh.al\/en\/wp-json\/wp\/v2\/types\/page"}],"author":[{"embeddable":true,"href":"https:\/\/aidssh.al\/en\/wp-json\/wp\/v2\/users\/1"}],"replies":[{"embeddable":true,"href":"https:\/\/aidssh.al\/en\/wp-json\/wp\/v2\/comments?post=994"}],"version-history":[{"count":0,"href":"https:\/\/aidssh.al\/en\/wp-json\/wp\/v2\/pages\/994\/revisions"}],"wp:featuredmedia":[{"embeddable":true,"href":"https:\/\/aidssh.al\/en\/wp-json\/wp\/v2\/media\/6852"}],"wp:attachment":[{"href":"https:\/\/aidssh.al\/en\/wp-json\/wp\/v2\/media?parent=994"}],"curies":[{"name":"wp","href":"https:\/\/api.w.org\/{rel}","templated":true}]}}